{"id":146855,"date":"2026-02-21T23:19:30","date_gmt":"2026-02-21T23:19:30","guid":{"rendered":"https:\/\/modesthanim.com\/product\/baskili-sweatshirt\/"},"modified":"2026-04-04T08:31:46","modified_gmt":"2026-04-04T08:31:46","slug":"baskili-sweatshirt","status":"publish","type":"product","link":"https:\/\/mod.wisdar.net\/tr\/urun\/baskili-sweatshirt\/","title":{"rendered":"Bask\u0131l\u0131 Sweatshirt"},"content":{"rendered":"<p>Bask\u0131l\u0131 ve i\u00e7i yumu\u015fak t\u00fcyl\u00fc sweatshirt kuma\u015ftan \u00fcst. Ribana \u015feritli yuvarlak yakal\u0131, hacimli uzun kollu. Man\u015fetleri ve etek ucu ribanal\u0131.<\/p>\n","protected":false},"excerpt":{"rendered":"<p>Bask\u0131l\u0131 ve i\u00e7i yumu\u015fak t\u00fcyl\u00fc sweatshirt kuma\u015ftan \u00fcst. Ribana \u015feritli yuvarlak yakal\u0131, hacimli uzun kollu. Man\u015fetleri ve etek ucu ribanal\u0131.<\/p>\n","protected":false},"featured_media":146853,"comment_status":"open","ping_status":"closed","template":"","meta":[],"product_brand":[],"product_cat":[8715,8694,8724],"product_tag":[7294,4905,7744],"class_list":{"0":"post-146855","1":"product","2":"type-product","3":"status-publish","4":"has-post-thumbnail","6":"product_cat-kiz-cocuklari-2-14-yas","7":"product_cat-cocuklar","8":"product_cat-tisortler-bluzlar","9":"product_tag-beyaz","10":"product_tag-blue","11":"product_tag-pembe","12":"pa_brand-hm","13":"pa_color-acik-gri-kircilli-lilostitch","14":"pa_size-110-116-4-6y","15":"pa_size-122-128-6-8y","16":"pa_size-134-140-8-10y","17":"pa_size-92-1-2y","18":"pa_size-98-104-2-4y","20":"first","21":"outofstock","22":"shipping-taxable","23":"product-type-variable"},"_links":{"self":[{"href":"https:\/\/mod.wisdar.net\/tr\/wp-json\/wp\/v2\/product\/146855","targetHints":{"allow":["GET"]}}],"collection":[{"href":"https:\/\/mod.wisdar.net\/tr\/wp-json\/wp\/v2\/product"}],"about":[{"href":"https:\/\/mod.wisdar.net\/tr\/wp-json\/wp\/v2\/types\/product"}],"replies":[{"embeddable":true,"href":"https:\/\/mod.wisdar.net\/tr\/wp-json\/wp\/v2\/comments?post=146855"}],"wp:featuredmedia":[{"embeddable":true,"href":"https:\/\/mod.wisdar.net\/tr\/wp-json\/wp\/v2\/media\/146853"}],"wp:attachment":[{"href":"https:\/\/mod.wisdar.net\/tr\/wp-json\/wp\/v2\/media?parent=146855"}],"wp:term":[{"taxonomy":"product_brand","embeddable":true,"href":"https:\/\/mod.wisdar.net\/tr\/wp-json\/wp\/v2\/product_brand?post=146855"},{"taxonomy":"product_cat","embeddable":true,"href":"https:\/\/mod.wisdar.net\/tr\/wp-json\/wp\/v2\/product_cat?post=146855"},{"taxonomy":"product_tag","embeddable":true,"href":"https:\/\/mod.wisdar.net\/tr\/wp-json\/wp\/v2\/product_tag?post=146855"}],"curies":[{"name":"wp","href":"https:\/\/api.w.org\/{rel}","templated":true}]}}