{"id":146914,"date":"2026-02-21T23:22:00","date_gmt":"2026-02-21T23:22:00","guid":{"rendered":"https:\/\/modesthanim.com\/product\/ispanyol-paca-tayt\/"},"modified":"2026-04-04T17:43:01","modified_gmt":"2026-04-04T17:43:01","slug":"ispanyol-paca-tayt","status":"publish","type":"product","link":"https:\/\/mod.wisdar.net\/tr\/urun\/ispanyol-paca-tayt\/","title":{"rendered":"\u0130spanyol Pa\u00e7a Tayt"},"content":{"rendered":"<p>Pamuklu yumu\u015fak jarseden, beli ayarlanabilir lastikli, \u0130spanyol pa\u00e7al\u0131 tayt.<\/p>\n<p>\u2014 Technical Details \u2014<br \/>\nconcept: BASICS<br \/>\ndescription: A\u00e7\u0131k bej\/Bej\/Koyu kahverengi, Leopar desenli<br \/>\nlength: Uzun<br \/>\nwaist_rise: Y\u00fcksek belli<br \/>\nstyle: Uca do\u011fru bolla\u015fan<br \/>\nuseful_info: Ayarlanabilir bel<br \/>\nquantity: Tek<br \/>\nmaterial: Pamuk, Jarse<br \/>\npattern: D\u00fcz renkli<br \/>\naudience: unisex<\/p>\n","protected":false},"excerpt":{"rendered":"<p>Pamuklu yumu\u015fak jarseden, beli ayarlanabilir lastikli, \u0130spanyol pa\u00e7al\u0131 tayt. \u2014 Technical Details \u2014 concept: BASICS description: A\u00e7\u0131k bej\/Bej\/Koyu kahverengi, Leopar desenli length: Uzun waist_rise: Y\u00fcksek belli style: Uca do\u011fru bolla\u015fan useful_info: Ayarlanabilir bel quantity: Tek material: Pamuk, Jarse pattern: D\u00fcz renkli audience: unisex<\/p>\n","protected":false},"featured_media":146911,"comment_status":"open","ping_status":"closed","template":"","meta":[],"product_brand":[],"product_cat":[8715,8694,8727],"product_tag":[7444,7488],"class_list":{"0":"post-146914","1":"product","2":"type-product","3":"status-publish","4":"has-post-thumbnail","6":"product_cat-kiz-cocuklari-2-14-yas","7":"product_cat-cocuklar","8":"product_cat-pantolon","9":"product_tag-jarse","10":"product_tag-pamuk","11":"pa_brand-hm","12":"pa_color-bej-leopar-desenli","13":"pa_size-104-3-4y","14":"pa_size-110-4-5y","15":"pa_size-116-5-6y","16":"pa_size-122-6-7y","17":"pa_size-128-7-8y","18":"pa_size-134-8-9y","19":"pa_size-140-9-10y","20":"pa_size-92-1-2y","21":"pa_size-98-2-3y","23":"first","24":"outofstock","25":"shipping-taxable","26":"product-type-variable"},"_links":{"self":[{"href":"https:\/\/mod.wisdar.net\/tr\/wp-json\/wp\/v2\/product\/146914","targetHints":{"allow":["GET"]}}],"collection":[{"href":"https:\/\/mod.wisdar.net\/tr\/wp-json\/wp\/v2\/product"}],"about":[{"href":"https:\/\/mod.wisdar.net\/tr\/wp-json\/wp\/v2\/types\/product"}],"replies":[{"embeddable":true,"href":"https:\/\/mod.wisdar.net\/tr\/wp-json\/wp\/v2\/comments?post=146914"}],"wp:featuredmedia":[{"embeddable":true,"href":"https:\/\/mod.wisdar.net\/tr\/wp-json\/wp\/v2\/media\/146911"}],"wp:attachment":[{"href":"https:\/\/mod.wisdar.net\/tr\/wp-json\/wp\/v2\/media?parent=146914"}],"wp:term":[{"taxonomy":"product_brand","embeddable":true,"href":"https:\/\/mod.wisdar.net\/tr\/wp-json\/wp\/v2\/product_brand?post=146914"},{"taxonomy":"product_cat","embeddable":true,"href":"https:\/\/mod.wisdar.net\/tr\/wp-json\/wp\/v2\/product_cat?post=146914"},{"taxonomy":"product_tag","embeddable":true,"href":"https:\/\/mod.wisdar.net\/tr\/wp-json\/wp\/v2\/product_tag?post=146914"}],"curies":[{"name":"wp","href":"https:\/\/api.w.org\/{rel}","templated":true}]}}