{"id":14692,"date":"2025-11-01T22:10:33","date_gmt":"2025-11-01T22:10:33","guid":{"rendered":"https:\/\/modesthanim.com\/product\/degrade-desenli-tunik-asit\/"},"modified":"2026-04-15T20:42:27","modified_gmt":"2026-04-15T20:42:27","slug":"degrade-desenli-tunik-asit","status":"publish","type":"product","link":"https:\/\/mod.wisdar.net\/tr\/urun\/degrade-desenli-tunik-asit\/","title":{"rendered":"Degrade Desenli Tunik \u2013 Asit"},"content":{"rendered":"<p>Yumu\u015fak renk ge\u00e7i\u015fleriyle zarafeti \u00f6n plana \u00e7\u0131karan Degrade Desenli Tunik, sade \u015f\u0131kl\u0131\u011f\u0131 modern bir dokunu\u015fla bulu\u015fturuyor. Degrade deseniyle dikkat \u00e7eken bu \u00f6zel par\u00e7a, minimal g\u00f6r\u00fcn\u00fcmden \u00f6d\u00fcn vermeden tarz\u0131n\u0131za dinamizm katar. Teknik Detaylar: Desen: Degrade Desen, Yaka Tipi: G\u00f6mlek Yaka, Kol Tipi: Uzun Kol, Cep: Cepsiz, Astar: Astars\u0131z, \u00dcr\u00fcn Boyu: 105 cm, Kal\u0131p Tipi: Normal Kal\u0131p, Mankenin Giydi\u011fi Beden: 38, Manken \u00d6l\u00e7\u00fcleri: Boy: 176 cm, G\u00f6\u011f\u00fcs: 80 cm, Bel: 60 cm, Basen: 90 cm.<\/p>\n","protected":false},"excerpt":{"rendered":"<p>Yumu\u015fak renk ge\u00e7i\u015fleriyle zarafeti \u00f6n plana \u00e7\u0131karan Degrade Desenli Tunik, sade \u015f\u0131kl\u0131\u011f\u0131 modern bir dokunu\u015fla bulu\u015fturuyor. Degrade deseniyle dikkat \u00e7eken bu \u00f6zel par\u00e7a, minimal g\u00f6r\u00fcn\u00fcmden \u00f6d\u00fcn vermeden tarz\u0131n\u0131za dinamizm katar. Teknik Detaylar: Desen: Degrade Desen, Yaka Tipi: G\u00f6mlek Yaka, Kol Tipi: Uzun Kol, Cep: Cepsiz, Astar: Astars\u0131z, \u00dcr\u00fcn Boyu: 105 cm, Kal\u0131p Tipi: Normal Kal\u0131p, [&hellip;]<\/p>\n","protected":false},"featured_media":0,"comment_status":"open","ping_status":"closed","template":"","meta":[],"product_brand":[],"product_cat":[2050,1909],"product_tag":[],"class_list":{"0":"post-14692","1":"product","2":"type-product","3":"status-publish","5":"product_cat-blazer-ceketler","6":"product_cat-bluzlar-ve-gomlekler","7":"pa_brand-tugba","8":"pa_color-asit","9":"pa_size-4706","10":"pa_size-4711","11":"pa_size-4713","12":"pa_size-4751","13":"pa_size-4749","14":"pa_size-4747","16":"first","17":"instock","18":"sale","19":"shipping-taxable","20":"purchasable","21":"product-type-variable"},"_links":{"self":[{"href":"https:\/\/mod.wisdar.net\/tr\/wp-json\/wp\/v2\/product\/14692","targetHints":{"allow":["GET"]}}],"collection":[{"href":"https:\/\/mod.wisdar.net\/tr\/wp-json\/wp\/v2\/product"}],"about":[{"href":"https:\/\/mod.wisdar.net\/tr\/wp-json\/wp\/v2\/types\/product"}],"replies":[{"embeddable":true,"href":"https:\/\/mod.wisdar.net\/tr\/wp-json\/wp\/v2\/comments?post=14692"}],"wp:attachment":[{"href":"https:\/\/mod.wisdar.net\/tr\/wp-json\/wp\/v2\/media?parent=14692"}],"wp:term":[{"taxonomy":"product_brand","embeddable":true,"href":"https:\/\/mod.wisdar.net\/tr\/wp-json\/wp\/v2\/product_brand?post=14692"},{"taxonomy":"product_cat","embeddable":true,"href":"https:\/\/mod.wisdar.net\/tr\/wp-json\/wp\/v2\/product_cat?post=14692"},{"taxonomy":"product_tag","embeddable":true,"href":"https:\/\/mod.wisdar.net\/tr\/wp-json\/wp\/v2\/product_tag?post=14692"}],"curies":[{"name":"wp","href":"https:\/\/api.w.org\/{rel}","templated":true}]}}