{"id":146925,"date":"2026-02-21T23:22:04","date_gmt":"2026-02-21T23:22:04","guid":{"rendered":"https:\/\/modesthanim.com\/product\/ispanyol-paca-tayt-2\/"},"modified":"2026-04-04T18:03:37","modified_gmt":"2026-04-04T18:03:37","slug":"ispanyol-paca-tayt-2","status":"publish","type":"product","link":"https:\/\/mod.wisdar.net\/tr\/urun\/ispanyol-paca-tayt-2\/","title":{"rendered":"\u0130spanyol Pa\u00e7a Tayt"},"content":{"rendered":"<p>Pamuklu yumu\u015fak jarseden, beli ayarlanabilir lastikli, \u0130spanyol pa\u00e7al\u0131 tayt.<\/p>\n<p>\u2014 Technical Details \u2014<br \/>\nKonsept: BASICS<br \/>\nA\u00e7\u0131klama: A\u00e7\u0131k bej k\u0131r\u00e7\u0131ll\u0131, D\u00fcz renkli<br \/>\nUzunluk: Uzun<br \/>\nBel Y\u00fcksekli\u011fi: Y\u00fcksek belli<br \/>\nStil: Uca do\u011fru bolla\u015fan<br \/>\nFaydal\u0131 Bilgiler: Ayarlanabilir bel<br \/>\nAdet: Tek<br \/>\nMateryal: Pamuk, Jarse<br \/>\nGeri d\u00f6n\u00fc\u015ft\u00fcr\u00fclm\u00fc\u015f pamuk: 20% Geri d\u00f6n\u00fc\u015ft\u00fcr\u00fclm\u00fc\u015f pamuk<\/p>\n","protected":false},"excerpt":{"rendered":"<p>Pamuklu yumu\u015fak jarseden, beli ayarlanabilir lastikli, \u0130spanyol pa\u00e7al\u0131 tayt. \u2014 Technical Details \u2014 Konsept: BASICS A\u00e7\u0131klama: A\u00e7\u0131k bej k\u0131r\u00e7\u0131ll\u0131, D\u00fcz renkli Uzunluk: Uzun Bel Y\u00fcksekli\u011fi: Y\u00fcksek belli Stil: Uca do\u011fru bolla\u015fan Faydal\u0131 Bilgiler: Ayarlanabilir bel Adet: Tek Materyal: Pamuk, Jarse Geri d\u00f6n\u00fc\u015ft\u00fcr\u00fclm\u00fc\u015f pamuk: 20% Geri d\u00f6n\u00fc\u015ft\u00fcr\u00fclm\u00fc\u015f pamuk<\/p>\n","protected":false},"featured_media":146913,"comment_status":"open","ping_status":"closed","template":"","meta":[],"product_brand":[],"product_cat":[8715,8694,8727],"product_tag":[9888,10857,9410],"class_list":{"0":"post-146925","1":"product","2":"type-product","3":"status-publish","4":"has-post-thumbnail","6":"product_cat-kiz-cocuklari-2-14-yas","7":"product_cat-cocuklar","8":"product_cat-pantolon","9":"product_tag-basics","10":"product_tag-light-beige-speckled","11":"product_tag-solid-color","12":"pa_brand-hm","13":"pa_color-acik-bej-kircilli","14":"pa_size-104-3-4y","15":"pa_size-110-4-5y","16":"pa_size-116-5-6y","17":"pa_size-122-6-7y","18":"pa_size-128-7-8y","19":"pa_size-134-8-9y","20":"pa_size-140-9-10y","21":"pa_size-92-1-2y","22":"pa_size-98-2-3y","24":"first","25":"outofstock","26":"shipping-taxable","27":"product-type-variable"},"_links":{"self":[{"href":"https:\/\/mod.wisdar.net\/tr\/wp-json\/wp\/v2\/product\/146925","targetHints":{"allow":["GET"]}}],"collection":[{"href":"https:\/\/mod.wisdar.net\/tr\/wp-json\/wp\/v2\/product"}],"about":[{"href":"https:\/\/mod.wisdar.net\/tr\/wp-json\/wp\/v2\/types\/product"}],"replies":[{"embeddable":true,"href":"https:\/\/mod.wisdar.net\/tr\/wp-json\/wp\/v2\/comments?post=146925"}],"wp:featuredmedia":[{"embeddable":true,"href":"https:\/\/mod.wisdar.net\/tr\/wp-json\/wp\/v2\/media\/146913"}],"wp:attachment":[{"href":"https:\/\/mod.wisdar.net\/tr\/wp-json\/wp\/v2\/media?parent=146925"}],"wp:term":[{"taxonomy":"product_brand","embeddable":true,"href":"https:\/\/mod.wisdar.net\/tr\/wp-json\/wp\/v2\/product_brand?post=146925"},{"taxonomy":"product_cat","embeddable":true,"href":"https:\/\/mod.wisdar.net\/tr\/wp-json\/wp\/v2\/product_cat?post=146925"},{"taxonomy":"product_tag","embeddable":true,"href":"https:\/\/mod.wisdar.net\/tr\/wp-json\/wp\/v2\/product_tag?post=146925"}],"curies":[{"name":"wp","href":"https:\/\/api.w.org\/{rel}","templated":true}]}}