{"id":146978,"date":"2026-02-21T23:24:48","date_gmt":"2026-02-21T23:24:48","guid":{"rendered":"https:\/\/modesthanim.com\/product\/etek-ucu-ve-arkasi-dantelli-elbise-2-7-yas-sari\/"},"modified":"2026-03-19T05:51:28","modified_gmt":"2026-03-19T05:51:28","slug":"etek-ucu-ve-arkasi-dantelli-elbise-2-7-yas-sari","status":"publish","type":"product","link":"https:\/\/mod.wisdar.net\/tr\/urun\/etek-ucu-ve-arkasi-dantelli-elbise-2-7-yas-sari\/","title":{"rendered":"Etek Ucu Ve Arkas\u0131 Dantelli Elbise 2-7 Ya\u015f Sar\u0131"},"content":{"rendered":"","protected":false},"excerpt":{"rendered":"","protected":false},"featured_media":146974,"comment_status":"open","ping_status":"closed","template":"","meta":[],"product_brand":[],"product_cat":[8718,8715,8694],"product_tag":[6772,6923],"class_list":{"0":"post-146978","1":"product","2":"type-product","3":"status-publish","4":"has-post-thumbnail","6":"product_cat-elbiseler-etekler","7":"product_cat-kiz-cocuklari-2-14-yas","8":"product_cat-cocuklar","9":"product_tag-ozel-gun","10":"product_tag-sari-elbise","11":"pa_color-sari-2","12":"pa_size-2-3-yas","13":"pa_size-3-4-yas","14":"pa_size-4-5-yas","15":"pa_size-5-6-yas","16":"pa_size-6-7-yas","18":"first","19":"instock","20":"sale","21":"shipping-taxable","22":"purchasable","23":"product-type-variable"},"_links":{"self":[{"href":"https:\/\/mod.wisdar.net\/tr\/wp-json\/wp\/v2\/product\/146978","targetHints":{"allow":["GET"]}}],"collection":[{"href":"https:\/\/mod.wisdar.net\/tr\/wp-json\/wp\/v2\/product"}],"about":[{"href":"https:\/\/mod.wisdar.net\/tr\/wp-json\/wp\/v2\/types\/product"}],"replies":[{"embeddable":true,"href":"https:\/\/mod.wisdar.net\/tr\/wp-json\/wp\/v2\/comments?post=146978"}],"wp:featuredmedia":[{"embeddable":true,"href":"https:\/\/mod.wisdar.net\/tr\/wp-json\/wp\/v2\/media\/146974"}],"wp:attachment":[{"href":"https:\/\/mod.wisdar.net\/tr\/wp-json\/wp\/v2\/media?parent=146978"}],"wp:term":[{"taxonomy":"product_brand","embeddable":true,"href":"https:\/\/mod.wisdar.net\/tr\/wp-json\/wp\/v2\/product_brand?post=146978"},{"taxonomy":"product_cat","embeddable":true,"href":"https:\/\/mod.wisdar.net\/tr\/wp-json\/wp\/v2\/product_cat?post=146978"},{"taxonomy":"product_tag","embeddable":true,"href":"https:\/\/mod.wisdar.net\/tr\/wp-json\/wp\/v2\/product_tag?post=146978"}],"curies":[{"name":"wp","href":"https:\/\/api.w.org\/{rel}","templated":true}]}}