{"id":147062,"date":"2026-02-21T23:26:26","date_gmt":"2026-02-21T23:26:26","guid":{"rendered":"https:\/\/modesthanim.com\/product\/2li-ispanyol-paca-jarse-tayt\/"},"modified":"2026-04-04T18:03:28","modified_gmt":"2026-04-04T18:03:28","slug":"2li-ispanyol-paca-jarse-tayt","status":"publish","type":"product","link":"https:\/\/mod.wisdar.net\/tr\/urun\/2li-ispanyol-paca-jarse-tayt\/","title":{"rendered":"2&#8217;li \u0130spanyol Pa\u00e7a Jarse Tayt"},"content":{"rendered":"<p>Pamuklu yumu\u015fak jarseden, beli ayarlanabilir lastikli, \u0130spanyol pa\u00e7al\u0131 taytlar.<\/p>\n<p>\u2014 Technical Details \u2014<br \/>\nAdet\/\u00c7ift: 2<br \/>\nKonsept: BASICS<br \/>\nA\u00e7\u0131klama: A\u00e7\u0131k mor\/Koyu gri, D\u00fcz renkli<br \/>\nUzunluk: Uzun<br \/>\nBel Y\u00fcksekli\u011fi: Normal belli<br \/>\nStil: Uca do\u011fru bolla\u015fan<br \/>\nFaydal\u0131 Bilgiler: Ayarlanabilir bel<br \/>\nAdet: \u00c7oklu<br \/>\nMateryal: Pamuk, Jarse<\/p>\n","protected":false},"excerpt":{"rendered":"<p>Pamuklu yumu\u015fak jarseden, beli ayarlanabilir lastikli, \u0130spanyol pa\u00e7al\u0131 taytlar. \u2014 Technical Details \u2014 Adet\/\u00c7ift: 2 Konsept: BASICS A\u00e7\u0131klama: A\u00e7\u0131k mor\/Koyu gri, D\u00fcz renkli Uzunluk: Uzun Bel Y\u00fcksekli\u011fi: Normal belli Stil: Uca do\u011fru bolla\u015fan Faydal\u0131 Bilgiler: Ayarlanabilir bel Adet: \u00c7oklu Materyal: Pamuk, Jarse<\/p>\n","protected":false},"featured_media":147058,"comment_status":"open","ping_status":"closed","template":"","meta":[],"product_brand":[],"product_cat":[8715,8694,8727],"product_tag":[7426,7480],"class_list":{"0":"post-147062","1":"product","2":"type-product","3":"status-publish","4":"has-post-thumbnail","6":"product_cat-kiz-cocuklari-2-14-yas","7":"product_cat-cocuklar","8":"product_cat-pantolon","9":"product_tag-gunluk-giyim-3","10":"product_tag-tayt","11":"pa_brand-hm","12":"pa_color-acik-mor-koyu-gri","13":"pa_size-104-3-4y","14":"pa_size-110-4-5y","15":"pa_size-116-5-6y","16":"pa_size-122-6-7y","17":"pa_size-128-7-8y","18":"pa_size-134-8-9y","19":"pa_size-140-9-10y","20":"pa_size-92-1-2y","21":"pa_size-98-2-3y","23":"first","24":"outofstock","25":"shipping-taxable","26":"product-type-variable"},"_links":{"self":[{"href":"https:\/\/mod.wisdar.net\/tr\/wp-json\/wp\/v2\/product\/147062","targetHints":{"allow":["GET"]}}],"collection":[{"href":"https:\/\/mod.wisdar.net\/tr\/wp-json\/wp\/v2\/product"}],"about":[{"href":"https:\/\/mod.wisdar.net\/tr\/wp-json\/wp\/v2\/types\/product"}],"replies":[{"embeddable":true,"href":"https:\/\/mod.wisdar.net\/tr\/wp-json\/wp\/v2\/comments?post=147062"}],"wp:featuredmedia":[{"embeddable":true,"href":"https:\/\/mod.wisdar.net\/tr\/wp-json\/wp\/v2\/media\/147058"}],"wp:attachment":[{"href":"https:\/\/mod.wisdar.net\/tr\/wp-json\/wp\/v2\/media?parent=147062"}],"wp:term":[{"taxonomy":"product_brand","embeddable":true,"href":"https:\/\/mod.wisdar.net\/tr\/wp-json\/wp\/v2\/product_brand?post=147062"},{"taxonomy":"product_cat","embeddable":true,"href":"https:\/\/mod.wisdar.net\/tr\/wp-json\/wp\/v2\/product_cat?post=147062"},{"taxonomy":"product_tag","embeddable":true,"href":"https:\/\/mod.wisdar.net\/tr\/wp-json\/wp\/v2\/product_tag?post=147062"}],"curies":[{"name":"wp","href":"https:\/\/api.w.org\/{rel}","templated":true}]}}