{"id":147086,"date":"2026-02-21T23:26:31","date_gmt":"2026-02-21T23:26:31","guid":{"rendered":"https:\/\/modesthanim.com\/product\/3lu-pamuklu-kolsuz-ust\/"},"modified":"2026-04-04T11:24:49","modified_gmt":"2026-04-04T11:24:49","slug":"3lu-pamuklu-kolsuz-ust","status":"publish","type":"product","link":"https:\/\/mod.wisdar.net\/tr\/urun\/3lu-pamuklu-kolsuz-ust\/","title":{"rendered":"3\u2019l\u00fc Pamuklu Kolsuz \u00dcst"},"content":{"rendered":"<p>Pamuklu yumu\u015fak jarseden, yakas\u0131 ve kol a\u011f\u0131zlar\u0131 ribana \u015feritli kolsuz \u00fcstler.<\/p>\n<p>\u2014 Technical Details \u2014<br \/>\nweight: 260 g<br \/>\npieces: 3<br \/>\ndetailed_description: Lacivert\/A\u00e7\u0131k gri k\u0131r\u00e7\u0131ll\u0131\/Beyaz, D\u00fcz renkli<br \/>\ngarment_length: Normal uzunlukta<br \/>\nsleeve_length: Kolsuz<br \/>\nfit: Normal kesim<br \/>\nclothing_style: Kolsuz \u00dcst<br \/>\nneck_line_style: Yuvarlak yakal\u0131<br \/>\nquantity_sales_mode: \u00c7oklu<br \/>\nmaterial: Jarse<br \/>\ncare_instructions: [&#8216;Gerekti\u011finde sadece a\u011fart\u0131c\u0131s\u0131z \u00e7ama\u015f\u0131r suyu kullan\u0131labilir&#8217;, &#8216;Orta ayarda kurutma makinesinde kurutulabilir&#8217;, &#8216;Orta ayarda \u00fct\u00fclenebilir&#8217;, &#8217;40\u00b0C makinede y\u0131kama&#8217;, &#8216;Kuru temizleme yap\u0131lmaz&#8217;]<\/p>\n","protected":false},"excerpt":{"rendered":"<p>Pamuklu yumu\u015fak jarseden, yakas\u0131 ve kol a\u011f\u0131zlar\u0131 ribana \u015feritli kolsuz \u00fcstler. \u2014 Technical Details \u2014 weight: 260 g pieces: 3 detailed_description: Lacivert\/A\u00e7\u0131k gri k\u0131r\u00e7\u0131ll\u0131\/Beyaz, D\u00fcz renkli garment_length: Normal uzunlukta sleeve_length: Kolsuz fit: Normal kesim clothing_style: Kolsuz \u00dcst neck_line_style: Yuvarlak yakal\u0131 quantity_sales_mode: \u00c7oklu material: Jarse care_instructions: [&#8216;Gerekti\u011finde sadece a\u011fart\u0131c\u0131s\u0131z \u00e7ama\u015f\u0131r suyu kullan\u0131labilir&#8217;, &#8216;Orta ayarda kurutma makinesinde [&hellip;]<\/p>\n","protected":false},"featured_media":147084,"comment_status":"open","ping_status":"closed","template":"","meta":[],"product_brand":[],"product_cat":[8739,8757,8694],"product_tag":[7426,6744],"class_list":{"0":"post-147086","1":"product","2":"type-product","3":"status-publish","4":"has-post-thumbnail","6":"product_cat-erkek-cocuklar-2-14-yas","7":"product_cat-ic-giyim","8":"product_cat-cocuklar","9":"product_tag-gunluk-giyim-3","10":"product_tag-kadin-modasi","11":"pa_brand-hm","12":"pa_color-beyaz","13":"pa_size-110-116-4-6y","14":"pa_size-122-128-6-8y","15":"pa_size-134-140-8-10y","16":"pa_size-92-1-2y","17":"pa_size-98-104-2-4y","19":"first","20":"outofstock","21":"shipping-taxable","22":"product-type-variable"},"_links":{"self":[{"href":"https:\/\/mod.wisdar.net\/tr\/wp-json\/wp\/v2\/product\/147086","targetHints":{"allow":["GET"]}}],"collection":[{"href":"https:\/\/mod.wisdar.net\/tr\/wp-json\/wp\/v2\/product"}],"about":[{"href":"https:\/\/mod.wisdar.net\/tr\/wp-json\/wp\/v2\/types\/product"}],"replies":[{"embeddable":true,"href":"https:\/\/mod.wisdar.net\/tr\/wp-json\/wp\/v2\/comments?post=147086"}],"wp:featuredmedia":[{"embeddable":true,"href":"https:\/\/mod.wisdar.net\/tr\/wp-json\/wp\/v2\/media\/147084"}],"wp:attachment":[{"href":"https:\/\/mod.wisdar.net\/tr\/wp-json\/wp\/v2\/media?parent=147086"}],"wp:term":[{"taxonomy":"product_brand","embeddable":true,"href":"https:\/\/mod.wisdar.net\/tr\/wp-json\/wp\/v2\/product_brand?post=147086"},{"taxonomy":"product_cat","embeddable":true,"href":"https:\/\/mod.wisdar.net\/tr\/wp-json\/wp\/v2\/product_cat?post=147086"},{"taxonomy":"product_tag","embeddable":true,"href":"https:\/\/mod.wisdar.net\/tr\/wp-json\/wp\/v2\/product_tag?post=147086"}],"curies":[{"name":"wp","href":"https:\/\/api.w.org\/{rel}","templated":true}]}}