{"id":147153,"date":"2026-02-21T23:29:39","date_gmt":"2026-02-21T23:29:39","guid":{"rendered":"https:\/\/modesthanim.com\/product\/baggy-fit-bootcut-bacakli-kot-pantolon\/"},"modified":"2026-04-04T08:12:09","modified_gmt":"2026-04-04T08:12:09","slug":"baggy-fit-bootcut-bacakli-kot-pantolon","status":"publish","type":"product","link":"https:\/\/mod.wisdar.net\/tr\/urun\/baggy-fit-bootcut-bacakli-kot-pantolon\/","title":{"rendered":"Baggy Fit Bootcut Bacakl\u0131 Kot Pantolon"},"content":{"rendered":"<p>Y\u0131kanm\u0131\u015f kottan, 5 cepli pantolon. Kal\u00e7a ve \u00fcst bacak b\u00f6lgesinde baggy kesim, d\u00fc\u015f\u00fck bel, geni\u015f pa\u00e7a. M\u00fckemmel oturmas\u0131 i\u00e7in ayarlanabilir lastikli d\u00fc\u015f\u00fck bel, fermuar ve d\u00fc\u011fme kapatma.<\/p>\n<p>\u2014 Teknik Detaylar \u2014<br \/>\nmalzeme: Pamuk, Kot<br \/>\ndesen: D\u00fcz renk<br \/>\nboy: Uzun<br \/>\nbel y\u00fcksekli\u011fi: D\u00fc\u015f\u00fck bel<br \/>\nkesim: Bol kesim<br \/>\nstil: Baggy, Bootcut<br \/>\n\u00f6zellikler: Ayarlanabilir bel<br \/>\ngeri d\u00f6n\u00fc\u015ft\u00fcr\u00fclm\u00fc\u015f pamuk: %19 Geri D\u00f6n\u00fc\u015ft\u00fcr\u00fclm\u00fc\u015f Pamuk<\/p>\n","protected":false},"excerpt":{"rendered":"<p>Y\u0131kanm\u0131\u015f kottan, 5 cepli pantolon. Kal\u00e7a ve \u00fcst bacak b\u00f6lgesinde baggy kesim, d\u00fc\u015f\u00fck bel, geni\u015f pa\u00e7a. M\u00fckemmel oturmas\u0131 i\u00e7in ayarlanabilir lastikli d\u00fc\u015f\u00fck bel, fermuar ve d\u00fc\u011fme kapatma. \u2014 Teknik Detaylar \u2014 malzeme: Pamuk, Kot desen: D\u00fcz renk boy: Uzun bel y\u00fcksekli\u011fi: D\u00fc\u015f\u00fck bel kesim: Bol kesim stil: Baggy, Bootcut \u00f6zellikler: Ayarlanabilir bel geri d\u00f6n\u00fc\u015ft\u00fcr\u00fclm\u00fc\u015f pamuk: [&hellip;]<\/p>\n","protected":false},"featured_media":147150,"comment_status":"open","ping_status":"closed","template":"","meta":[],"product_brand":[],"product_cat":[8715,8694,8727],"product_tag":[],"class_list":{"0":"post-147153","1":"product","2":"type-product","3":"status-publish","4":"has-post-thumbnail","6":"product_cat-kiz-cocuklari-2-14-yas","7":"product_cat-cocuklar","8":"product_cat-pantolon","9":"pa_brand-hm","10":"pa_color-kot-grisi","11":"pa_size-134-8-9y","12":"pa_size-140-9-10y","13":"pa_size-146-10-11y","14":"pa_size-152-11-12y","15":"pa_size-158-12-13y","16":"pa_size-164-13-14y","17":"pa_size-170-14y","19":"first","20":"outofstock","21":"shipping-taxable","22":"product-type-variable"},"_links":{"self":[{"href":"https:\/\/mod.wisdar.net\/tr\/wp-json\/wp\/v2\/product\/147153","targetHints":{"allow":["GET"]}}],"collection":[{"href":"https:\/\/mod.wisdar.net\/tr\/wp-json\/wp\/v2\/product"}],"about":[{"href":"https:\/\/mod.wisdar.net\/tr\/wp-json\/wp\/v2\/types\/product"}],"replies":[{"embeddable":true,"href":"https:\/\/mod.wisdar.net\/tr\/wp-json\/wp\/v2\/comments?post=147153"}],"wp:featuredmedia":[{"embeddable":true,"href":"https:\/\/mod.wisdar.net\/tr\/wp-json\/wp\/v2\/media\/147150"}],"wp:attachment":[{"href":"https:\/\/mod.wisdar.net\/tr\/wp-json\/wp\/v2\/media?parent=147153"}],"wp:term":[{"taxonomy":"product_brand","embeddable":true,"href":"https:\/\/mod.wisdar.net\/tr\/wp-json\/wp\/v2\/product_brand?post=147153"},{"taxonomy":"product_cat","embeddable":true,"href":"https:\/\/mod.wisdar.net\/tr\/wp-json\/wp\/v2\/product_cat?post=147153"},{"taxonomy":"product_tag","embeddable":true,"href":"https:\/\/mod.wisdar.net\/tr\/wp-json\/wp\/v2\/product_tag?post=147153"}],"curies":[{"name":"wp","href":"https:\/\/api.w.org\/{rel}","templated":true}]}}