{"id":147197,"date":"2026-02-21T23:30:52","date_gmt":"2026-02-21T23:30:52","guid":{"rendered":"https:\/\/modesthanim.com\/product\/ispanyol-paca-spor-tayti-drymove\/"},"modified":"2026-04-04T19:32:39","modified_gmt":"2026-04-04T19:32:39","slug":"ispanyol-paca-spor-tayti-drymove","status":"publish","type":"product","link":"https:\/\/mod.wisdar.net\/tr\/urun\/ispanyol-paca-spor-tayti-drymove\/","title":{"rendered":"\u0130spanyol Pa\u00e7a Spor Tayt\u0131 DryMove\u2122"},"content":{"rendered":"<p>Nemi cildinizden uzakla\u015ft\u0131rmaya yard\u0131mc\u0131 olan DryMove\u2122 ile \u00fcretilmi\u015f fonksiyonel kuma\u015ftan \u0130spanyol pa\u00e7a spor tayt\u0131. Geni\u015f bel panelli normal belli.<\/p>\n<p>\u2014 Technical Details \u2014<br \/>\nKonsept: H&amp;M Move<br \/>\nA\u00e7\u0131klama: A\u00e7\u0131k haki, D\u00fcz renkli<br \/>\nUzunluk: Uzun<br \/>\nBel Y\u00fcksekli\u011fi: Normal belli<br \/>\nStil: Uca do\u011fru bolla\u015fan<br \/>\nFonksiyon: Nemi uzakla\u015ft\u0131r\u0131c\u0131, H\u0131zl\u0131 kuruma<br \/>\nSpor aktivitesi: Egzersiz<br \/>\nAdet: Tek<\/p>\n","protected":false},"excerpt":{"rendered":"<p>Nemi cildinizden uzakla\u015ft\u0131rmaya yard\u0131mc\u0131 olan DryMove\u2122 ile \u00fcretilmi\u015f fonksiyonel kuma\u015ftan \u0130spanyol pa\u00e7a spor tayt\u0131. Geni\u015f bel panelli normal belli. \u2014 Technical Details \u2014 Konsept: H&amp;M Move A\u00e7\u0131klama: A\u00e7\u0131k haki, D\u00fcz renkli Uzunluk: Uzun Bel Y\u00fcksekli\u011fi: Normal belli Stil: Uca do\u011fru bolla\u015fan Fonksiyon: Nemi uzakla\u015ft\u0131r\u0131c\u0131, H\u0131zl\u0131 kuruma Spor aktivitesi: Egzersiz Adet: Tek<\/p>\n","protected":false},"featured_media":147195,"comment_status":"open","ping_status":"closed","template":"","meta":[],"product_brand":[],"product_cat":[8715,8694,8727],"product_tag":[7638,7446,7480],"class_list":{"0":"post-147197","1":"product","2":"type-product","3":"status-publish","4":"has-post-thumbnail","6":"product_cat-kiz-cocuklari-2-14-yas","7":"product_cat-cocuklar","8":"product_cat-pantolon","9":"product_tag-aktif-giyim","10":"product_tag-atletik-giyim","11":"product_tag-tayt","12":"pa_brand-hm","13":"pa_color-acik-haki","14":"pa_size-116-5-6y","15":"pa_size-122-6-7y","16":"pa_size-128-7-8y","17":"pa_size-134-8-9y","18":"pa_size-140-9-10y","19":"pa_size-146-10-11y","20":"pa_size-152-11-12y","21":"pa_size-158-12-13y","22":"pa_size-164-13-14y","23":"pa_size-170-14y","25":"first","26":"outofstock","27":"shipping-taxable","28":"product-type-variable"},"_links":{"self":[{"href":"https:\/\/mod.wisdar.net\/tr\/wp-json\/wp\/v2\/product\/147197","targetHints":{"allow":["GET"]}}],"collection":[{"href":"https:\/\/mod.wisdar.net\/tr\/wp-json\/wp\/v2\/product"}],"about":[{"href":"https:\/\/mod.wisdar.net\/tr\/wp-json\/wp\/v2\/types\/product"}],"replies":[{"embeddable":true,"href":"https:\/\/mod.wisdar.net\/tr\/wp-json\/wp\/v2\/comments?post=147197"}],"wp:featuredmedia":[{"embeddable":true,"href":"https:\/\/mod.wisdar.net\/tr\/wp-json\/wp\/v2\/media\/147195"}],"wp:attachment":[{"href":"https:\/\/mod.wisdar.net\/tr\/wp-json\/wp\/v2\/media?parent=147197"}],"wp:term":[{"taxonomy":"product_brand","embeddable":true,"href":"https:\/\/mod.wisdar.net\/tr\/wp-json\/wp\/v2\/product_brand?post=147197"},{"taxonomy":"product_cat","embeddable":true,"href":"https:\/\/mod.wisdar.net\/tr\/wp-json\/wp\/v2\/product_cat?post=147197"},{"taxonomy":"product_tag","embeddable":true,"href":"https:\/\/mod.wisdar.net\/tr\/wp-json\/wp\/v2\/product_tag?post=147197"}],"curies":[{"name":"wp","href":"https:\/\/api.w.org\/{rel}","templated":true}]}}