{"id":147240,"date":"2026-02-21T23:32:37","date_gmt":"2026-02-21T23:32:37","guid":{"rendered":"https:\/\/modesthanim.com\/product\/kot-gorunumlu-ispanyol-paca-jegging\/"},"modified":"2026-04-15T22:26:21","modified_gmt":"2026-04-15T22:26:21","slug":"kot-gorunumlu-ispanyol-paca-jegging","status":"publish","type":"product","link":"https:\/\/mod.wisdar.net\/tr\/urun\/kot-gorunumlu-ispanyol-paca-jegging\/","title":{"rendered":"Kot G\u00f6r\u00fcn\u00fcml\u00fc \u0130spanyol Pa\u00e7a Jegging"},"content":{"rendered":"<p>Kot g\u00f6r\u00fcn\u00fcml\u00fc kal\u0131n jarseden, \u0130spanyol pa\u00e7al\u0131 jegging. Beli lastikli, yalanc\u0131 patl\u0131, \u00f6nde dekoratif cepli, arkada ger\u00e7ek cepli. A\u00e7\u0131k kot mavisi, D\u00fcz renkli. Uzunluk: Uzun. Bel Y\u00fcksekli\u011fi: Normal belli. Kesim: Dar kesim. Stil: Uca do\u011fru bolla\u015fan, Tregging. Adet: Tek.<\/p>\n<p>\u2014 Technical Details \u2014<br \/>\nmaterial: Jarse<br \/>\npattern: D\u00fcz renkli<br \/>\naudience: unisex<\/p>\n","protected":false},"excerpt":{"rendered":"<p>Kot g\u00f6r\u00fcn\u00fcml\u00fc kal\u0131n jarseden, \u0130spanyol pa\u00e7al\u0131 jegging. Beli lastikli, yalanc\u0131 patl\u0131, \u00f6nde dekoratif cepli, arkada ger\u00e7ek cepli. A\u00e7\u0131k kot mavisi, D\u00fcz renkli. Uzunluk: Uzun. Bel Y\u00fcksekli\u011fi: Normal belli. Kesim: Dar kesim. Stil: Uca do\u011fru bolla\u015fan, Tregging. Adet: Tek. \u2014 Technical Details \u2014 material: Jarse pattern: D\u00fcz renkli audience: unisex<\/p>\n","protected":false},"featured_media":147238,"comment_status":"open","ping_status":"closed","template":"","meta":[],"product_brand":[],"product_cat":[8715,8694,8727],"product_tag":[7810,7426,7467,7444,7310],"class_list":{"0":"post-147240","1":"product","2":"type-product","3":"status-publish","4":"has-post-thumbnail","6":"product_cat-kiz-cocuklari-2-14-yas","7":"product_cat-cocuklar","8":"product_cat-pantolon","9":"product_tag-denim-gorunum","10":"product_tag-gunluk-giyim-3","11":"product_tag-ispanyol-paca","12":"product_tag-jarse","13":"product_tag-slim-fit","14":"pa_brand-hm","15":"pa_color-acik-kot-mavisi","16":"pa_size-134-8-9y","17":"pa_size-140-9-10y","18":"pa_size-146-10-11y","19":"pa_size-152-11-12y","20":"pa_size-158-12-13y","21":"pa_size-164-13-14y","22":"pa_size-170-14y","24":"first","25":"outofstock","26":"shipping-taxable","27":"product-type-variable"},"_links":{"self":[{"href":"https:\/\/mod.wisdar.net\/tr\/wp-json\/wp\/v2\/product\/147240","targetHints":{"allow":["GET"]}}],"collection":[{"href":"https:\/\/mod.wisdar.net\/tr\/wp-json\/wp\/v2\/product"}],"about":[{"href":"https:\/\/mod.wisdar.net\/tr\/wp-json\/wp\/v2\/types\/product"}],"replies":[{"embeddable":true,"href":"https:\/\/mod.wisdar.net\/tr\/wp-json\/wp\/v2\/comments?post=147240"}],"wp:featuredmedia":[{"embeddable":true,"href":"https:\/\/mod.wisdar.net\/tr\/wp-json\/wp\/v2\/media\/147238"}],"wp:attachment":[{"href":"https:\/\/mod.wisdar.net\/tr\/wp-json\/wp\/v2\/media?parent=147240"}],"wp:term":[{"taxonomy":"product_brand","embeddable":true,"href":"https:\/\/mod.wisdar.net\/tr\/wp-json\/wp\/v2\/product_brand?post=147240"},{"taxonomy":"product_cat","embeddable":true,"href":"https:\/\/mod.wisdar.net\/tr\/wp-json\/wp\/v2\/product_cat?post=147240"},{"taxonomy":"product_tag","embeddable":true,"href":"https:\/\/mod.wisdar.net\/tr\/wp-json\/wp\/v2\/product_tag?post=147240"}],"curies":[{"name":"wp","href":"https:\/\/api.w.org\/{rel}","templated":true}]}}