{"id":147322,"date":"2026-02-21T23:33:42","date_gmt":"2026-02-21T23:33:42","guid":{"rendered":"https:\/\/modesthanim.com\/product\/pamuklu-ve-firfirli-bluz\/"},"modified":"2026-04-04T16:36:30","modified_gmt":"2026-04-04T16:36:30","slug":"pamuklu-ve-firfirli-bluz","status":"publish","type":"product","link":"https:\/\/mod.wisdar.net\/tr\/urun\/pamuklu-ve-firfirli-bluz\/","title":{"rendered":"Pamuklu ve F\u0131rf\u0131rl\u0131 Bluz"},"content":{"rendered":"<p>Pamuklu yumu\u015fak ve ince dokuma kuma\u015ftan, \u00f6n\u00fc farbalal\u0131 bluz. \u00d6n\u00fcnde V \u015feklinde a\u00e7\u0131kl\u0131\u011f\u0131 bulunan f\u0131rf\u0131rl\u0131 yuvarlak yakal\u0131 ve dantel \u015feritli robal\u0131. Uzun kollu, man\u015fetleri kapl\u0131 ince lastikli.<\/p>\n<p>\u2014 Technical Details \u2014<br \/>\ndescription: Beyaz, D\u00fcz renkli<br \/>\nlength: Normal uzunlukta<br \/>\nsleeve_length: Uzun kollu<br \/>\ncut: Normal kesim<br \/>\ncollar: Yakas\u0131 f\u0131rf\u0131rl\u0131<br \/>\nneckline: V yakal\u0131<br \/>\nquantity: Tek<br \/>\nmaterial: Pamuk<br \/>\npattern: D\u00fcz renkli<\/p>\n","protected":false},"excerpt":{"rendered":"<p>Pamuklu yumu\u015fak ve ince dokuma kuma\u015ftan, \u00f6n\u00fc farbalal\u0131 bluz. \u00d6n\u00fcnde V \u015feklinde a\u00e7\u0131kl\u0131\u011f\u0131 bulunan f\u0131rf\u0131rl\u0131 yuvarlak yakal\u0131 ve dantel \u015feritli robal\u0131. Uzun kollu, man\u015fetleri kapl\u0131 ince lastikli. \u2014 Technical Details \u2014 description: Beyaz, D\u00fcz renkli length: Normal uzunlukta sleeve_length: Uzun kollu cut: Normal kesim collar: Yakas\u0131 f\u0131rf\u0131rl\u0131 neckline: V yakal\u0131 quantity: Tek material: Pamuk pattern: [&hellip;]<\/p>\n","protected":false},"featured_media":147319,"comment_status":"open","ping_status":"closed","template":"","meta":[],"product_brand":[],"product_cat":[8715,8694,8724],"product_tag":[5012,7419,6744,7488,6768],"class_list":{"0":"post-147322","1":"product","2":"type-product","3":"status-publish","4":"has-post-thumbnail","6":"product_cat-kiz-cocuklari-2-14-yas","7":"product_cat-cocuklar","8":"product_cat-tisortler-bluzlar","9":"product_tag-elegant","10":"product_tag-gunluk","11":"product_tag-kadin-modasi","12":"product_tag-pamuk","13":"product_tag-uzun-kol","14":"pa_brand-hm","15":"pa_color-acik-mavi","16":"pa_color-beyaz","17":"pa_size-134-8-9y","18":"pa_size-140-9-10y","19":"pa_size-146-10-11y","20":"pa_size-152-11-12y","21":"pa_size-158-12-13y","22":"pa_size-164-13-14y","23":"pa_size-170-14y","25":"first","26":"outofstock","27":"shipping-taxable","28":"product-type-variable"},"_links":{"self":[{"href":"https:\/\/mod.wisdar.net\/tr\/wp-json\/wp\/v2\/product\/147322","targetHints":{"allow":["GET"]}}],"collection":[{"href":"https:\/\/mod.wisdar.net\/tr\/wp-json\/wp\/v2\/product"}],"about":[{"href":"https:\/\/mod.wisdar.net\/tr\/wp-json\/wp\/v2\/types\/product"}],"replies":[{"embeddable":true,"href":"https:\/\/mod.wisdar.net\/tr\/wp-json\/wp\/v2\/comments?post=147322"}],"wp:featuredmedia":[{"embeddable":true,"href":"https:\/\/mod.wisdar.net\/tr\/wp-json\/wp\/v2\/media\/147319"}],"wp:attachment":[{"href":"https:\/\/mod.wisdar.net\/tr\/wp-json\/wp\/v2\/media?parent=147322"}],"wp:term":[{"taxonomy":"product_brand","embeddable":true,"href":"https:\/\/mod.wisdar.net\/tr\/wp-json\/wp\/v2\/product_brand?post=147322"},{"taxonomy":"product_cat","embeddable":true,"href":"https:\/\/mod.wisdar.net\/tr\/wp-json\/wp\/v2\/product_cat?post=147322"},{"taxonomy":"product_tag","embeddable":true,"href":"https:\/\/mod.wisdar.net\/tr\/wp-json\/wp\/v2\/product_tag?post=147322"}],"curies":[{"name":"wp","href":"https:\/\/api.w.org\/{rel}","templated":true}]}}