{"id":147370,"date":"2026-02-21T23:35:01","date_gmt":"2026-02-21T23:35:01","guid":{"rendered":"https:\/\/modesthanim.com\/product\/pamuklu-ve-firfirli-bluz-2\/"},"modified":"2026-04-04T15:32:44","modified_gmt":"2026-04-04T15:32:44","slug":"pamuklu-ve-firfirli-bluz-2","status":"publish","type":"product","link":"https:\/\/mod.wisdar.net\/tr\/urun\/pamuklu-ve-firfirli-bluz-2\/","title":{"rendered":"Pamuklu ve F\u0131rf\u0131rl\u0131 Bluz"},"content":{"rendered":"<p>Pamuklu yumu\u015fak ve ince dokuma kuma\u015ftan, \u00f6n\u00fc farbalal\u0131 bluz. \u00d6n\u00fcnde V \u015feklinde a\u00e7\u0131kl\u0131\u011f\u0131 bulunan f\u0131rf\u0131rl\u0131 yuvarlak yakal\u0131 ve dantel \u015feritli robal\u0131. Uzun kollu, man\u015fetleri kapl\u0131 ince lastikli.<\/p>\n<p>\u2014 Technical Details \u2014<br \/>\nA\u00e7\u0131klama: A\u00e7\u0131k mavi, D\u00fcz renkli<br \/>\nUzunluk: Normal uzunlukta<br \/>\nKol Uzunlu\u011fu: Uzun kollu<br \/>\nKes\u0130m: Normal kesim<br \/>\nYaka: Yakas\u0131 f\u0131rf\u0131rl\u0131<br \/>\nBoyun: V yakal\u0131<br \/>\nAdet: Tek<br \/>\nMateryal: Pamuk<\/p>\n","protected":false},"excerpt":{"rendered":"<p>Pamuklu yumu\u015fak ve ince dokuma kuma\u015ftan, \u00f6n\u00fc farbalal\u0131 bluz. \u00d6n\u00fcnde V \u015feklinde a\u00e7\u0131kl\u0131\u011f\u0131 bulunan f\u0131rf\u0131rl\u0131 yuvarlak yakal\u0131 ve dantel \u015feritli robal\u0131. Uzun kollu, man\u015fetleri kapl\u0131 ince lastikli. \u2014 Technical Details \u2014 A\u00e7\u0131klama: A\u00e7\u0131k mavi, D\u00fcz renkli Uzunluk: Normal uzunlukta Kol Uzunlu\u011fu: Uzun kollu Kes\u0130m: Normal kesim Yaka: Yakas\u0131 f\u0131rf\u0131rl\u0131 Boyun: V yakal\u0131 Adet: Tek Materyal: [&hellip;]<\/p>\n","protected":false},"featured_media":147368,"comment_status":"open","ping_status":"closed","template":"","meta":[],"product_brand":[],"product_cat":[8715,8694,8724],"product_tag":[6744],"class_list":{"0":"post-147370","1":"product","2":"type-product","3":"status-publish","4":"has-post-thumbnail","6":"product_cat-kiz-cocuklari-2-14-yas","7":"product_cat-cocuklar","8":"product_cat-tisortler-bluzlar","9":"product_tag-kadin-modasi","10":"pa_brand-hm","11":"pa_color-acik-mavi","12":"pa_size-134-8-9y","13":"pa_size-140-9-10y","14":"pa_size-146-10-11y","15":"pa_size-152-11-12y","16":"pa_size-158-12-13y","17":"pa_size-164-13-14y","18":"pa_size-170-14y","20":"first","21":"outofstock","22":"shipping-taxable","23":"product-type-variable"},"_links":{"self":[{"href":"https:\/\/mod.wisdar.net\/tr\/wp-json\/wp\/v2\/product\/147370","targetHints":{"allow":["GET"]}}],"collection":[{"href":"https:\/\/mod.wisdar.net\/tr\/wp-json\/wp\/v2\/product"}],"about":[{"href":"https:\/\/mod.wisdar.net\/tr\/wp-json\/wp\/v2\/types\/product"}],"replies":[{"embeddable":true,"href":"https:\/\/mod.wisdar.net\/tr\/wp-json\/wp\/v2\/comments?post=147370"}],"wp:featuredmedia":[{"embeddable":true,"href":"https:\/\/mod.wisdar.net\/tr\/wp-json\/wp\/v2\/media\/147368"}],"wp:attachment":[{"href":"https:\/\/mod.wisdar.net\/tr\/wp-json\/wp\/v2\/media?parent=147370"}],"wp:term":[{"taxonomy":"product_brand","embeddable":true,"href":"https:\/\/mod.wisdar.net\/tr\/wp-json\/wp\/v2\/product_brand?post=147370"},{"taxonomy":"product_cat","embeddable":true,"href":"https:\/\/mod.wisdar.net\/tr\/wp-json\/wp\/v2\/product_cat?post=147370"},{"taxonomy":"product_tag","embeddable":true,"href":"https:\/\/mod.wisdar.net\/tr\/wp-json\/wp\/v2\/product_tag?post=147370"}],"curies":[{"name":"wp","href":"https:\/\/api.w.org\/{rel}","templated":true}]}}