{"id":147444,"date":"2026-02-21T23:37:38","date_gmt":"2026-02-21T23:37:38","guid":{"rendered":"https:\/\/modesthanim.com\/product\/pamuklu-ve-baskili-pijama-takimi\/"},"modified":"2026-03-26T21:37:43","modified_gmt":"2026-03-26T21:37:43","slug":"pamuklu-ve-baskili-pijama-takimi","status":"publish","type":"product","link":"https:\/\/mod.wisdar.net\/tr\/urun\/pamuklu-ve-baskili-pijama-takimi\/","title":{"rendered":"Pamuklu ve Bask\u0131l\u0131 Pijama Tak\u0131m\u0131"},"content":{"rendered":"<p>Pamuklu ve bask\u0131l\u0131 yumu\u015fak jarseden \u00fcst ve uyumlu alt i\u00e7eren pijama tak\u0131m\u0131. Ribana \u015feritli yuvarlak yakal\u0131, k\u0131sa kollu \u00fcst. Beli kapl\u0131 lastikli, uzun d\u00fcz pa\u00e7al\u0131 alt.<\/p>\n<p>\u2014 Technical Details \u2014<br \/>\npieces: 2<br \/>\ndescription: A\u00e7\u0131k pembe\/A\u00e7\u0131k gri k\u0131r\u00e7\u0131ll\u0131\/Beyaz, Bonne nuit, \u00e0 demain, \u00c7i\u00e7ekli<br \/>\nlength: Uzun, Normal uzunlukta<br \/>\nsleeve_length: K\u0131sa kollu<br \/>\nneck_style: Yuvarlak yakal\u0131<br \/>\nquantity_sales_mode: Set<br \/>\nmaterial: Pamuk, Jarse<br \/>\npattern: Bonne nuit, \u00e0 demain<\/p>\n","protected":false},"excerpt":{"rendered":"<p>Pamuklu ve bask\u0131l\u0131 yumu\u015fak jarseden \u00fcst ve uyumlu alt i\u00e7eren pijama tak\u0131m\u0131. Ribana \u015feritli yuvarlak yakal\u0131, k\u0131sa kollu \u00fcst. Beli kapl\u0131 lastikli, uzun d\u00fcz pa\u00e7al\u0131 alt. \u2014 Technical Details \u2014 pieces: 2 description: A\u00e7\u0131k pembe\/A\u00e7\u0131k gri k\u0131r\u00e7\u0131ll\u0131\/Beyaz, Bonne nuit, \u00e0 demain, \u00c7i\u00e7ekli length: Uzun, Normal uzunlukta sleeve_length: K\u0131sa kollu neck_style: Yuvarlak yakal\u0131 quantity_sales_mode: Set material: [&hellip;]<\/p>\n","protected":false},"featured_media":147440,"comment_status":"open","ping_status":"closed","template":"","meta":[],"product_brand":[],"product_cat":[8715,8694,8730],"product_tag":[7724],"class_list":{"0":"post-147444","1":"product","2":"type-product","3":"status-publish","4":"has-post-thumbnail","6":"product_cat-kiz-cocuklari-2-14-yas","7":"product_cat-cocuklar","8":"product_cat-pijama","9":"product_tag-ev-giyimi","10":"pa_color-acik-mavi-kirazlar","11":"pa_color-acik-pembe-cicekli","12":"pa_size-134-140-8-10y","13":"pa_size-146-152-10-12y","14":"pa_size-158-164-12-14y","15":"pa_size-170-14y","17":"first","18":"outofstock","19":"shipping-taxable","20":"product-type-variable"},"_links":{"self":[{"href":"https:\/\/mod.wisdar.net\/tr\/wp-json\/wp\/v2\/product\/147444","targetHints":{"allow":["GET"]}}],"collection":[{"href":"https:\/\/mod.wisdar.net\/tr\/wp-json\/wp\/v2\/product"}],"about":[{"href":"https:\/\/mod.wisdar.net\/tr\/wp-json\/wp\/v2\/types\/product"}],"replies":[{"embeddable":true,"href":"https:\/\/mod.wisdar.net\/tr\/wp-json\/wp\/v2\/comments?post=147444"}],"wp:featuredmedia":[{"embeddable":true,"href":"https:\/\/mod.wisdar.net\/tr\/wp-json\/wp\/v2\/media\/147440"}],"wp:attachment":[{"href":"https:\/\/mod.wisdar.net\/tr\/wp-json\/wp\/v2\/media?parent=147444"}],"wp:term":[{"taxonomy":"product_brand","embeddable":true,"href":"https:\/\/mod.wisdar.net\/tr\/wp-json\/wp\/v2\/product_brand?post=147444"},{"taxonomy":"product_cat","embeddable":true,"href":"https:\/\/mod.wisdar.net\/tr\/wp-json\/wp\/v2\/product_cat?post=147444"},{"taxonomy":"product_tag","embeddable":true,"href":"https:\/\/mod.wisdar.net\/tr\/wp-json\/wp\/v2\/product_tag?post=147444"}],"curies":[{"name":"wp","href":"https:\/\/api.w.org\/{rel}","templated":true}]}}