{"id":147459,"date":"2026-02-21T23:37:43","date_gmt":"2026-02-21T23:37:43","guid":{"rendered":"https:\/\/modesthanim.com\/product\/keten-karisimli-gomlek\/"},"modified":"2026-04-04T19:33:10","modified_gmt":"2026-04-04T19:33:10","slug":"keten-karisimli-gomlek","status":"publish","type":"product","link":"https:\/\/mod.wisdar.net\/tr\/urun\/keten-karisimli-gomlek\/","title":{"rendered":"Keten Kar\u0131\u015f\u0131ml\u0131 G\u00f6mlek"},"content":{"rendered":"<p>Keten ve pamuk kar\u0131\u015f\u0131ml\u0131 dokuma kuma\u015ftan, yakal\u0131, \u00f6n\u00fc d\u00fc\u011fmeli, arkas\u0131 robal\u0131, bol kesimli g\u00f6mlek. A\u00e7\u0131k g\u00f6\u011f\u00fcs cepli, d\u00fc\u015f\u00fck omuzlu, uzun kollu, man\u015fetleri d\u00fc\u011fmeli.<\/p>\n<p>\u2014 Technical Details \u2014<br \/>\nmaterial: Keten<br \/>\npattern: D\u00fcz renkli<br \/>\nlength: Normal uzunlukta<br \/>\nsleeve_length: Uzun kollu<br \/>\ncut: Bol kesim<br \/>\ncollar_style: Klasik yakal\u0131<br \/>\nrecycled_cotton: 20% Geri d\u00f6n\u00fc\u015ft\u00fcr\u00fclm\u00fc\u015f pamuk<\/p>\n","protected":false},"excerpt":{"rendered":"<p>Keten ve pamuk kar\u0131\u015f\u0131ml\u0131 dokuma kuma\u015ftan, yakal\u0131, \u00f6n\u00fc d\u00fc\u011fmeli, arkas\u0131 robal\u0131, bol kesimli g\u00f6mlek. A\u00e7\u0131k g\u00f6\u011f\u00fcs cepli, d\u00fc\u015f\u00fck omuzlu, uzun kollu, man\u015fetleri d\u00fc\u011fmeli. \u2014 Technical Details \u2014 material: Keten pattern: D\u00fcz renkli length: Normal uzunlukta sleeve_length: Uzun kollu cut: Bol kesim collar_style: Klasik yakal\u0131 recycled_cotton: 20% Geri d\u00f6n\u00fc\u015ft\u00fcr\u00fclm\u00fc\u015f pamuk<\/p>\n","protected":false},"featured_media":147439,"comment_status":"open","ping_status":"closed","template":"","meta":[],"product_brand":[],"product_cat":[8739,8694,8742],"product_tag":[7326,7426],"class_list":{"0":"post-147459","1":"product","2":"type-product","3":"status-publish","4":"has-post-thumbnail","6":"product_cat-erkek-cocuklar-2-14-yas","7":"product_cat-cocuklar","8":"product_cat-tisortler-gomlekler","9":"product_tag-bol-kesim","10":"product_tag-gunluk-giyim-3","11":"pa_brand-hm","12":"pa_color-acik-mavi-cizgili-2","13":"pa_size-104-3-4y","14":"pa_size-110-4-5y","15":"pa_size-116-5-6y","16":"pa_size-122-6-7y","17":"pa_size-128-7-8y","18":"pa_size-134-8-9y","19":"pa_size-140-9-10y","20":"pa_size-92-1-2y","21":"pa_size-98-2-3y","23":"first","24":"outofstock","25":"shipping-taxable","26":"product-type-variable"},"_links":{"self":[{"href":"https:\/\/mod.wisdar.net\/tr\/wp-json\/wp\/v2\/product\/147459","targetHints":{"allow":["GET"]}}],"collection":[{"href":"https:\/\/mod.wisdar.net\/tr\/wp-json\/wp\/v2\/product"}],"about":[{"href":"https:\/\/mod.wisdar.net\/tr\/wp-json\/wp\/v2\/types\/product"}],"replies":[{"embeddable":true,"href":"https:\/\/mod.wisdar.net\/tr\/wp-json\/wp\/v2\/comments?post=147459"}],"wp:featuredmedia":[{"embeddable":true,"href":"https:\/\/mod.wisdar.net\/tr\/wp-json\/wp\/v2\/media\/147439"}],"wp:attachment":[{"href":"https:\/\/mod.wisdar.net\/tr\/wp-json\/wp\/v2\/media?parent=147459"}],"wp:term":[{"taxonomy":"product_brand","embeddable":true,"href":"https:\/\/mod.wisdar.net\/tr\/wp-json\/wp\/v2\/product_brand?post=147459"},{"taxonomy":"product_cat","embeddable":true,"href":"https:\/\/mod.wisdar.net\/tr\/wp-json\/wp\/v2\/product_cat?post=147459"},{"taxonomy":"product_tag","embeddable":true,"href":"https:\/\/mod.wisdar.net\/tr\/wp-json\/wp\/v2\/product_tag?post=147459"}],"curies":[{"name":"wp","href":"https:\/\/api.w.org\/{rel}","templated":true}]}}