{"id":14747,"date":"2025-11-01T22:11:25","date_gmt":"2025-11-01T22:11:25","guid":{"rendered":"https:\/\/modesthanim.com\/product\/degrade-desenli-tunik-mercan\/"},"modified":"2026-04-15T20:38:22","modified_gmt":"2026-04-15T20:38:22","slug":"degrade-desenli-tunik-mercan","status":"publish","type":"product","link":"https:\/\/mod.wisdar.net\/tr\/urun\/degrade-desenli-tunik-mercan\/","title":{"rendered":"Degrade Desenli Tunik \u2013 Mercan"},"content":{"rendered":"<p>Yumu\u015fak renk ge\u00e7i\u015fleri ile zarafeti \u00f6n plana \u00e7\u0131karan Degrade Desenli Tunik, sade \u015f\u0131kl\u0131\u011f\u0131 modern bir dokunu\u015fla bulu\u015fturuyor. Bu \u00f6zel par\u00e7a, degrade deseni ile dikkat \u00e7ekerek, minimal g\u00f6r\u00fcn\u00fcm\u00fcn\u00fcz\u00fc dinamik bir tarza d\u00f6n\u00fc\u015ft\u00fcr\u00fcyor.<\/p>\n<p>\u2014 Teknik Detaylar \u2014<br \/>\nDesen: Degrade<br \/>\nYaka Tipi: G\u00f6mlek Yaka<br \/>\nKol Tipi: Uzun Kol<br \/>\nCep: Cepsiz<br \/>\nAstar: Astars\u0131z<br \/>\n\u00dcr\u00fcn Boyu: 105 cm<br \/>\nKal\u0131p Tipi: Normal Kal\u0131p<br \/>\nMankenin Giydi\u011fi Beden: 38<br \/>\nManken \u00d6l\u00e7\u00fcleri: Boy: 176 cm, G\u00f6\u011f\u00fcs: 86 cm, Bel: 61 cm, Basen: 90 cm<\/p>\n","protected":false},"excerpt":{"rendered":"<p>Yumu\u015fak renk ge\u00e7i\u015fleri ile zarafeti \u00f6n plana \u00e7\u0131karan Degrade Desenli Tunik, sade \u015f\u0131kl\u0131\u011f\u0131 modern bir dokunu\u015fla bulu\u015fturuyor. Bu \u00f6zel par\u00e7a, degrade deseni ile dikkat \u00e7ekerek, minimal g\u00f6r\u00fcn\u00fcm\u00fcn\u00fcz\u00fc dinamik bir tarza d\u00f6n\u00fc\u015ft\u00fcr\u00fcyor. \u2014 Teknik Detaylar \u2014 Desen: Degrade Yaka Tipi: G\u00f6mlek Yaka Kol Tipi: Uzun Kol Cep: Cepsiz Astar: Astars\u0131z \u00dcr\u00fcn Boyu: 105 cm Kal\u0131p Tipi: [&hellip;]<\/p>\n","protected":false},"featured_media":0,"comment_status":"open","ping_status":"closed","template":"","meta":[],"product_brand":[],"product_cat":[1909],"product_tag":[],"class_list":{"0":"post-14747","1":"product","2":"type-product","3":"status-publish","5":"product_cat-bluzlar-ve-gomlekler","6":"pa_brand-tugba","7":"pa_color-mercan","8":"pa_size-4706","9":"pa_size-4711","10":"pa_size-4713","11":"pa_size-4751","12":"pa_size-4749","13":"pa_size-4747","15":"first","16":"instock","17":"sale","18":"shipping-taxable","19":"purchasable","20":"product-type-variable"},"_links":{"self":[{"href":"https:\/\/mod.wisdar.net\/tr\/wp-json\/wp\/v2\/product\/14747","targetHints":{"allow":["GET"]}}],"collection":[{"href":"https:\/\/mod.wisdar.net\/tr\/wp-json\/wp\/v2\/product"}],"about":[{"href":"https:\/\/mod.wisdar.net\/tr\/wp-json\/wp\/v2\/types\/product"}],"replies":[{"embeddable":true,"href":"https:\/\/mod.wisdar.net\/tr\/wp-json\/wp\/v2\/comments?post=14747"}],"wp:attachment":[{"href":"https:\/\/mod.wisdar.net\/tr\/wp-json\/wp\/v2\/media?parent=14747"}],"wp:term":[{"taxonomy":"product_brand","embeddable":true,"href":"https:\/\/mod.wisdar.net\/tr\/wp-json\/wp\/v2\/product_brand?post=14747"},{"taxonomy":"product_cat","embeddable":true,"href":"https:\/\/mod.wisdar.net\/tr\/wp-json\/wp\/v2\/product_cat?post=14747"},{"taxonomy":"product_tag","embeddable":true,"href":"https:\/\/mod.wisdar.net\/tr\/wp-json\/wp\/v2\/product_tag?post=14747"}],"curies":[{"name":"wp","href":"https:\/\/api.w.org\/{rel}","templated":true}]}}