{"id":147517,"date":"2026-02-22T09:59:20","date_gmt":"2026-02-22T09:59:20","guid":{"rendered":"https:\/\/modesthanim.com\/product\/kiz-bebek-kisa-balon-kollu-bisiklet-yaka-a-kesim-fiyonklu-cicekli-elbise\/"},"modified":"2026-04-02T21:56:59","modified_gmt":"2026-04-02T21:56:59","slug":"kiz-bebek-kisa-balon-kollu-bisiklet-yaka-a-kesim-fiyonklu-cicekli-elbise","status":"publish","type":"product","link":"https:\/\/mod.wisdar.net\/tr\/urun\/kiz-bebek-kisa-balon-kollu-bisiklet-yaka-a-kesim-fiyonklu-cicekli-elbise\/","title":{"rendered":"K\u0131z Bebek K\u0131sa Balon Kollu Bisiklet Yaka A Kesim Fiyonklu \u00c7i\u00e7ekli Elbise"},"content":{"rendered":"<p>Elbise, zarif ve sevimli \u00e7i\u00e7ek desenleriyle \u00f6ne \u00e7\u0131k\u0131yor. Sevimli fiyonk detaylar\u0131yla tasarlanan elbise, yumu\u015fak dokusuyla bebeklere konfor sunuyor. Bisiklet yaka kesimi ve A kesim modeli ile her ortamda rahat hareket imkan\u0131 sa\u011fl\u0131yor. \u015e\u0131k ve tatl\u0131 tasar\u0131m\u0131yla miniklerin gard\u0131robunun favorisi olmaya aday.<\/p>\n<p>\u00dcr\u00fcn \u00d6zellikleri<br \/>\nKol Tipi: K\u0131sa Kol<br \/>\nYaka Tipi: Bisiklet Yaka<br \/>\nDetay: Fiyonklu<br \/>\nKullan\u0131m Alan\u0131: G\u00fcnl\u00fck Giyim, \u00d6zel G\u00fcnler<\/p>\n<p>Koton k\u0131z bebek elbise koleksiyonu, sevimli tasar\u0131m\u0131yla miniklerin kalbini \u00e7al\u0131yor! E\u011flenceli ve enerjik elbise modelleri i\u00e7in Koton Kids koleksiyonunu ke\u015ffedin!<\/p>\n<p>\u00dcr\u00fcnlerimiz kimyasallara kar\u015f\u0131 test edilerek, t\u00fcm g\u00fcvenlik kurallar\u0131na uygun olarak \u00fcretilir. \u00dcr\u00fcnlerimizde sa\u011fl\u0131\u011fa zararl\u0131 boyalar ve a\u011f\u0131r metaller, tehlikeli yutulabilecek k\u00fc\u00e7\u00fck ve keskin par\u00e7alar, kordon ve ba\u011fc\u0131klar bulunmamaktad\u0131r.<\/p>\n<p>\u2014 Technical Details \u2014<br \/>\nKuma\u015f: %4 ELASTAN, %96 POL\u0130ESTER<br \/>\nKol Boyu: K\u0131sa Kol<br \/>\nKol Tipi: Balon Kol<br \/>\nYaka Tipi: Bisiklet Yaka<br \/>\nAstar: %100 PAMUK<br \/>\nSil\u00fcet: A Form<br \/>\n\u00dcr\u00fcn Tipi \/ Stil: A Form<br \/>\n\u00dcr\u00fcn\u00fcn Alt Markas\u0131: Kidswear<\/p>\n","protected":false},"excerpt":{"rendered":"<p>Elbise, zarif ve sevimli \u00e7i\u00e7ek desenleriyle \u00f6ne \u00e7\u0131k\u0131yor. Sevimli fiyonk detaylar\u0131yla tasarlanan elbise, yumu\u015fak dokusuyla bebeklere konfor sunuyor. Bisiklet yaka kesimi ve A kesim modeli ile her ortamda rahat hareket imkan\u0131 sa\u011fl\u0131yor. \u015e\u0131k ve tatl\u0131 tasar\u0131m\u0131yla miniklerin gard\u0131robunun favorisi olmaya aday. \u00dcr\u00fcn \u00d6zellikleri Kol Tipi: K\u0131sa Kol Yaka Tipi: Bisiklet Yaka Detay: Fiyonklu Kullan\u0131m Alan\u0131: [&hellip;]<\/p>\n","protected":false},"featured_media":147512,"comment_status":"open","ping_status":"closed","template":"","meta":[],"product_brand":[],"product_cat":[8718,8715,8694],"product_tag":[6752,7426,6772],"class_list":{"0":"post-147517","1":"product","2":"type-product","3":"status-publish","4":"has-post-thumbnail","6":"product_cat-elbiseler-etekler","7":"product_cat-kiz-cocuklari-2-14-yas","8":"product_cat-cocuklar","9":"product_tag-cicekli-elbise","10":"product_tag-gunluk-giyim-3","11":"product_tag-ozel-gun","12":"pa_brand-koton","13":"pa_color-pembe-desenli","14":"pa_size-12-18-ay-2","15":"pa_size-18-24-ay-2","16":"pa_size-24-36-ay-2","17":"pa_size-3-4-yas-2","18":"pa_size-4-5-yas-2","19":"pa_size-9-12-ay-3","21":"first","22":"outofstock","23":"shipping-taxable","24":"product-type-variable"},"_links":{"self":[{"href":"https:\/\/mod.wisdar.net\/tr\/wp-json\/wp\/v2\/product\/147517","targetHints":{"allow":["GET"]}}],"collection":[{"href":"https:\/\/mod.wisdar.net\/tr\/wp-json\/wp\/v2\/product"}],"about":[{"href":"https:\/\/mod.wisdar.net\/tr\/wp-json\/wp\/v2\/types\/product"}],"replies":[{"embeddable":true,"href":"https:\/\/mod.wisdar.net\/tr\/wp-json\/wp\/v2\/comments?post=147517"}],"wp:featuredmedia":[{"embeddable":true,"href":"https:\/\/mod.wisdar.net\/tr\/wp-json\/wp\/v2\/media\/147512"}],"wp:attachment":[{"href":"https:\/\/mod.wisdar.net\/tr\/wp-json\/wp\/v2\/media?parent=147517"}],"wp:term":[{"taxonomy":"product_brand","embeddable":true,"href":"https:\/\/mod.wisdar.net\/tr\/wp-json\/wp\/v2\/product_brand?post=147517"},{"taxonomy":"product_cat","embeddable":true,"href":"https:\/\/mod.wisdar.net\/tr\/wp-json\/wp\/v2\/product_cat?post=147517"},{"taxonomy":"product_tag","embeddable":true,"href":"https:\/\/mod.wisdar.net\/tr\/wp-json\/wp\/v2\/product_tag?post=147517"}],"curies":[{"name":"wp","href":"https:\/\/api.w.org\/{rel}","templated":true}]}}