{"id":147549,"date":"2026-02-22T11:19:50","date_gmt":"2026-02-22T11:19:50","guid":{"rendered":"https:\/\/modesthanim.com\/product\/erkek-cocuk-uzun-kollu-cep-detayli-dugmeli-papyonlu-gomlek\/"},"modified":"2026-03-03T10:04:01","modified_gmt":"2026-03-03T10:04:01","slug":"erkek-cocuk-uzun-kollu-cep-detayli-dugmeli-papyonlu-gomlek","status":"publish","type":"product","link":"https:\/\/mod.wisdar.net\/tr\/urun\/erkek-cocuk-uzun-kollu-cep-detayli-dugmeli-papyonlu-gomlek\/","title":{"rendered":"Erkek \u00c7ocuk Uzun Kollu Cep Detayl\u0131 D\u00fc\u011fmeli Papyonlu G\u00f6mlek"},"content":{"rendered":"<p>D\u00fc\u011fmeli yap\u0131s\u0131 ve papyon detay\u0131yla \u00f6ne \u00e7\u0131kan g\u00f6mlek, her an \u015f\u0131kl\u0131k sunuyor. Uzun kollu tasar\u0131m\u0131 sayesinde so\u011fuk havalarda rahatl\u0131kla giyilebiliyor. \u00d6zellikle \u00f6zel g\u00fcnlerde minikler i\u00e7in muhte\u015fem bir se\u00e7im oluyor.<\/p>\n<p>\u00dcr\u00fcn \u00d6zellikleri<br \/>\nKol Tipi: Uzun Kol<br \/>\nDetay: D\u00fc\u011fmeli, Papyon<br \/>\nKullan\u0131m Alan\u0131: G\u00fcnl\u00fck Giyim, \u00d6zel G\u00fcnler<\/p>\n<p>Koton erkek \u00e7ocuk koleksiyonu, rahatl\u0131\u011f\u0131 ve \u015f\u0131kl\u0131\u011f\u0131 bir araya getiriyor! Miniklerin \u00f6zel anlar\u0131na e\u015flik edecek tasar\u0131mlar Koton&#8217;da sizi bekliyor!<\/p>\n","protected":false},"excerpt":{"rendered":"<p>D\u00fc\u011fmeli yap\u0131s\u0131 ve papyon detay\u0131yla \u00f6ne \u00e7\u0131kan g\u00f6mlek, her an \u015f\u0131kl\u0131k sunuyor. Uzun kollu tasar\u0131m\u0131 sayesinde so\u011fuk havalarda rahatl\u0131kla giyilebiliyor. \u00d6zellikle \u00f6zel g\u00fcnlerde minikler i\u00e7in muhte\u015fem bir se\u00e7im oluyor. \u00dcr\u00fcn \u00d6zellikleri Kol Tipi: Uzun Kol Detay: D\u00fc\u011fmeli, Papyon Kullan\u0131m Alan\u0131: G\u00fcnl\u00fck Giyim, \u00d6zel G\u00fcnler Koton erkek \u00e7ocuk koleksiyonu, rahatl\u0131\u011f\u0131 ve \u015f\u0131kl\u0131\u011f\u0131 bir araya getiriyor! Miniklerin [&hellip;]<\/p>\n","protected":false},"featured_media":147546,"comment_status":"open","ping_status":"closed","template":"","meta":[],"product_brand":[],"product_cat":[8739,8694,8742],"product_tag":[6772,7959,6768],"class_list":{"0":"post-147549","1":"product","2":"type-product","3":"status-publish","4":"has-post-thumbnail","6":"product_cat-erkek-cocuklar-2-14-yas","7":"product_cat-cocuklar","8":"product_cat-tisortler-gomlekler","9":"product_tag-ozel-gun","10":"product_tag-resmi-giyim","11":"product_tag-uzun-kol","12":"pa_brand-koton","13":"pa_color-beyaz","14":"pa_size-11-12-yas-2","15":"pa_size-13-14-yas-2","16":"pa_size-5-6-yas-2","17":"pa_size-6-7-yas-2","18":"pa_size-7-8-yas-2","19":"pa_size-9-10-yas-2","21":"first","22":"instock","23":"sale","24":"shipping-taxable","25":"purchasable","26":"product-type-variable"},"_links":{"self":[{"href":"https:\/\/mod.wisdar.net\/tr\/wp-json\/wp\/v2\/product\/147549","targetHints":{"allow":["GET"]}}],"collection":[{"href":"https:\/\/mod.wisdar.net\/tr\/wp-json\/wp\/v2\/product"}],"about":[{"href":"https:\/\/mod.wisdar.net\/tr\/wp-json\/wp\/v2\/types\/product"}],"replies":[{"embeddable":true,"href":"https:\/\/mod.wisdar.net\/tr\/wp-json\/wp\/v2\/comments?post=147549"}],"wp:featuredmedia":[{"embeddable":true,"href":"https:\/\/mod.wisdar.net\/tr\/wp-json\/wp\/v2\/media\/147546"}],"wp:attachment":[{"href":"https:\/\/mod.wisdar.net\/tr\/wp-json\/wp\/v2\/media?parent=147549"}],"wp:term":[{"taxonomy":"product_brand","embeddable":true,"href":"https:\/\/mod.wisdar.net\/tr\/wp-json\/wp\/v2\/product_brand?post=147549"},{"taxonomy":"product_cat","embeddable":true,"href":"https:\/\/mod.wisdar.net\/tr\/wp-json\/wp\/v2\/product_cat?post=147549"},{"taxonomy":"product_tag","embeddable":true,"href":"https:\/\/mod.wisdar.net\/tr\/wp-json\/wp\/v2\/product_tag?post=147549"}],"curies":[{"name":"wp","href":"https:\/\/api.w.org\/{rel}","templated":true}]}}