{"id":147607,"date":"2026-02-22T13:01:04","date_gmt":"2026-02-22T13:01:04","guid":{"rendered":"https:\/\/modesthanim.com\/product\/gri-wideleg-kadin-jean-pantolon\/"},"modified":"2026-04-06T01:11:58","modified_gmt":"2026-04-06T01:11:58","slug":"gri-wideleg-kadin-jean-pantolon","status":"publish","type":"product","link":"https:\/\/mod.wisdar.net\/tr\/urun\/gri-wideleg-kadin-jean-pantolon\/","title":{"rendered":"Gri Wideleg Kad\u0131n Jean Pantolon"},"content":{"rendered":"<p>XSIDE Gri Wideleg Kad\u0131n Jean Pantolon size \u00f6zel indirim, taksit ve kap\u0131da \u00f6deme avantajlar\u0131yla LCW&#8217;de! Hemen online al\u0131\u015fveri\u015f yap, \u00fcr\u00fcn kap\u0131na gelsin! \u2013 S6IT44Z8-Q67<\/p>\n<p>\u2014 Technical Details \u2014<br \/>\nMen\u015fei: Turk\u0131ye<br \/>\nSat\u0131c\u0131: LC Waikiki<br \/>\nMarka: XSIDE<br \/>\n\u00dcr\u00fcn Tipi: Jean Pantolon<br \/>\nCinsiyet: Kad\u0131n<br \/>\nKal\u0131p: Standart &amp; Regular<br \/>\nKuma\u015f: Denim<br \/>\nBel Fiti: Y\u00fcksek Bel<br \/>\nDesen: D\u00fcz<br \/>\nPa\u00e7a Fiti: Geni\u015f Pa\u00e7a<br \/>\nMalzeme: %100 Pamuk<\/p>\n","protected":false},"excerpt":{"rendered":"<p>XSIDE Gri Wideleg Kad\u0131n Jean Pantolon size \u00f6zel indirim, taksit ve kap\u0131da \u00f6deme avantajlar\u0131yla LCW&#8217;de! Hemen online al\u0131\u015fveri\u015f yap, \u00fcr\u00fcn kap\u0131na gelsin! \u2013 S6IT44Z8-Q67 \u2014 Technical Details \u2014 Men\u015fei: Turk\u0131ye Sat\u0131c\u0131: LC Waikiki Marka: XSIDE \u00dcr\u00fcn Tipi: Jean Pantolon Cinsiyet: Kad\u0131n Kal\u0131p: Standart &amp; Regular Kuma\u015f: Denim Bel Fiti: Y\u00fcksek Bel Desen: D\u00fcz Pa\u00e7a Fiti: [&hellip;]<\/p>\n","protected":false},"featured_media":147601,"comment_status":"open","ping_status":"closed","template":"","meta":[],"product_brand":[],"product_cat":[1882],"product_tag":[6173,9175,10885,8580,8481,8480],"class_list":{"0":"post-147607","1":"product","2":"type-product","3":"status-publish","4":"has-post-thumbnail","6":"product_cat-alt-giyim","7":"product_tag-cotton-jeans","8":"product_tag-denim-pants","9":"product_tag-gray-jeans","10":"product_tag-high-waist-jeans","11":"product_tag-wide-leg-jeans","12":"product_tag-womens-jeans","13":"pa_brand-xside","14":"pa_color-gri","15":"pa_size-7851","16":"pa_size-7843","17":"pa_size-7841","18":"pa_size-7842","19":"pa_size-7846","21":"first","22":"instock","23":"shipping-taxable","24":"purchasable","25":"product-type-variable"},"_links":{"self":[{"href":"https:\/\/mod.wisdar.net\/tr\/wp-json\/wp\/v2\/product\/147607","targetHints":{"allow":["GET"]}}],"collection":[{"href":"https:\/\/mod.wisdar.net\/tr\/wp-json\/wp\/v2\/product"}],"about":[{"href":"https:\/\/mod.wisdar.net\/tr\/wp-json\/wp\/v2\/types\/product"}],"replies":[{"embeddable":true,"href":"https:\/\/mod.wisdar.net\/tr\/wp-json\/wp\/v2\/comments?post=147607"}],"wp:featuredmedia":[{"embeddable":true,"href":"https:\/\/mod.wisdar.net\/tr\/wp-json\/wp\/v2\/media\/147601"}],"wp:attachment":[{"href":"https:\/\/mod.wisdar.net\/tr\/wp-json\/wp\/v2\/media?parent=147607"}],"wp:term":[{"taxonomy":"product_brand","embeddable":true,"href":"https:\/\/mod.wisdar.net\/tr\/wp-json\/wp\/v2\/product_brand?post=147607"},{"taxonomy":"product_cat","embeddable":true,"href":"https:\/\/mod.wisdar.net\/tr\/wp-json\/wp\/v2\/product_cat?post=147607"},{"taxonomy":"product_tag","embeddable":true,"href":"https:\/\/mod.wisdar.net\/tr\/wp-json\/wp\/v2\/product_tag?post=147607"}],"curies":[{"name":"wp","href":"https:\/\/api.w.org\/{rel}","templated":true}]}}