{"id":147640,"date":"2026-02-22T13:01:13","date_gmt":"2026-02-22T13:01:13","guid":{"rendered":"https:\/\/modesthanim.com\/product\/kruvaze-tasli-double-takim-lacivert\/"},"modified":"2026-04-15T22:08:03","modified_gmt":"2026-04-15T22:08:03","slug":"kruvaze-tasli-double-takim-lacivert","status":"publish","type":"product","link":"https:\/\/mod.wisdar.net\/tr\/urun\/kruvaze-tasli-double-takim-lacivert\/","title":{"rendered":"Kruvaze Ta\u015fl\u0131 Double Tak\u0131m \u2013 Lacivert"},"content":{"rendered":"","protected":false},"excerpt":{"rendered":"","protected":false},"featured_media":147635,"comment_status":"open","ping_status":"closed","template":"","meta":[],"product_brand":[],"product_cat":[1900],"product_tag":[7238,7959,8275],"class_list":{"0":"post-147640","1":"product","2":"type-product","3":"status-publish","4":"has-post-thumbnail","6":"product_cat-koordinatlar-setler","7":"product_tag-lacivert","8":"product_tag-resmi-giyim","9":"product_tag-terzi-dikimi-takim-elbise","10":"pa_brand-ahel","11":"pa_color-lacivert","12":"pa_size-4701","13":"pa_size-4706","14":"pa_size-4711","15":"pa_size-4713","17":"first","18":"instock","19":"sale","20":"shipping-taxable","21":"purchasable","22":"product-type-variable"},"_links":{"self":[{"href":"https:\/\/mod.wisdar.net\/tr\/wp-json\/wp\/v2\/product\/147640","targetHints":{"allow":["GET"]}}],"collection":[{"href":"https:\/\/mod.wisdar.net\/tr\/wp-json\/wp\/v2\/product"}],"about":[{"href":"https:\/\/mod.wisdar.net\/tr\/wp-json\/wp\/v2\/types\/product"}],"replies":[{"embeddable":true,"href":"https:\/\/mod.wisdar.net\/tr\/wp-json\/wp\/v2\/comments?post=147640"}],"wp:featuredmedia":[{"embeddable":true,"href":"https:\/\/mod.wisdar.net\/tr\/wp-json\/wp\/v2\/media\/147635"}],"wp:attachment":[{"href":"https:\/\/mod.wisdar.net\/tr\/wp-json\/wp\/v2\/media?parent=147640"}],"wp:term":[{"taxonomy":"product_brand","embeddable":true,"href":"https:\/\/mod.wisdar.net\/tr\/wp-json\/wp\/v2\/product_brand?post=147640"},{"taxonomy":"product_cat","embeddable":true,"href":"https:\/\/mod.wisdar.net\/tr\/wp-json\/wp\/v2\/product_cat?post=147640"},{"taxonomy":"product_tag","embeddable":true,"href":"https:\/\/mod.wisdar.net\/tr\/wp-json\/wp\/v2\/product_tag?post=147640"}],"curies":[{"name":"wp","href":"https:\/\/api.w.org\/{rel}","templated":true}]}}