{"id":14767,"date":"2025-11-01T22:11:35","date_gmt":"2025-11-01T22:11:35","guid":{"rendered":"https:\/\/modesthanim.com\/product\/pile-detayli-tunik-bej\/"},"modified":"2026-04-10T17:33:29","modified_gmt":"2026-04-10T17:33:29","slug":"pile-detayli-tunik-bej","status":"publish","type":"product","link":"https:\/\/mod.wisdar.net\/tr\/urun\/pile-detayli-tunik-bej\/","title":{"rendered":"Pile Detayl\u0131 Tunik \u2013 Bej"},"content":{"rendered":"<p>Bu tunik, \u00f6n yaka k\u0131sm\u0131ndaki pile detaylar\u0131 ile zarif bir hava kazan\u0131r ve basit formuna \u015f\u0131k bir dokunu\u015f katar. Rahat kal\u0131b\u0131 t\u00fcm g\u00fcn konfor sunar. Hem g\u00fcnl\u00fck hem de ofis tarzlar\u0131na kolayca uyum sa\u011flar.<\/p>\n<p>\u2014 Teknik Detaylar \u2014<br \/>\nDesen: D\u00fcz<br \/>\nYaka Tipi: G\u00f6mlek Yakas\u0131<br \/>\nKol Tipi: Uzun Kol<br \/>\nCep: Cepsiz<br \/>\nAstar: Astars\u0131z<br \/>\n\u00dcr\u00fcn Uzunlu\u011fu: 100 cm<br \/>\nKal\u0131p: Normal Kal\u0131p<br \/>\nModelin Giydi\u011fi Beden: 38<br \/>\nModel \u00d6l\u00e7\u00fcleri: {&#8216;Boy&#8217;: &#8216;176 cm&#8217;, &#8216;G\u00f6\u011f\u00fcs&#8217;: &#8217;80 cm&#8217;, &#8216;Bel&#8217;: &#8217;60 cm&#8217;, &#8216;Kal\u00e7a&#8217;: &#8217;90 cm&#8217;}<\/p>\n","protected":false},"excerpt":{"rendered":"<p>Bu tunik, \u00f6n yaka k\u0131sm\u0131ndaki pile detaylar\u0131 ile zarif bir hava kazan\u0131r ve basit formuna \u015f\u0131k bir dokunu\u015f katar. Rahat kal\u0131b\u0131 t\u00fcm g\u00fcn konfor sunar. Hem g\u00fcnl\u00fck hem de ofis tarzlar\u0131na kolayca uyum sa\u011flar. \u2014 Teknik Detaylar \u2014 Desen: D\u00fcz Yaka Tipi: G\u00f6mlek Yakas\u0131 Kol Tipi: Uzun Kol Cep: Cepsiz Astar: Astars\u0131z \u00dcr\u00fcn Uzunlu\u011fu: 100 [&hellip;]<\/p>\n","protected":false},"featured_media":14721,"comment_status":"open","ping_status":"closed","template":"","meta":[],"product_brand":[],"product_cat":[1909],"product_tag":[7419,6747,6751],"class_list":{"0":"post-14767","1":"product","2":"type-product","3":"status-publish","4":"has-post-thumbnail","6":"product_cat-bluzlar-ve-gomlekler","7":"product_tag-gunluk","8":"product_tag-pile-detayli","9":"product_tag-rahat","10":"pa_brand-tugba","11":"pa_color-bej","12":"pa_size-4706","13":"pa_size-4711","14":"pa_size-4713","15":"pa_size-4751","16":"pa_size-4749","17":"pa_size-4747","19":"first","20":"instock","21":"sale","22":"shipping-taxable","23":"purchasable","24":"product-type-variable"},"_links":{"self":[{"href":"https:\/\/mod.wisdar.net\/tr\/wp-json\/wp\/v2\/product\/14767","targetHints":{"allow":["GET"]}}],"collection":[{"href":"https:\/\/mod.wisdar.net\/tr\/wp-json\/wp\/v2\/product"}],"about":[{"href":"https:\/\/mod.wisdar.net\/tr\/wp-json\/wp\/v2\/types\/product"}],"replies":[{"embeddable":true,"href":"https:\/\/mod.wisdar.net\/tr\/wp-json\/wp\/v2\/comments?post=14767"}],"wp:featuredmedia":[{"embeddable":true,"href":"https:\/\/mod.wisdar.net\/tr\/wp-json\/wp\/v2\/media\/14721"}],"wp:attachment":[{"href":"https:\/\/mod.wisdar.net\/tr\/wp-json\/wp\/v2\/media?parent=14767"}],"wp:term":[{"taxonomy":"product_brand","embeddable":true,"href":"https:\/\/mod.wisdar.net\/tr\/wp-json\/wp\/v2\/product_brand?post=14767"},{"taxonomy":"product_cat","embeddable":true,"href":"https:\/\/mod.wisdar.net\/tr\/wp-json\/wp\/v2\/product_cat?post=14767"},{"taxonomy":"product_tag","embeddable":true,"href":"https:\/\/mod.wisdar.net\/tr\/wp-json\/wp\/v2\/product_tag?post=14767"}],"curies":[{"name":"wp","href":"https:\/\/api.w.org\/{rel}","templated":true}]}}