{"id":147785,"date":"2026-02-22T13:08:23","date_gmt":"2026-02-22T13:08:23","guid":{"rendered":"https:\/\/modesthanim.com\/product\/kol-gipeli-salli-sifon-takim-butter-yellow\/"},"modified":"2026-03-16T19:43:06","modified_gmt":"2026-03-16T19:43:06","slug":"kol-gipeli-salli-sifon-takim-butter-yellow","status":"publish","type":"product","link":"https:\/\/mod.wisdar.net\/tr\/urun\/kol-gipeli-salli-sifon-takim-butter-yellow\/","title":{"rendered":"Kol Gipeli \u015eall\u0131 \u015eifon Tak\u0131m \u2013 Butter Yellow"},"content":{"rendered":"","protected":false},"excerpt":{"rendered":"","protected":false},"featured_media":147780,"comment_status":"open","ping_status":"closed","template":"","meta":[],"product_brand":[],"product_cat":[1900],"product_tag":[5012,6766,6744],"class_list":{"0":"post-147785","1":"product","2":"type-product","3":"status-publish","4":"has-post-thumbnail","6":"product_cat-koordinatlar-setler","7":"product_tag-elegant","8":"product_tag-hafif","9":"product_tag-kadin-modasi","10":"pa_brand-ahel","11":"pa_color-butter-yellow","12":"pa_size-4446","13":"pa_size-4463","15":"first","16":"outofstock","17":"shipping-taxable","18":"product-type-variable"},"_links":{"self":[{"href":"https:\/\/mod.wisdar.net\/tr\/wp-json\/wp\/v2\/product\/147785","targetHints":{"allow":["GET"]}}],"collection":[{"href":"https:\/\/mod.wisdar.net\/tr\/wp-json\/wp\/v2\/product"}],"about":[{"href":"https:\/\/mod.wisdar.net\/tr\/wp-json\/wp\/v2\/types\/product"}],"replies":[{"embeddable":true,"href":"https:\/\/mod.wisdar.net\/tr\/wp-json\/wp\/v2\/comments?post=147785"}],"wp:featuredmedia":[{"embeddable":true,"href":"https:\/\/mod.wisdar.net\/tr\/wp-json\/wp\/v2\/media\/147780"}],"wp:attachment":[{"href":"https:\/\/mod.wisdar.net\/tr\/wp-json\/wp\/v2\/media?parent=147785"}],"wp:term":[{"taxonomy":"product_brand","embeddable":true,"href":"https:\/\/mod.wisdar.net\/tr\/wp-json\/wp\/v2\/product_brand?post=147785"},{"taxonomy":"product_cat","embeddable":true,"href":"https:\/\/mod.wisdar.net\/tr\/wp-json\/wp\/v2\/product_cat?post=147785"},{"taxonomy":"product_tag","embeddable":true,"href":"https:\/\/mod.wisdar.net\/tr\/wp-json\/wp\/v2\/product_tag?post=147785"}],"curies":[{"name":"wp","href":"https:\/\/api.w.org\/{rel}","templated":true}]}}