{"id":147856,"date":"2026-02-22T13:12:32","date_gmt":"2026-02-22T13:12:32","guid":{"rendered":"https:\/\/modesthanim.com\/product\/cizgili-pamuklu-gomlek-sari-cizgi\/"},"modified":"2026-03-30T01:11:46","modified_gmt":"2026-03-30T01:11:46","slug":"cizgili-pamuklu-gomlek-sari-cizgi","status":"publish","type":"product","link":"https:\/\/mod.wisdar.net\/tr\/urun\/cizgili-pamuklu-gomlek-sari-cizgi\/","title":{"rendered":"\u00c7\u0130ZG\u0130L\u0130 PAMUKLU G\u00d6MLEK SARI \u00c7\u0130ZG\u0130"},"content":{"rendered":"<p>G\u00f6mlek yakal\u0131, d\u00fc\u011fme kapamal\u0131, uzun kollu, geni\u015f man\u015fetli, \u00e7izgili poplin kuma\u015ftan \u00fcretilmi\u015ftir.<\/p>\n<p>%100 Pamuk<\/p>\n<p>\u00dcr\u00fcn\u00fc ters \u00e7evirerek y\u0131kay\u0131n\u0131z. \u00dcr\u00fcn\u00fc tersten \u00fct\u00fcleyiniz. Maksimum 30 derece s\u0131cakl\u0131kta y\u0131kay\u0131n\u0131z. A\u011fart\u0131c\u0131 kullanmay\u0131n\u0131z. D\u00fc\u015f\u00fck s\u0131cakl\u0131kta \u00fct\u00fcleyiniz. Kuru temizleme yap\u0131lamaz. Tamburlu kurutma yapmay\u0131n\u0131z.<\/p>\n","protected":false},"excerpt":{"rendered":"<p>G\u00f6mlek yakal\u0131, d\u00fc\u011fme kapamal\u0131, uzun kollu, geni\u015f man\u015fetli, \u00e7izgili poplin kuma\u015ftan \u00fcretilmi\u015ftir. %100 Pamuk \u00dcr\u00fcn\u00fc ters \u00e7evirerek y\u0131kay\u0131n\u0131z. \u00dcr\u00fcn\u00fc tersten \u00fct\u00fcleyiniz. Maksimum 30 derece s\u0131cakl\u0131kta y\u0131kay\u0131n\u0131z. A\u011fart\u0131c\u0131 kullanmay\u0131n\u0131z. D\u00fc\u015f\u00fck s\u0131cakl\u0131kta \u00fct\u00fcleyiniz. Kuru temizleme yap\u0131lamaz. Tamburlu kurutma yapmay\u0131n\u0131z.<\/p>\n","protected":false},"featured_media":147844,"comment_status":"open","ping_status":"closed","template":"","meta":[],"product_brand":[],"product_cat":[1909],"product_tag":[10893,4962,5736,9432,9323,10891],"class_list":{"0":"post-147856","1":"product","2":"type-product","3":"status-publish","4":"has-post-thumbnail","6":"product_cat-bluzlar-ve-gomlekler","7":"product_tag-button-down-shirt-2","8":"product_tag-cotton-shirt","9":"product_tag-long-sleeve-shirt","10":"product_tag-poplin-fabric","11":"product_tag-striped-shirt","12":"product_tag-yellow-stripes","13":"pa_brand-manuka","14":"pa_color-sari-cizgi","15":"pa_size-ml","16":"pa_size-sm","18":"first","19":"outofstock","20":"shipping-taxable","21":"product-type-variable"},"_links":{"self":[{"href":"https:\/\/mod.wisdar.net\/tr\/wp-json\/wp\/v2\/product\/147856","targetHints":{"allow":["GET"]}}],"collection":[{"href":"https:\/\/mod.wisdar.net\/tr\/wp-json\/wp\/v2\/product"}],"about":[{"href":"https:\/\/mod.wisdar.net\/tr\/wp-json\/wp\/v2\/types\/product"}],"replies":[{"embeddable":true,"href":"https:\/\/mod.wisdar.net\/tr\/wp-json\/wp\/v2\/comments?post=147856"}],"wp:featuredmedia":[{"embeddable":true,"href":"https:\/\/mod.wisdar.net\/tr\/wp-json\/wp\/v2\/media\/147844"}],"wp:attachment":[{"href":"https:\/\/mod.wisdar.net\/tr\/wp-json\/wp\/v2\/media?parent=147856"}],"wp:term":[{"taxonomy":"product_brand","embeddable":true,"href":"https:\/\/mod.wisdar.net\/tr\/wp-json\/wp\/v2\/product_brand?post=147856"},{"taxonomy":"product_cat","embeddable":true,"href":"https:\/\/mod.wisdar.net\/tr\/wp-json\/wp\/v2\/product_cat?post=147856"},{"taxonomy":"product_tag","embeddable":true,"href":"https:\/\/mod.wisdar.net\/tr\/wp-json\/wp\/v2\/product_tag?post=147856"}],"curies":[{"name":"wp","href":"https:\/\/api.w.org\/{rel}","templated":true}]}}