{"id":147887,"date":"2026-02-22T13:25:06","date_gmt":"2026-02-22T13:25:06","guid":{"rendered":"https:\/\/modesthanim.com\/product\/kol-gipeli-salli-sifon-takim-aci-kahve\/"},"modified":"2026-04-02T21:58:45","modified_gmt":"2026-04-02T21:58:45","slug":"kol-gipeli-salli-sifon-takim-aci-kahve","status":"publish","type":"product","link":"https:\/\/mod.wisdar.net\/tr\/urun\/kol-gipeli-salli-sifon-takim-aci-kahve\/","title":{"rendered":"Kol Gipeli \u015eall\u0131 \u015eifon Tak\u0131m \u2013 Ac\u0131 Kahve"},"content":{"rendered":"","protected":false},"excerpt":{"rendered":"","protected":false},"featured_media":147882,"comment_status":"open","ping_status":"closed","template":"","meta":[],"product_brand":[],"product_cat":[1900],"product_tag":[6930,5012,7547],"class_list":{"0":"post-147887","1":"product","2":"type-product","3":"status-publish","4":"has-post-thumbnail","6":"product_cat-koordinatlar-setler","7":"product_tag-bitter-coffee","8":"product_tag-elegant","9":"product_tag-kadin-giyim","10":"pa_brand-ahel","11":"pa_color-aci-kahve-1","12":"pa_size-4446","13":"pa_size-4463","15":"first","16":"outofstock","17":"sale","18":"shipping-taxable","19":"purchasable","20":"product-type-variable"},"_links":{"self":[{"href":"https:\/\/mod.wisdar.net\/tr\/wp-json\/wp\/v2\/product\/147887","targetHints":{"allow":["GET"]}}],"collection":[{"href":"https:\/\/mod.wisdar.net\/tr\/wp-json\/wp\/v2\/product"}],"about":[{"href":"https:\/\/mod.wisdar.net\/tr\/wp-json\/wp\/v2\/types\/product"}],"replies":[{"embeddable":true,"href":"https:\/\/mod.wisdar.net\/tr\/wp-json\/wp\/v2\/comments?post=147887"}],"wp:featuredmedia":[{"embeddable":true,"href":"https:\/\/mod.wisdar.net\/tr\/wp-json\/wp\/v2\/media\/147882"}],"wp:attachment":[{"href":"https:\/\/mod.wisdar.net\/tr\/wp-json\/wp\/v2\/media?parent=147887"}],"wp:term":[{"taxonomy":"product_brand","embeddable":true,"href":"https:\/\/mod.wisdar.net\/tr\/wp-json\/wp\/v2\/product_brand?post=147887"},{"taxonomy":"product_cat","embeddable":true,"href":"https:\/\/mod.wisdar.net\/tr\/wp-json\/wp\/v2\/product_cat?post=147887"},{"taxonomy":"product_tag","embeddable":true,"href":"https:\/\/mod.wisdar.net\/tr\/wp-json\/wp\/v2\/product_tag?post=147887"}],"curies":[{"name":"wp","href":"https:\/\/api.w.org\/{rel}","templated":true}]}}