{"id":14793,"date":"2025-11-01T22:12:26","date_gmt":"2025-11-01T22:12:26","guid":{"rendered":"https:\/\/modesthanim.com\/product\/kusakli-dokumlu-tunik-pudra\/"},"modified":"2026-04-10T17:40:44","modified_gmt":"2026-04-10T17:40:44","slug":"kusakli-dokumlu-tunik-pudra","status":"publish","type":"product","link":"https:\/\/mod.wisdar.net\/tr\/urun\/kusakli-dokumlu-tunik-pudra\/","title":{"rendered":"Ku\u015fakl\u0131 D\u00f6k\u00fcml\u00fc Tunik \u2013 Pudra"},"content":{"rendered":"<p>Zarafetin do\u011fal ak\u0131\u015f\u0131&#8230; Ku\u015fakl\u0131 bel detay\u0131 ve d\u00f6k\u00fcml\u00fc yap\u0131s\u0131 ile bu tunik, v\u00fccut \u015feklini zarif bir \u015fekilde vurgulayarak, minimal g\u00f6r\u00fcn\u00fcm\u00fcne ra\u011fmen etkileyici bir duru\u015f sunar.<\/p>\n<p>Kuma\u015f \u0130\u00e7eri\u011fi: %100 Polyester<br \/>\nDesen: D\u00fcz<br \/>\nYaka Tipi: Yaka Yok<br \/>\nKol Tipi: Uzun Kol<br \/>\nCep: Cep Yok<br \/>\nAstar: Astars\u0131z<br \/>\n\u00dcr\u00fcn Uzunlu\u011fu: 100 cm<br \/>\nKal\u0131p: Normal Kal\u0131p<br \/>\nModelin Giydi\u011fi Beden: 38<br \/>\nModel \u00d6l\u00e7\u00fcleri: Boy: 174 cm, G\u00f6\u011f\u00fcs: 81 cm, Bel: 61 cm, Kal\u00e7a: 92 cm<\/p>\n<p>\u2014 Teknik Detaylar \u2014<br \/>\nDesen: D\u00fcz<br \/>\nYaka Tipi: Yaka Yok<br \/>\nKol Tipi: Uzun Kol<br \/>\nCep: Cep Yok<br \/>\nAstar: Astars\u0131z<br \/>\n\u00dcr\u00fcn Uzunlu\u011fu: 100 cm<br \/>\nKal\u0131p: Normal Kal\u0131p<br \/>\nModelin Giydi\u011fi Beden: 38<br \/>\nModel \u00d6l\u00e7\u00fcleri: Boy: 174 cm, G\u00f6\u011f\u00fcs: 81 cm, Bel: 61 cm, Kal\u00e7a: 92 cm<\/p>\n","protected":false},"excerpt":{"rendered":"<p>Zarafetin do\u011fal ak\u0131\u015f\u0131&#8230; Ku\u015fakl\u0131 bel detay\u0131 ve d\u00f6k\u00fcml\u00fc yap\u0131s\u0131 ile bu tunik, v\u00fccut \u015feklini zarif bir \u015fekilde vurgulayarak, minimal g\u00f6r\u00fcn\u00fcm\u00fcne ra\u011fmen etkileyici bir duru\u015f sunar. Kuma\u015f \u0130\u00e7eri\u011fi: %100 Polyester Desen: D\u00fcz Yaka Tipi: Yaka Yok Kol Tipi: Uzun Kol Cep: Cep Yok Astar: Astars\u0131z \u00dcr\u00fcn Uzunlu\u011fu: 100 cm Kal\u0131p: Normal Kal\u0131p Modelin Giydi\u011fi Beden: 38 [&hellip;]<\/p>\n","protected":false},"featured_media":14766,"comment_status":"open","ping_status":"closed","template":"","meta":[],"product_brand":[],"product_cat":[2050],"product_tag":[5012,7668],"class_list":{"0":"post-14793","1":"product","2":"type-product","3":"status-publish","4":"has-post-thumbnail","6":"product_cat-blazer-ceketler","7":"product_tag-elegant","8":"product_tag-kemerli","9":"pa_brand-tugba","10":"pa_color-pudra","11":"pa_size-4706","12":"pa_size-4711","13":"pa_size-4713","14":"pa_size-4751","15":"pa_size-4749","16":"pa_size-4747","18":"first","19":"instock","20":"sale","21":"shipping-taxable","22":"purchasable","23":"product-type-variable"},"_links":{"self":[{"href":"https:\/\/mod.wisdar.net\/tr\/wp-json\/wp\/v2\/product\/14793","targetHints":{"allow":["GET"]}}],"collection":[{"href":"https:\/\/mod.wisdar.net\/tr\/wp-json\/wp\/v2\/product"}],"about":[{"href":"https:\/\/mod.wisdar.net\/tr\/wp-json\/wp\/v2\/types\/product"}],"replies":[{"embeddable":true,"href":"https:\/\/mod.wisdar.net\/tr\/wp-json\/wp\/v2\/comments?post=14793"}],"wp:featuredmedia":[{"embeddable":true,"href":"https:\/\/mod.wisdar.net\/tr\/wp-json\/wp\/v2\/media\/14766"}],"wp:attachment":[{"href":"https:\/\/mod.wisdar.net\/tr\/wp-json\/wp\/v2\/media?parent=14793"}],"wp:term":[{"taxonomy":"product_brand","embeddable":true,"href":"https:\/\/mod.wisdar.net\/tr\/wp-json\/wp\/v2\/product_brand?post=14793"},{"taxonomy":"product_cat","embeddable":true,"href":"https:\/\/mod.wisdar.net\/tr\/wp-json\/wp\/v2\/product_cat?post=14793"},{"taxonomy":"product_tag","embeddable":true,"href":"https:\/\/mod.wisdar.net\/tr\/wp-json\/wp\/v2\/product_tag?post=14793"}],"curies":[{"name":"wp","href":"https:\/\/api.w.org\/{rel}","templated":true}]}}