{"id":147968,"date":"2026-02-22T13:29:54","date_gmt":"2026-02-22T13:29:54","guid":{"rendered":"https:\/\/modesthanim.com\/product\/enya-pileli-gomlek-elbise-puantiye\/"},"modified":"2026-04-06T01:20:48","modified_gmt":"2026-04-06T01:20:48","slug":"enya-pileli-gomlek-elbise-puantiye","status":"publish","type":"product","link":"https:\/\/mod.wisdar.net\/tr\/urun\/enya-pileli-gomlek-elbise-puantiye\/","title":{"rendered":"ENYA P\u0130LEL\u0130 G\u00d6MLEK ELB\u0130SE PUANT\u0130YE"},"content":{"rendered":"<p>Fit kal\u0131p, g\u00f6mlek yakal\u0131, uzun geni\u015f kol form, pileli, kolucu ba\u011flama detayl\u0131, bilek boy, kruvaze d\u00fc\u011fme kapamal\u0131.<\/p>\n<p>Ana Kuma\u015f: %100 Pamuk<\/p>\n<p>D\u00fc\u015f\u00fck s\u0131cakl\u0131kta \u00fct\u00fcleyiniz.<br \/>\nA\u011fart\u0131c\u0131 kullanmay\u0131n\u0131z.<br \/>\nYaln\u0131zca kuru temizleme.<br \/>\nTamburlu kurutma yapmay\u0131n\u0131z.<\/p>\n","protected":false},"excerpt":{"rendered":"<p>Fit kal\u0131p, g\u00f6mlek yakal\u0131, uzun geni\u015f kol form, pileli, kolucu ba\u011flama detayl\u0131, bilek boy, kruvaze d\u00fc\u011fme kapamal\u0131. Ana Kuma\u015f: %100 Pamuk D\u00fc\u015f\u00fck s\u0131cakl\u0131kta \u00fct\u00fcleyiniz. A\u011fart\u0131c\u0131 kullanmay\u0131n\u0131z. Yaln\u0131zca kuru temizleme. Tamburlu kurutma yapmay\u0131n\u0131z.<\/p>\n","protected":false},"featured_media":147955,"comment_status":"open","ping_status":"closed","template":"","meta":[],"product_brand":[],"product_cat":[],"product_tag":[],"class_list":{"0":"post-147968","1":"product","2":"type-product","3":"status-publish","4":"has-post-thumbnail","7":"first","8":"outofstock","9":"sale","10":"shipping-taxable","11":"purchasable","12":"product-type-variable"},"_links":{"self":[{"href":"https:\/\/mod.wisdar.net\/tr\/wp-json\/wp\/v2\/product\/147968","targetHints":{"allow":["GET"]}}],"collection":[{"href":"https:\/\/mod.wisdar.net\/tr\/wp-json\/wp\/v2\/product"}],"about":[{"href":"https:\/\/mod.wisdar.net\/tr\/wp-json\/wp\/v2\/types\/product"}],"replies":[{"embeddable":true,"href":"https:\/\/mod.wisdar.net\/tr\/wp-json\/wp\/v2\/comments?post=147968"}],"wp:featuredmedia":[{"embeddable":true,"href":"https:\/\/mod.wisdar.net\/tr\/wp-json\/wp\/v2\/media\/147955"}],"wp:attachment":[{"href":"https:\/\/mod.wisdar.net\/tr\/wp-json\/wp\/v2\/media?parent=147968"}],"wp:term":[{"taxonomy":"product_brand","embeddable":true,"href":"https:\/\/mod.wisdar.net\/tr\/wp-json\/wp\/v2\/product_brand?post=147968"},{"taxonomy":"product_cat","embeddable":true,"href":"https:\/\/mod.wisdar.net\/tr\/wp-json\/wp\/v2\/product_cat?post=147968"},{"taxonomy":"product_tag","embeddable":true,"href":"https:\/\/mod.wisdar.net\/tr\/wp-json\/wp\/v2\/product_tag?post=147968"}],"curies":[{"name":"wp","href":"https:\/\/api.w.org\/{rel}","templated":true}]}}