{"id":147975,"date":"2026-02-22T13:30:06","date_gmt":"2026-02-22T13:30:06","guid":{"rendered":"https:\/\/modesthanim.com\/product\/kol-gipeli-salli-sifon-takim-bordo\/"},"modified":"2026-04-02T21:59:03","modified_gmt":"2026-04-02T21:59:03","slug":"kol-gipeli-salli-sifon-takim-bordo","status":"publish","type":"product","link":"https:\/\/mod.wisdar.net\/tr\/urun\/kol-gipeli-salli-sifon-takim-bordo\/","title":{"rendered":"Kol Gipeli \u015eall\u0131 \u015eifon Tak\u0131m \u2013 Bordo"},"content":{"rendered":"","protected":false},"excerpt":{"rendered":"","protected":false},"featured_media":147960,"comment_status":"open","ping_status":"closed","template":"","meta":[],"product_brand":[],"product_cat":[1900],"product_tag":[7150,5012,6766,6744,8285],"class_list":{"0":"post-147975","1":"product","2":"type-product","3":"status-publish","4":"has-post-thumbnail","6":"product_cat-koordinatlar-setler","7":"product_tag-bordo","8":"product_tag-elegant","9":"product_tag-hafif","10":"product_tag-kadin-modasi","11":"product_tag-sal-yaka","12":"pa_brand-ahel","13":"pa_color-bordo","14":"pa_size-4446","15":"pa_size-4463","17":"first","18":"outofstock","19":"sale","20":"shipping-taxable","21":"purchasable","22":"product-type-variable"},"_links":{"self":[{"href":"https:\/\/mod.wisdar.net\/tr\/wp-json\/wp\/v2\/product\/147975","targetHints":{"allow":["GET"]}}],"collection":[{"href":"https:\/\/mod.wisdar.net\/tr\/wp-json\/wp\/v2\/product"}],"about":[{"href":"https:\/\/mod.wisdar.net\/tr\/wp-json\/wp\/v2\/types\/product"}],"replies":[{"embeddable":true,"href":"https:\/\/mod.wisdar.net\/tr\/wp-json\/wp\/v2\/comments?post=147975"}],"wp:featuredmedia":[{"embeddable":true,"href":"https:\/\/mod.wisdar.net\/tr\/wp-json\/wp\/v2\/media\/147960"}],"wp:attachment":[{"href":"https:\/\/mod.wisdar.net\/tr\/wp-json\/wp\/v2\/media?parent=147975"}],"wp:term":[{"taxonomy":"product_brand","embeddable":true,"href":"https:\/\/mod.wisdar.net\/tr\/wp-json\/wp\/v2\/product_brand?post=147975"},{"taxonomy":"product_cat","embeddable":true,"href":"https:\/\/mod.wisdar.net\/tr\/wp-json\/wp\/v2\/product_cat?post=147975"},{"taxonomy":"product_tag","embeddable":true,"href":"https:\/\/mod.wisdar.net\/tr\/wp-json\/wp\/v2\/product_tag?post=147975"}],"curies":[{"name":"wp","href":"https:\/\/api.w.org\/{rel}","templated":true}]}}