{"id":148107,"date":"2026-02-22T13:35:49","date_gmt":"2026-02-22T13:35:49","guid":{"rendered":"https:\/\/modesthanim.com\/product\/yuksek-yakali-oversize-sweatshirt-kirmizi\/"},"modified":"2026-03-30T01:21:06","modified_gmt":"2026-03-30T01:21:06","slug":"yuksek-yakali-oversize-sweatshirt-kirmizi","status":"publish","type":"product","link":"https:\/\/mod.wisdar.net\/tr\/urun\/yuksek-yakali-oversize-sweatshirt-kirmizi\/","title":{"rendered":"Y\u00dcKSEK YAKALI OVERSIZE SWEATSHIRT KIRMIZI"},"content":{"rendered":"<p>Normal kal\u0131p, dik yaka, uzun kol, crop boy.<\/p>\n<p>Ana Kuma\u015f %100 Pamuk<\/p>\n<p>\u00dcr\u00fcn\u00fc ters \u00e7evirerek y\u0131kay\u0131n\u0131z<br \/>\n\u00dcr\u00fcn\u00fc tersten \u00fct\u00fcleyiniz<br \/>\nMaksimum 30 \u00b0C s\u0131cakl\u0131kta y\u0131kay\u0131n\u0131z<br \/>\nA\u011fart\u0131c\u0131 kullanmay\u0131n\u0131z<br \/>\nD\u00fc\u015f\u00fck s\u0131cakl\u0131kta \u00fct\u00fcleyiniz<br \/>\nKuru temizleme yap\u0131lamaz<br \/>\nTamburlu kurutma yapmay\u0131n\u0131z.<\/p>\n","protected":false},"excerpt":{"rendered":"<p>Normal kal\u0131p, dik yaka, uzun kol, crop boy. Ana Kuma\u015f %100 Pamuk \u00dcr\u00fcn\u00fc ters \u00e7evirerek y\u0131kay\u0131n\u0131z \u00dcr\u00fcn\u00fc tersten \u00fct\u00fcleyiniz Maksimum 30 \u00b0C s\u0131cakl\u0131kta y\u0131kay\u0131n\u0131z A\u011fart\u0131c\u0131 kullanmay\u0131n\u0131z D\u00fc\u015f\u00fck s\u0131cakl\u0131kta \u00fct\u00fcleyiniz Kuru temizleme yap\u0131lamaz Tamburlu kurutma yapmay\u0131n\u0131z.<\/p>\n","protected":false},"featured_media":148098,"comment_status":"open","ping_status":"closed","template":"","meta":[],"product_brand":[],"product_cat":[1927],"product_tag":[7350,7396],"class_list":{"0":"post-148107","1":"product","2":"type-product","3":"status-publish","4":"has-post-thumbnail","6":"product_cat-hoodies-sweatshirtler","7":"product_tag-balikci-yaka","8":"product_tag-crop-top","9":"pa_brand-manuka","10":"pa_color-kirmizi-2","11":"pa_size-l","12":"pa_size-m","13":"pa_size-s","15":"first","16":"outofstock","17":"shipping-taxable","18":"product-type-variable"},"_links":{"self":[{"href":"https:\/\/mod.wisdar.net\/tr\/wp-json\/wp\/v2\/product\/148107","targetHints":{"allow":["GET"]}}],"collection":[{"href":"https:\/\/mod.wisdar.net\/tr\/wp-json\/wp\/v2\/product"}],"about":[{"href":"https:\/\/mod.wisdar.net\/tr\/wp-json\/wp\/v2\/types\/product"}],"replies":[{"embeddable":true,"href":"https:\/\/mod.wisdar.net\/tr\/wp-json\/wp\/v2\/comments?post=148107"}],"wp:featuredmedia":[{"embeddable":true,"href":"https:\/\/mod.wisdar.net\/tr\/wp-json\/wp\/v2\/media\/148098"}],"wp:attachment":[{"href":"https:\/\/mod.wisdar.net\/tr\/wp-json\/wp\/v2\/media?parent=148107"}],"wp:term":[{"taxonomy":"product_brand","embeddable":true,"href":"https:\/\/mod.wisdar.net\/tr\/wp-json\/wp\/v2\/product_brand?post=148107"},{"taxonomy":"product_cat","embeddable":true,"href":"https:\/\/mod.wisdar.net\/tr\/wp-json\/wp\/v2\/product_cat?post=148107"},{"taxonomy":"product_tag","embeddable":true,"href":"https:\/\/mod.wisdar.net\/tr\/wp-json\/wp\/v2\/product_tag?post=148107"}],"curies":[{"name":"wp","href":"https:\/\/api.w.org\/{rel}","templated":true}]}}