{"id":148246,"date":"2026-02-22T13:49:14","date_gmt":"2026-02-22T13:49:14","guid":{"rendered":"https:\/\/modesthanim.com\/product\/yakasi-baglama-detayli-elbise-siyah\/"},"modified":"2026-04-02T21:59:22","modified_gmt":"2026-04-02T21:59:22","slug":"yakasi-baglama-detayli-elbise-siyah","status":"publish","type":"product","link":"https:\/\/mod.wisdar.net\/tr\/urun\/yakasi-baglama-detayli-elbise-siyah\/","title":{"rendered":"YAKASI BA\u011eLAMA DETAYLI ELB\u0130SE S\u0130YAH"},"content":{"rendered":"<p>Ba\u011flamal\u0131 yaka, uzun kol, ku\u015fakl\u0131, ba\u011flamal\u0131, d\u00fc\u011fmeli, normal kal\u0131p.<\/p>\n<p>Ana Kuma\u015f: %98 Pamuk, %2 Elastan<\/p>\n<p>D\u00fc\u015f\u00fck s\u0131cakl\u0131kta \u00fct\u00fcleyiniz.<br \/>\nA\u011fart\u0131c\u0131 kullanmay\u0131n\u0131z.<br \/>\nYaln\u0131zca kuru temizleme.<br \/>\nTamburlu kurutma yapmay\u0131n\u0131z.<\/p>\n","protected":false},"excerpt":{"rendered":"<p>Ba\u011flamal\u0131 yaka, uzun kol, ku\u015fakl\u0131, ba\u011flamal\u0131, d\u00fc\u011fmeli, normal kal\u0131p. Ana Kuma\u015f: %98 Pamuk, %2 Elastan D\u00fc\u015f\u00fck s\u0131cakl\u0131kta \u00fct\u00fcleyiniz. A\u011fart\u0131c\u0131 kullanmay\u0131n\u0131z. Yaln\u0131zca kuru temizleme. Tamburlu kurutma yapmay\u0131n\u0131z.<\/p>\n","protected":false},"featured_media":148237,"comment_status":"open","ping_status":"closed","template":"","meta":[],"product_brand":[],"product_cat":[6249,1933],"product_tag":[],"class_list":{"0":"post-148246","1":"product","2":"type-product","3":"status-publish","4":"has-post-thumbnail","6":"product_cat-elbiseler","7":"product_cat-gunluk-ve-gunduz-elbiseleri","8":"pa_brand-manuka","9":"pa_color-siyah","10":"pa_size-l","11":"pa_size-m","12":"pa_size-s","14":"first","15":"outofstock","16":"shipping-taxable","17":"product-type-variable"},"_links":{"self":[{"href":"https:\/\/mod.wisdar.net\/tr\/wp-json\/wp\/v2\/product\/148246","targetHints":{"allow":["GET"]}}],"collection":[{"href":"https:\/\/mod.wisdar.net\/tr\/wp-json\/wp\/v2\/product"}],"about":[{"href":"https:\/\/mod.wisdar.net\/tr\/wp-json\/wp\/v2\/types\/product"}],"replies":[{"embeddable":true,"href":"https:\/\/mod.wisdar.net\/tr\/wp-json\/wp\/v2\/comments?post=148246"}],"wp:featuredmedia":[{"embeddable":true,"href":"https:\/\/mod.wisdar.net\/tr\/wp-json\/wp\/v2\/media\/148237"}],"wp:attachment":[{"href":"https:\/\/mod.wisdar.net\/tr\/wp-json\/wp\/v2\/media?parent=148246"}],"wp:term":[{"taxonomy":"product_brand","embeddable":true,"href":"https:\/\/mod.wisdar.net\/tr\/wp-json\/wp\/v2\/product_brand?post=148246"},{"taxonomy":"product_cat","embeddable":true,"href":"https:\/\/mod.wisdar.net\/tr\/wp-json\/wp\/v2\/product_cat?post=148246"},{"taxonomy":"product_tag","embeddable":true,"href":"https:\/\/mod.wisdar.net\/tr\/wp-json\/wp\/v2\/product_tag?post=148246"}],"curies":[{"name":"wp","href":"https:\/\/api.w.org\/{rel}","templated":true}]}}