{"id":148310,"date":"2026-02-22T13:51:46","date_gmt":"2026-02-22T13:51:46","guid":{"rendered":"https:\/\/modesthanim.com\/product\/oversize-cizgili-sweatshirt-siyah\/"},"modified":"2026-04-13T01:42:07","modified_gmt":"2026-04-13T01:42:07","slug":"oversize-cizgili-sweatshirt-siyah","status":"publish","type":"product","link":"https:\/\/mod.wisdar.net\/tr\/urun\/oversize-cizgili-sweatshirt-siyah\/","title":{"rendered":"OVERSIZE \u00c7\u0130ZG\u0130L\u0130 SWEATSHIRT S\u0130YAH"},"content":{"rendered":"<p>Yuvarlak yaka, uzun kol, oversize kesim.<\/p>\n<p>Ana Kuma\u015f: %80 Pamuk, %20 Polyester<\/p>\n<p>\u00dcr\u00fcn\u00fc ters \u00e7evirerek y\u0131kay\u0131n\u0131z.<br \/>\n\u00dcr\u00fcn\u00fc tersten \u00fct\u00fcleyiniz.<br \/>\nMaksimum 30\u00b0C s\u0131cakl\u0131kta y\u0131kay\u0131n\u0131z.<br \/>\nA\u011fart\u0131c\u0131 kullanmay\u0131n\u0131z.<br \/>\nD\u00fc\u015f\u00fck s\u0131cakl\u0131kta \u00fct\u00fcleyiniz.<br \/>\nKuru temizleme yap\u0131lamaz.<br \/>\nKurutma makinesinde kurutmay\u0131n\u0131z.<\/p>\n","protected":false},"excerpt":{"rendered":"<p>Yuvarlak yaka, uzun kol, oversize kesim. Ana Kuma\u015f: %80 Pamuk, %20 Polyester \u00dcr\u00fcn\u00fc ters \u00e7evirerek y\u0131kay\u0131n\u0131z. \u00dcr\u00fcn\u00fc tersten \u00fct\u00fcleyiniz. Maksimum 30\u00b0C s\u0131cakl\u0131kta y\u0131kay\u0131n\u0131z. A\u011fart\u0131c\u0131 kullanmay\u0131n\u0131z. D\u00fc\u015f\u00fck s\u0131cakl\u0131kta \u00fct\u00fcleyiniz. Kuru temizleme yap\u0131lamaz. Kurutma makinesinde kurutmay\u0131n\u0131z.<\/p>\n","protected":false},"featured_media":148302,"comment_status":"open","ping_status":"closed","template":"","meta":[],"product_brand":[],"product_cat":[1927],"product_tag":[],"class_list":{"0":"post-148310","1":"product","2":"type-product","3":"status-publish","4":"has-post-thumbnail","6":"product_cat-hoodies-sweatshirtler","7":"pa_brand-manuka","8":"pa_color-siyah","9":"pa_size-ml","10":"pa_size-sm","12":"first","13":"instock","14":"shipping-taxable","15":"purchasable","16":"product-type-variable"},"_links":{"self":[{"href":"https:\/\/mod.wisdar.net\/tr\/wp-json\/wp\/v2\/product\/148310","targetHints":{"allow":["GET"]}}],"collection":[{"href":"https:\/\/mod.wisdar.net\/tr\/wp-json\/wp\/v2\/product"}],"about":[{"href":"https:\/\/mod.wisdar.net\/tr\/wp-json\/wp\/v2\/types\/product"}],"replies":[{"embeddable":true,"href":"https:\/\/mod.wisdar.net\/tr\/wp-json\/wp\/v2\/comments?post=148310"}],"wp:featuredmedia":[{"embeddable":true,"href":"https:\/\/mod.wisdar.net\/tr\/wp-json\/wp\/v2\/media\/148302"}],"wp:attachment":[{"href":"https:\/\/mod.wisdar.net\/tr\/wp-json\/wp\/v2\/media?parent=148310"}],"wp:term":[{"taxonomy":"product_brand","embeddable":true,"href":"https:\/\/mod.wisdar.net\/tr\/wp-json\/wp\/v2\/product_brand?post=148310"},{"taxonomy":"product_cat","embeddable":true,"href":"https:\/\/mod.wisdar.net\/tr\/wp-json\/wp\/v2\/product_cat?post=148310"},{"taxonomy":"product_tag","embeddable":true,"href":"https:\/\/mod.wisdar.net\/tr\/wp-json\/wp\/v2\/product_tag?post=148310"}],"curies":[{"name":"wp","href":"https:\/\/api.w.org\/{rel}","templated":true}]}}