{"id":148401,"date":"2026-02-22T13:55:37","date_gmt":"2026-02-22T13:55:37","guid":{"rendered":"https:\/\/modesthanim.com\/product\/kayik-yaka-uzun-kol-tshirt-vanilya\/"},"modified":"2026-04-13T01:41:20","modified_gmt":"2026-04-13T01:41:20","slug":"kayik-yaka-uzun-kol-tshirt-vanilya","status":"publish","type":"product","link":"https:\/\/mod.wisdar.net\/tr\/urun\/kayik-yaka-uzun-kol-tshirt-vanilya\/","title":{"rendered":"KAYIK YAKA UZUN KOL TSHIRT VAN\u0130LYA"},"content":{"rendered":"<p>Kay\u0131k yaka, uzun kol, crop boy, normal kal\u0131p.<\/p>\n<p>Ana Kuma\u015f %100 Pamuk<\/p>\n<p>\u00dcr\u00fcn\u00fc ters \u00e7evirerek y\u0131kay\u0131n\u0131z<br \/>\n\u00dcr\u00fcn\u00fc tersten \u00fct\u00fcleyiniz<br \/>\nMaksimum 30 \u00b0C s\u0131cakl\u0131kta y\u0131kay\u0131n\u0131z<br \/>\nA\u011fart\u0131c\u0131 kullanmay\u0131n\u0131z<br \/>\nD\u00fc\u015f\u00fck s\u0131cakl\u0131kta \u00fct\u00fcleyiniz<br \/>\nKuru temizleme yap\u0131lamaz<br \/>\nTamburlu kurutma yapmay\u0131n\u0131z.<\/p>\n","protected":false},"excerpt":{"rendered":"<p>Kay\u0131k yaka, uzun kol, crop boy, normal kal\u0131p. Ana Kuma\u015f %100 Pamuk \u00dcr\u00fcn\u00fc ters \u00e7evirerek y\u0131kay\u0131n\u0131z \u00dcr\u00fcn\u00fc tersten \u00fct\u00fcleyiniz Maksimum 30 \u00b0C s\u0131cakl\u0131kta y\u0131kay\u0131n\u0131z A\u011fart\u0131c\u0131 kullanmay\u0131n\u0131z D\u00fc\u015f\u00fck s\u0131cakl\u0131kta \u00fct\u00fcleyiniz Kuru temizleme yap\u0131lamaz Tamburlu kurutma yapmay\u0131n\u0131z.<\/p>\n","protected":false},"featured_media":148392,"comment_status":"open","ping_status":"closed","template":"","meta":[],"product_brand":[],"product_cat":[1909],"product_tag":[],"class_list":{"0":"post-148401","1":"product","2":"type-product","3":"status-publish","4":"has-post-thumbnail","6":"product_cat-bluzlar-ve-gomlekler","7":"pa_brand-manuka","8":"pa_color-vanilya","9":"pa_size-l","10":"pa_size-m","11":"pa_size-s","13":"first","14":"instock","15":"shipping-taxable","16":"purchasable","17":"product-type-variable"},"_links":{"self":[{"href":"https:\/\/mod.wisdar.net\/tr\/wp-json\/wp\/v2\/product\/148401","targetHints":{"allow":["GET"]}}],"collection":[{"href":"https:\/\/mod.wisdar.net\/tr\/wp-json\/wp\/v2\/product"}],"about":[{"href":"https:\/\/mod.wisdar.net\/tr\/wp-json\/wp\/v2\/types\/product"}],"replies":[{"embeddable":true,"href":"https:\/\/mod.wisdar.net\/tr\/wp-json\/wp\/v2\/comments?post=148401"}],"wp:featuredmedia":[{"embeddable":true,"href":"https:\/\/mod.wisdar.net\/tr\/wp-json\/wp\/v2\/media\/148392"}],"wp:attachment":[{"href":"https:\/\/mod.wisdar.net\/tr\/wp-json\/wp\/v2\/media?parent=148401"}],"wp:term":[{"taxonomy":"product_brand","embeddable":true,"href":"https:\/\/mod.wisdar.net\/tr\/wp-json\/wp\/v2\/product_brand?post=148401"},{"taxonomy":"product_cat","embeddable":true,"href":"https:\/\/mod.wisdar.net\/tr\/wp-json\/wp\/v2\/product_cat?post=148401"},{"taxonomy":"product_tag","embeddable":true,"href":"https:\/\/mod.wisdar.net\/tr\/wp-json\/wp\/v2\/product_tag?post=148401"}],"curies":[{"name":"wp","href":"https:\/\/api.w.org\/{rel}","templated":true}]}}