{"id":148524,"date":"2026-02-22T18:48:17","date_gmt":"2026-02-22T18:48:17","guid":{"rendered":"https:\/\/modesthanim.com\/product\/genis-pileli-gabardin-pantolon-siyah\/"},"modified":"2026-04-15T21:05:19","modified_gmt":"2026-04-15T21:05:19","slug":"genis-pileli-gabardin-pantolon-siyah","status":"publish","type":"product","link":"https:\/\/mod.wisdar.net\/tr\/urun\/genis-pileli-gabardin-pantolon-siyah\/","title":{"rendered":"GEN\u0130\u015e P\u0130LEL\u0130 GABARD\u0130N PANTOLON S\u0130YAH"},"content":{"rendered":"<p>Y\u00fcksek bel, pileli, tam boy, d\u00fc\u011fmeli, fermuarl\u0131, normal kal\u0131p.<\/p>\n<p>Ana Kuma\u015f %98 Pamuk, %2 Elastan<\/p>\n<p>\u00dcr\u00fcn\u00fc ters \u00e7evirerek y\u0131kay\u0131n\u0131z<br \/>\n\u00dcr\u00fcn\u00fc tersten \u00fct\u00fcleyiniz<br \/>\nMaksimum 30 \u00b0C s\u0131cakl\u0131kta y\u0131kay\u0131n\u0131z<br \/>\nA\u011fart\u0131c\u0131 kullanmay\u0131n\u0131z<br \/>\nD\u00fc\u015f\u00fck s\u0131cakl\u0131kta \u00fct\u00fcleyiniz<br \/>\nKuru temizleme yap\u0131lamaz<br \/>\nTamburlu kurutma yapmay\u0131n\u0131z.<\/p>\n","protected":false},"excerpt":{"rendered":"<p>Y\u00fcksek bel, pileli, tam boy, d\u00fc\u011fmeli, fermuarl\u0131, normal kal\u0131p. Ana Kuma\u015f %98 Pamuk, %2 Elastan \u00dcr\u00fcn\u00fc ters \u00e7evirerek y\u0131kay\u0131n\u0131z \u00dcr\u00fcn\u00fc tersten \u00fct\u00fcleyiniz Maksimum 30 \u00b0C s\u0131cakl\u0131kta y\u0131kay\u0131n\u0131z A\u011fart\u0131c\u0131 kullanmay\u0131n\u0131z D\u00fc\u015f\u00fck s\u0131cakl\u0131kta \u00fct\u00fcleyiniz Kuru temizleme yap\u0131lamaz Tamburlu kurutma yapmay\u0131n\u0131z.<\/p>\n","protected":false},"featured_media":148497,"comment_status":"open","ping_status":"closed","template":"","meta":[],"product_brand":[],"product_cat":[1882],"product_tag":[],"class_list":{"0":"post-148524","1":"product","2":"type-product","3":"status-publish","4":"has-post-thumbnail","6":"product_cat-alt-giyim","7":"pa_brand-manuka","8":"pa_color-siyah","9":"pa_size-4698","10":"pa_size-4701","11":"pa_size-4706","12":"pa_size-4711","13":"pa_size-4713","15":"first","16":"outofstock","17":"shipping-taxable","18":"product-type-variable"},"_links":{"self":[{"href":"https:\/\/mod.wisdar.net\/tr\/wp-json\/wp\/v2\/product\/148524","targetHints":{"allow":["GET"]}}],"collection":[{"href":"https:\/\/mod.wisdar.net\/tr\/wp-json\/wp\/v2\/product"}],"about":[{"href":"https:\/\/mod.wisdar.net\/tr\/wp-json\/wp\/v2\/types\/product"}],"replies":[{"embeddable":true,"href":"https:\/\/mod.wisdar.net\/tr\/wp-json\/wp\/v2\/comments?post=148524"}],"wp:featuredmedia":[{"embeddable":true,"href":"https:\/\/mod.wisdar.net\/tr\/wp-json\/wp\/v2\/media\/148497"}],"wp:attachment":[{"href":"https:\/\/mod.wisdar.net\/tr\/wp-json\/wp\/v2\/media?parent=148524"}],"wp:term":[{"taxonomy":"product_brand","embeddable":true,"href":"https:\/\/mod.wisdar.net\/tr\/wp-json\/wp\/v2\/product_brand?post=148524"},{"taxonomy":"product_cat","embeddable":true,"href":"https:\/\/mod.wisdar.net\/tr\/wp-json\/wp\/v2\/product_cat?post=148524"},{"taxonomy":"product_tag","embeddable":true,"href":"https:\/\/mod.wisdar.net\/tr\/wp-json\/wp\/v2\/product_tag?post=148524"}],"curies":[{"name":"wp","href":"https:\/\/api.w.org\/{rel}","templated":true}]}}