{"id":148676,"date":"2026-02-22T18:53:36","date_gmt":"2026-02-22T18:53:36","guid":{"rendered":"https:\/\/modesthanim.com\/product\/genis-kol-desenli-elbise-bouquet\/"},"modified":"2026-04-13T01:50:50","modified_gmt":"2026-04-13T01:50:50","slug":"genis-kol-desenli-elbise-bouquet","status":"publish","type":"product","link":"https:\/\/mod.wisdar.net\/tr\/urun\/genis-kol-desenli-elbise-bouquet\/","title":{"rendered":"GEN\u0130\u015e KOL DESENL\u0130 ELB\u0130SE BOUQUET"},"content":{"rendered":"<p>Normal kesim, yuvarlak yaka, b\u00fczg\u00fc detayl\u0131 uzun kol, bel k\u0131sm\u0131nda b\u00fczg\u00fcl\u00fc ku\u015fak detay\u0131, uzun boy, fermuarl\u0131 kapan\u0131\u015f.<\/p>\n<p>Kuma\u015f \u0130\u00e7eri\u011fi: %100 Polyester<br \/>\nAstar: %100 Polyester<\/p>\n<p>Uzaktan buharl\u0131 \u00fct\u00fc kullan\u0131n\u0131z<br \/>\nA\u011fart\u0131c\u0131 kullanmay\u0131n\u0131z<br \/>\nSadece kuru temizleme<br \/>\nKurutma makinesinde kurutmay\u0131n\u0131z.<\/p>\n","protected":false},"excerpt":{"rendered":"<p>Normal kesim, yuvarlak yaka, b\u00fczg\u00fc detayl\u0131 uzun kol, bel k\u0131sm\u0131nda b\u00fczg\u00fcl\u00fc ku\u015fak detay\u0131, uzun boy, fermuarl\u0131 kapan\u0131\u015f. Kuma\u015f \u0130\u00e7eri\u011fi: %100 Polyester Astar: %100 Polyester Uzaktan buharl\u0131 \u00fct\u00fc kullan\u0131n\u0131z A\u011fart\u0131c\u0131 kullanmay\u0131n\u0131z Sadece kuru temizleme Kurutma makinesinde kurutmay\u0131n\u0131z.<\/p>\n","protected":false},"featured_media":148669,"comment_status":"open","ping_status":"closed","template":"","meta":[],"product_brand":[],"product_cat":[6249,1933],"product_tag":[],"class_list":{"0":"post-148676","1":"product","2":"type-product","3":"status-publish","4":"has-post-thumbnail","6":"product_cat-elbiseler","7":"product_cat-gunluk-ve-gunduz-elbiseleri","8":"pa_brand-manuka","9":"pa_color-bouquet","10":"pa_size-l","11":"pa_size-m","12":"pa_size-s","14":"first","15":"instock","16":"sale","17":"shipping-taxable","18":"purchasable","19":"product-type-variable"},"_links":{"self":[{"href":"https:\/\/mod.wisdar.net\/tr\/wp-json\/wp\/v2\/product\/148676","targetHints":{"allow":["GET"]}}],"collection":[{"href":"https:\/\/mod.wisdar.net\/tr\/wp-json\/wp\/v2\/product"}],"about":[{"href":"https:\/\/mod.wisdar.net\/tr\/wp-json\/wp\/v2\/types\/product"}],"replies":[{"embeddable":true,"href":"https:\/\/mod.wisdar.net\/tr\/wp-json\/wp\/v2\/comments?post=148676"}],"wp:featuredmedia":[{"embeddable":true,"href":"https:\/\/mod.wisdar.net\/tr\/wp-json\/wp\/v2\/media\/148669"}],"wp:attachment":[{"href":"https:\/\/mod.wisdar.net\/tr\/wp-json\/wp\/v2\/media?parent=148676"}],"wp:term":[{"taxonomy":"product_brand","embeddable":true,"href":"https:\/\/mod.wisdar.net\/tr\/wp-json\/wp\/v2\/product_brand?post=148676"},{"taxonomy":"product_cat","embeddable":true,"href":"https:\/\/mod.wisdar.net\/tr\/wp-json\/wp\/v2\/product_cat?post=148676"},{"taxonomy":"product_tag","embeddable":true,"href":"https:\/\/mod.wisdar.net\/tr\/wp-json\/wp\/v2\/product_tag?post=148676"}],"curies":[{"name":"wp","href":"https:\/\/api.w.org\/{rel}","templated":true}]}}