{"id":148716,"date":"2026-02-22T18:57:03","date_gmt":"2026-02-22T18:57:03","guid":{"rendered":"https:\/\/modesthanim.com\/product\/kahverengi-beli-fermuarli-ekose-a-kesim-etek\/"},"modified":"2026-04-13T02:01:01","modified_gmt":"2026-04-13T02:01:01","slug":"kahverengi-beli-fermuarli-ekose-a-kesim-etek","status":"publish","type":"product","link":"https:\/\/mod.wisdar.net\/tr\/urun\/kahverengi-beli-fermuarli-ekose-a-kesim-etek\/","title":{"rendered":"Kahverengi Beli Fermuarl\u0131 Ekose A Kesim Etek"},"content":{"rendered":"<p>XSIDE Kahverengi Beli Fermuarl\u0131 Ekose A Kesim Etek size \u00f6zel indirim, taksit ve kap\u0131da \u00f6deme avantajlar\u0131yla LCW&#8217;de! Hemen online al\u0131\u015fveri\u015f yap, \u00fcr\u00fcn kap\u0131na gelsin! \u2013 S6JO69Z8-D2N<\/p>\n<p>\u2014 Technical Details \u2014<br \/>\nSat\u0131c\u0131: LC Waikiki<br \/>\nMarka: XSIDE<br \/>\n\u00dcr\u00fcn Tipi: Etek<br \/>\nCinsiyet: Kad\u0131n<br \/>\nKal\u0131p: Loose &amp; Bol<br \/>\nBel Fiti: Normal Bel<br \/>\nDesen: Ekose<br \/>\nSiluet: A Kesim<br \/>\nAstar Detay: Astars\u0131z<br \/>\nUzunluk: Midi<br \/>\nMalzeme: %100 Pamuk<br \/>\nEk \u00d6zellik: Fermuarl\u0131<\/p>\n","protected":false},"excerpt":{"rendered":"<p>XSIDE Kahverengi Beli Fermuarl\u0131 Ekose A Kesim Etek size \u00f6zel indirim, taksit ve kap\u0131da \u00f6deme avantajlar\u0131yla LCW&#8217;de! Hemen online al\u0131\u015fveri\u015f yap, \u00fcr\u00fcn kap\u0131na gelsin! \u2013 S6JO69Z8-D2N \u2014 Technical Details \u2014 Sat\u0131c\u0131: LC Waikiki Marka: XSIDE \u00dcr\u00fcn Tipi: Etek Cinsiyet: Kad\u0131n Kal\u0131p: Loose &amp; Bol Bel Fiti: Normal Bel Desen: Ekose Siluet: A Kesim Astar Detay: [&hellip;]<\/p>\n","protected":false},"featured_media":148709,"comment_status":"open","ping_status":"closed","template":"","meta":[],"product_brand":[],"product_cat":[1969],"product_tag":[4848,7426,7612,8246,7621],"class_list":{"0":"post-148716","1":"product","2":"type-product","3":"status-publish","4":"has-post-thumbnail","6":"product_cat-etekler","7":"product_tag-a-line-skirt","8":"product_tag-gunluk-giyim-3","9":"product_tag-kadin-etegi","10":"product_tag-kahverengi-etek","11":"product_tag-midi-etek","12":"pa_brand-xside","13":"pa_color-kahverengi","14":"pa_size-l","15":"pa_size-m","16":"pa_size-s","17":"pa_size-xl","18":"pa_size-xs","20":"first","21":"instock","22":"shipping-taxable","23":"purchasable","24":"product-type-variable"},"_links":{"self":[{"href":"https:\/\/mod.wisdar.net\/tr\/wp-json\/wp\/v2\/product\/148716","targetHints":{"allow":["GET"]}}],"collection":[{"href":"https:\/\/mod.wisdar.net\/tr\/wp-json\/wp\/v2\/product"}],"about":[{"href":"https:\/\/mod.wisdar.net\/tr\/wp-json\/wp\/v2\/types\/product"}],"replies":[{"embeddable":true,"href":"https:\/\/mod.wisdar.net\/tr\/wp-json\/wp\/v2\/comments?post=148716"}],"wp:featuredmedia":[{"embeddable":true,"href":"https:\/\/mod.wisdar.net\/tr\/wp-json\/wp\/v2\/media\/148709"}],"wp:attachment":[{"href":"https:\/\/mod.wisdar.net\/tr\/wp-json\/wp\/v2\/media?parent=148716"}],"wp:term":[{"taxonomy":"product_brand","embeddable":true,"href":"https:\/\/mod.wisdar.net\/tr\/wp-json\/wp\/v2\/product_brand?post=148716"},{"taxonomy":"product_cat","embeddable":true,"href":"https:\/\/mod.wisdar.net\/tr\/wp-json\/wp\/v2\/product_cat?post=148716"},{"taxonomy":"product_tag","embeddable":true,"href":"https:\/\/mod.wisdar.net\/tr\/wp-json\/wp\/v2\/product_tag?post=148716"}],"curies":[{"name":"wp","href":"https:\/\/api.w.org\/{rel}","templated":true}]}}