{"id":148760,"date":"2026-02-22T19:02:42","date_gmt":"2026-02-22T19:02:42","guid":{"rendered":"https:\/\/modesthanim.com\/product\/bordo-beli-fermuarli-ekose-klos-etek\/"},"modified":"2026-03-18T08:01:39","modified_gmt":"2026-03-18T08:01:39","slug":"bordo-beli-fermuarli-ekose-klos-etek","status":"publish","type":"product","link":"https:\/\/mod.wisdar.net\/tr\/urun\/bordo-beli-fermuarli-ekose-klos-etek\/","title":{"rendered":"Bordo Beli Fermuarl\u0131 Ekose Klo\u015f Etek"},"content":{"rendered":"<p>XSIDE Bordo Beli Fermuarl\u0131 Ekose Klo\u015f Etek size \u00f6zel indirim, taksit ve kap\u0131da \u00f6deme avantajlar\u0131yla LCW&#8217;de! Hemen online al\u0131\u015fveri\u015f yap, \u00fcr\u00fcn kap\u0131na gelsin! \u2013 S6N106Z8-2D2<\/p>\n<p>\u2014 Technical Details \u2014<br \/>\nSat\u0131c\u0131: LC Waikiki<br \/>\nMarka: XSIDE<br \/>\n\u00dcr\u00fcn Tipi: Etek<br \/>\nCinsiyet: Kad\u0131n<br \/>\nKal\u0131p: Loose &amp; Bol<br \/>\nBel Fiti: Y\u00fcksek Bel<br \/>\nDesen: Ekose<br \/>\nKal\u0131nl\u0131k: \u0130nce<br \/>\nSiluet: Klo\u015f<br \/>\nAstar Detay: Astars\u0131z<br \/>\nUzunluk: Uzun<br \/>\nEk \u00d6zellik: Fermuarl\u0131<\/p>\n","protected":false},"excerpt":{"rendered":"<p>XSIDE Bordo Beli Fermuarl\u0131 Ekose Klo\u015f Etek size \u00f6zel indirim, taksit ve kap\u0131da \u00f6deme avantajlar\u0131yla LCW&#8217;de! Hemen online al\u0131\u015fveri\u015f yap, \u00fcr\u00fcn kap\u0131na gelsin! \u2013 S6N106Z8-2D2 \u2014 Technical Details \u2014 Sat\u0131c\u0131: LC Waikiki Marka: XSIDE \u00dcr\u00fcn Tipi: Etek Cinsiyet: Kad\u0131n Kal\u0131p: Loose &amp; Bol Bel Fiti: Y\u00fcksek Bel Desen: Ekose Kal\u0131nl\u0131k: \u0130nce Siluet: Klo\u015f Astar Detay: [&hellip;]<\/p>\n","protected":false},"featured_media":148753,"comment_status":"open","ping_status":"closed","template":"","meta":[],"product_brand":[],"product_cat":[1969],"product_tag":[8256,6744,8247],"class_list":{"0":"post-148760","1":"product","2":"type-product","3":"status-publish","4":"has-post-thumbnail","6":"product_cat-etekler","7":"product_tag-fermuarli-etek","8":"product_tag-kadin-modasi","9":"product_tag-klos-etek","10":"pa_brand-xside","11":"pa_color-bordo","12":"pa_size-l","13":"pa_size-m","14":"pa_size-s","15":"pa_size-xl","16":"pa_size-xs","18":"first","19":"outofstock","20":"shipping-taxable","21":"product-type-variable"},"_links":{"self":[{"href":"https:\/\/mod.wisdar.net\/tr\/wp-json\/wp\/v2\/product\/148760","targetHints":{"allow":["GET"]}}],"collection":[{"href":"https:\/\/mod.wisdar.net\/tr\/wp-json\/wp\/v2\/product"}],"about":[{"href":"https:\/\/mod.wisdar.net\/tr\/wp-json\/wp\/v2\/types\/product"}],"replies":[{"embeddable":true,"href":"https:\/\/mod.wisdar.net\/tr\/wp-json\/wp\/v2\/comments?post=148760"}],"wp:featuredmedia":[{"embeddable":true,"href":"https:\/\/mod.wisdar.net\/tr\/wp-json\/wp\/v2\/media\/148753"}],"wp:attachment":[{"href":"https:\/\/mod.wisdar.net\/tr\/wp-json\/wp\/v2\/media?parent=148760"}],"wp:term":[{"taxonomy":"product_brand","embeddable":true,"href":"https:\/\/mod.wisdar.net\/tr\/wp-json\/wp\/v2\/product_brand?post=148760"},{"taxonomy":"product_cat","embeddable":true,"href":"https:\/\/mod.wisdar.net\/tr\/wp-json\/wp\/v2\/product_cat?post=148760"},{"taxonomy":"product_tag","embeddable":true,"href":"https:\/\/mod.wisdar.net\/tr\/wp-json\/wp\/v2\/product_tag?post=148760"}],"curies":[{"name":"wp","href":"https:\/\/api.w.org\/{rel}","templated":true}]}}