{"id":148804,"date":"2026-02-22T19:07:48","date_gmt":"2026-02-22T19:07:48","guid":{"rendered":"https:\/\/modesthanim.com\/product\/kiz-cocuk-pamuklu-dugmeli-uzun-kollu-basic-gomlek\/"},"modified":"2026-04-04T06:00:50","modified_gmt":"2026-04-04T06:00:50","slug":"kiz-cocuk-pamuklu-dugmeli-uzun-kollu-basic-gomlek","status":"publish","type":"product","link":"https:\/\/mod.wisdar.net\/tr\/urun\/kiz-cocuk-pamuklu-dugmeli-uzun-kollu-basic-gomlek\/","title":{"rendered":"K\u0131z \u00c7ocuk Pamuklu D\u00fc\u011fmeli Uzun Kollu Basic G\u00f6mlek"},"content":{"rendered":"<p>Klasik tasar\u0131m\u0131yla dikkat \u00e7eken uzun kollu basic g\u00f6mlek, k\u0131z \u00e7ocuklar i\u00e7in ideal bir se\u00e7im sunuyor. Basic tasar\u0131m\u0131yla sade bir \u015f\u0131kl\u0131k yaratan model, pamuklu dokusuyla miniklerin cildine yumu\u015fak bir dokunu\u015f sunuyor. Rahat kesimi sayesinde hareket \u00f6zg\u00fcrl\u00fc\u011f\u00fc sa\u011fl\u0131yor ve okul g\u00fcnlerinden \u00f6zel etkinliklere kadar geni\u015f bir kullan\u0131m alan\u0131 bulunuyor.<\/p>\n<p>\u00dcr\u00fcn \u00d6zellikleri<\/p>\n<p>Kol Tipi: Uzun Kollu<br \/>\nKuma\u015f: %100 Pamuk<br \/>\nKullan\u0131m Alan\u0131: G\u00fcnl\u00fck Giyim, \u00d6zel G\u00fcnler<\/p>\n<p>Kapan\u0131\u015f<\/p>\n<p>Koton&#8217;un k\u0131z \u00e7ocuk giyim koleksiyonu, zarif ve kullan\u0131\u015fl\u0131 tasar\u0131mlar\u0131yla dikkat \u00e7ekiyor! Koton k\u0131z \u00e7ocuk modelleri, her kombine uyum sa\u011flayarak \u015f\u0131kl\u0131\u011f\u0131 ve rahatl\u0131\u011f\u0131 bir arada sunuyor.<\/p>\n","protected":false},"excerpt":{"rendered":"<p>Klasik tasar\u0131m\u0131yla dikkat \u00e7eken uzun kollu basic g\u00f6mlek, k\u0131z \u00e7ocuklar i\u00e7in ideal bir se\u00e7im sunuyor. Basic tasar\u0131m\u0131yla sade bir \u015f\u0131kl\u0131k yaratan model, pamuklu dokusuyla miniklerin cildine yumu\u015fak bir dokunu\u015f sunuyor. Rahat kesimi sayesinde hareket \u00f6zg\u00fcrl\u00fc\u011f\u00fc sa\u011fl\u0131yor ve okul g\u00fcnlerinden \u00f6zel etkinliklere kadar geni\u015f bir kullan\u0131m alan\u0131 bulunuyor. \u00dcr\u00fcn \u00d6zellikleri Kol Tipi: Uzun Kollu Kuma\u015f: %100 [&hellip;]<\/p>\n","protected":false},"featured_media":148797,"comment_status":"open","ping_status":"closed","template":"","meta":[],"product_brand":[],"product_cat":[8715,8694,8724],"product_tag":[7426,6768],"class_list":{"0":"post-148804","1":"product","2":"type-product","3":"status-publish","4":"has-post-thumbnail","6":"product_cat-kiz-cocuklari-2-14-yas","7":"product_cat-cocuklar","8":"product_cat-tisortler-bluzlar","9":"product_tag-gunluk-giyim-3","10":"product_tag-uzun-kol","11":"pa_brand-koton","12":"pa_color-beyaz","13":"pa_size-11-12-yas-2","14":"pa_size-13-14-yas-2","15":"pa_size-5-6-yas-2","16":"pa_size-6-7-yas-2","17":"pa_size-7-8-yas-2","18":"pa_size-9-10-yas-2","20":"first","21":"instock","22":"sale","23":"shipping-taxable","24":"purchasable","25":"product-type-variable"},"_links":{"self":[{"href":"https:\/\/mod.wisdar.net\/tr\/wp-json\/wp\/v2\/product\/148804","targetHints":{"allow":["GET"]}}],"collection":[{"href":"https:\/\/mod.wisdar.net\/tr\/wp-json\/wp\/v2\/product"}],"about":[{"href":"https:\/\/mod.wisdar.net\/tr\/wp-json\/wp\/v2\/types\/product"}],"replies":[{"embeddable":true,"href":"https:\/\/mod.wisdar.net\/tr\/wp-json\/wp\/v2\/comments?post=148804"}],"wp:featuredmedia":[{"embeddable":true,"href":"https:\/\/mod.wisdar.net\/tr\/wp-json\/wp\/v2\/media\/148797"}],"wp:attachment":[{"href":"https:\/\/mod.wisdar.net\/tr\/wp-json\/wp\/v2\/media?parent=148804"}],"wp:term":[{"taxonomy":"product_brand","embeddable":true,"href":"https:\/\/mod.wisdar.net\/tr\/wp-json\/wp\/v2\/product_brand?post=148804"},{"taxonomy":"product_cat","embeddable":true,"href":"https:\/\/mod.wisdar.net\/tr\/wp-json\/wp\/v2\/product_cat?post=148804"},{"taxonomy":"product_tag","embeddable":true,"href":"https:\/\/mod.wisdar.net\/tr\/wp-json\/wp\/v2\/product_tag?post=148804"}],"curies":[{"name":"wp","href":"https:\/\/api.w.org\/{rel}","templated":true}]}}