{"id":148840,"date":"2026-02-22T19:09:27","date_gmt":"2026-02-22T19:09:27","guid":{"rendered":"https:\/\/modesthanim.com\/product\/erkek-cocuk-pamuklu-uzun-kollu-cepli-dugmeli-kadife-gomlek\/"},"modified":"2026-03-05T20:40:40","modified_gmt":"2026-03-05T20:40:40","slug":"erkek-cocuk-pamuklu-uzun-kollu-cepli-dugmeli-kadife-gomlek","status":"publish","type":"product","link":"https:\/\/mod.wisdar.net\/tr\/urun\/erkek-cocuk-pamuklu-uzun-kollu-cepli-dugmeli-kadife-gomlek\/","title":{"rendered":"Erkek \u00c7ocuk Pamuklu Uzun Kollu Cepli D\u00fc\u011fmeli Kadife G\u00f6mlek"},"content":{"rendered":"<p>Klasik tasar\u0131m\u0131yla dikkat \u00e7eken kadife g\u00f6mlek, miniklerin vazge\u00e7ilmez par\u00e7alar\u0131ndan biri oluyor. Pamuklu yap\u0131s\u0131yla yumu\u015fak ve konforlu bir dokunu\u015f sa\u011fl\u0131yor. Uzun kollu tasar\u0131m\u0131, serin g\u00fcnler i\u00e7in uygun bir se\u00e7im sunuyor. G\u00f6\u011f\u00fcs k\u0131sm\u0131ndaki cep detay\u0131 ise pratiklik kazand\u0131r\u0131yor.<\/p>\n<p>\u00dcr\u00fcn \u00d6zellikleri<br \/>\nKol Tipi: Uzun Kol<br \/>\nYaka Tipi: G\u00f6mlek Yaka<br \/>\nDetay: Cep Detayl\u0131<br \/>\nKuma\u015f: %99 Pamuk, %1 Elastan<br \/>\nKullan\u0131m Alan\u0131: G\u00fcnl\u00fck Giyim<\/p>\n<p>Koton erkek \u00e7ocuk modelleri her mevsim \u015f\u0131kl\u0131\u011f\u0131 ve rahatl\u0131\u011f\u0131 bir arada sunuyor! \u00c7ocuklar\u0131n enerjisine uyum sa\u011flayan tasar\u0131mlar\u0131yla Koton Kids koleksiyonu miniklerin favorisi oluyor!<\/p>\n<p>D\u0131\u015f : %1 ELASTAN, %99 PAMUK<\/p>\n<p>\u2014 Technical Details \u2014<br \/>\nKuma\u015f: %1 ELASTAN, %99 PAMUK<br \/>\nKol Boyu: Uzun Kol<br \/>\nKol Tipi: D\u00fc\u015f\u00fck Omuz<br \/>\nYaka Tipi: G\u00f6mlek Yaka<br \/>\nSil\u00fcet: Klasik<br \/>\n\u00dcr\u00fcn Tipi \/ Stil: Klasik<br \/>\n\u00dcr\u00fcn\u00fcn Alt Markas\u0131: Kidswear<br \/>\nSat\u0131c\u0131\/\u0130malat\u00e7\u0131\/\u0130thalat\u00e7\u0131 \u0130smi: Koton Ma\u011fazac\u0131l\u0131k Tekstil Sanayi ve Ticaret A.\u015e.<br \/>\nPosta Adresi: Ayaza\u011fa Mah. Maslak Ayaza\u011fa Cad. No:3 \u0130\u00e7 Kap\u0131 No:5 Sar\u0131yer\/\u0130stanbul<br \/>\nE-Posta Adresi: mim@koton.com<\/p>\n","protected":false},"excerpt":{"rendered":"<p>Klasik tasar\u0131m\u0131yla dikkat \u00e7eken kadife g\u00f6mlek, miniklerin vazge\u00e7ilmez par\u00e7alar\u0131ndan biri oluyor. Pamuklu yap\u0131s\u0131yla yumu\u015fak ve konforlu bir dokunu\u015f sa\u011fl\u0131yor. Uzun kollu tasar\u0131m\u0131, serin g\u00fcnler i\u00e7in uygun bir se\u00e7im sunuyor. G\u00f6\u011f\u00fcs k\u0131sm\u0131ndaki cep detay\u0131 ise pratiklik kazand\u0131r\u0131yor. \u00dcr\u00fcn \u00d6zellikleri Kol Tipi: Uzun Kol Yaka Tipi: G\u00f6mlek Yaka Detay: Cep Detayl\u0131 Kuma\u015f: %99 Pamuk, %1 Elastan Kullan\u0131m [&hellip;]<\/p>\n","protected":false},"featured_media":148837,"comment_status":"open","ping_status":"closed","template":"","meta":[],"product_brand":[],"product_cat":[8739,8694,8742],"product_tag":[8048,7801,7426,6768],"class_list":{"0":"post-148840","1":"product","2":"type-product","3":"status-publish","4":"has-post-thumbnail","6":"product_cat-erkek-cocuklar-2-14-yas","7":"product_cat-cocuklar","8":"product_cat-tisortler-gomlekler","9":"product_tag-cep-detayi","10":"product_tag-dugmeli","11":"product_tag-gunluk-giyim-3","12":"product_tag-uzun-kol","13":"pa_brand-koton","14":"pa_color-deve-tuyu","15":"pa_size-11-12-yas-2","16":"pa_size-4-5-yas-2","17":"pa_size-5-6-yas-2","18":"pa_size-6-7-yas-2","19":"pa_size-7-8-yas-2","20":"pa_size-9-10-yas-2","22":"first","23":"outofstock","24":"shipping-taxable","25":"product-type-variable"},"_links":{"self":[{"href":"https:\/\/mod.wisdar.net\/tr\/wp-json\/wp\/v2\/product\/148840","targetHints":{"allow":["GET"]}}],"collection":[{"href":"https:\/\/mod.wisdar.net\/tr\/wp-json\/wp\/v2\/product"}],"about":[{"href":"https:\/\/mod.wisdar.net\/tr\/wp-json\/wp\/v2\/types\/product"}],"replies":[{"embeddable":true,"href":"https:\/\/mod.wisdar.net\/tr\/wp-json\/wp\/v2\/comments?post=148840"}],"wp:featuredmedia":[{"embeddable":true,"href":"https:\/\/mod.wisdar.net\/tr\/wp-json\/wp\/v2\/media\/148837"}],"wp:attachment":[{"href":"https:\/\/mod.wisdar.net\/tr\/wp-json\/wp\/v2\/media?parent=148840"}],"wp:term":[{"taxonomy":"product_brand","embeddable":true,"href":"https:\/\/mod.wisdar.net\/tr\/wp-json\/wp\/v2\/product_brand?post=148840"},{"taxonomy":"product_cat","embeddable":true,"href":"https:\/\/mod.wisdar.net\/tr\/wp-json\/wp\/v2\/product_cat?post=148840"},{"taxonomy":"product_tag","embeddable":true,"href":"https:\/\/mod.wisdar.net\/tr\/wp-json\/wp\/v2\/product_tag?post=148840"}],"curies":[{"name":"wp","href":"https:\/\/api.w.org\/{rel}","templated":true}]}}