{"id":148895,"date":"2026-02-22T19:13:37","date_gmt":"2026-02-22T19:13:37","guid":{"rendered":"https:\/\/modesthanim.com\/product\/cep-detayli-rahat-kesim-uzun-kollu-ekoseli-oduncu-gomlek\/"},"modified":"2026-04-15T21:32:21","modified_gmt":"2026-04-15T21:32:21","slug":"cep-detayli-rahat-kesim-uzun-kollu-ekoseli-oduncu-gomlek","status":"publish","type":"product","link":"https:\/\/mod.wisdar.net\/tr\/urun\/cep-detayli-rahat-kesim-uzun-kollu-ekoseli-oduncu-gomlek\/","title":{"rendered":"Cep Detayl\u0131 Rahat Kesim Uzun Kollu Ekoseli Oduncu G\u00f6mlek"},"content":{"rendered":"<p>Ekoseli oduncu g\u00f6mlek, \u00e7ocuklar\u0131n dolab\u0131nda vazge\u00e7ilmez bir yer ediniyor. Klasik yakas\u0131 ve uzun kollu tasar\u0131m\u0131yla hem \u015f\u0131kl\u0131k hem de rahatl\u0131k sunuyor. Aplike tek cep detay\u0131 ile pratiklik sa\u011fl\u0131yor. Hem g\u00fcnl\u00fck hem de \u00f6zel g\u00fcnlerde tercih edilebiliyor.<\/p>\n<p>\u00dcr\u00fcn \u00d6zellikleri<\/p>\n<p>Kol Tipi: Uzun Kol<br \/>\nYaka Tipi: G\u00f6mlek Yaka<br \/>\nDetay: D\u00fc\u011fmeli, Cepli<br \/>\nKullan\u0131m Alan\u0131: G\u00fcnl\u00fck Giyim, \u00d6zel G\u00fcnler<\/p>\n<p>Koton erkek \u00e7ocuk giyim koleksiyonu, rahatl\u0131\u011f\u0131 ve \u015f\u0131kl\u0131\u011f\u0131 bir araya getiriyor! Miniklerin tarz\u0131n\u0131 Koton fark\u0131yla yans\u0131t\u0131n!<\/p>\n","protected":false},"excerpt":{"rendered":"<p>Ekoseli oduncu g\u00f6mlek, \u00e7ocuklar\u0131n dolab\u0131nda vazge\u00e7ilmez bir yer ediniyor. Klasik yakas\u0131 ve uzun kollu tasar\u0131m\u0131yla hem \u015f\u0131kl\u0131k hem de rahatl\u0131k sunuyor. Aplike tek cep detay\u0131 ile pratiklik sa\u011fl\u0131yor. Hem g\u00fcnl\u00fck hem de \u00f6zel g\u00fcnlerde tercih edilebiliyor. \u00dcr\u00fcn \u00d6zellikleri Kol Tipi: Uzun Kol Yaka Tipi: G\u00f6mlek Yaka Detay: D\u00fc\u011fmeli, Cepli Kullan\u0131m Alan\u0131: G\u00fcnl\u00fck Giyim, \u00d6zel G\u00fcnler [&hellip;]<\/p>\n","protected":false},"featured_media":148890,"comment_status":"open","ping_status":"closed","template":"","meta":[],"product_brand":[],"product_cat":[8739,8694,8742],"product_tag":[8048,7426,6772,6876],"class_list":{"0":"post-148895","1":"product","2":"type-product","3":"status-publish","4":"has-post-thumbnail","6":"product_cat-erkek-cocuklar-2-14-yas","7":"product_cat-cocuklar","8":"product_cat-tisortler-gomlekler","9":"product_tag-cep-detayi","10":"product_tag-gunluk-giyim-3","11":"product_tag-ozel-gun","12":"product_tag-rahat-kesim","13":"pa_brand-koton","14":"pa_color-haki-ekose","15":"pa_size-11-12-yas-2","16":"pa_size-4-5-yas-2","17":"pa_size-5-6-yas-2","18":"pa_size-6-7-yas-2","19":"pa_size-7-8-yas-2","20":"pa_size-9-10-yas-2","22":"first","23":"instock","24":"sale","25":"shipping-taxable","26":"purchasable","27":"product-type-variable"},"_links":{"self":[{"href":"https:\/\/mod.wisdar.net\/tr\/wp-json\/wp\/v2\/product\/148895","targetHints":{"allow":["GET"]}}],"collection":[{"href":"https:\/\/mod.wisdar.net\/tr\/wp-json\/wp\/v2\/product"}],"about":[{"href":"https:\/\/mod.wisdar.net\/tr\/wp-json\/wp\/v2\/types\/product"}],"replies":[{"embeddable":true,"href":"https:\/\/mod.wisdar.net\/tr\/wp-json\/wp\/v2\/comments?post=148895"}],"wp:featuredmedia":[{"embeddable":true,"href":"https:\/\/mod.wisdar.net\/tr\/wp-json\/wp\/v2\/media\/148890"}],"wp:attachment":[{"href":"https:\/\/mod.wisdar.net\/tr\/wp-json\/wp\/v2\/media?parent=148895"}],"wp:term":[{"taxonomy":"product_brand","embeddable":true,"href":"https:\/\/mod.wisdar.net\/tr\/wp-json\/wp\/v2\/product_brand?post=148895"},{"taxonomy":"product_cat","embeddable":true,"href":"https:\/\/mod.wisdar.net\/tr\/wp-json\/wp\/v2\/product_cat?post=148895"},{"taxonomy":"product_tag","embeddable":true,"href":"https:\/\/mod.wisdar.net\/tr\/wp-json\/wp\/v2\/product_tag?post=148895"}],"curies":[{"name":"wp","href":"https:\/\/api.w.org\/{rel}","templated":true}]}}