{"id":148917,"date":"2026-02-22T19:14:14","date_gmt":"2026-02-22T19:14:14","guid":{"rendered":"https:\/\/modesthanim.com\/product\/erkek-cocuk-pamuklu-uzun-kollu-gomlek-yaka-cizgili-gomlek\/"},"modified":"2026-04-07T00:11:05","modified_gmt":"2026-04-07T00:11:05","slug":"erkek-cocuk-pamuklu-uzun-kollu-gomlek-yaka-cizgili-gomlek","status":"publish","type":"product","link":"https:\/\/mod.wisdar.net\/tr\/urun\/erkek-cocuk-pamuklu-uzun-kollu-gomlek-yaka-cizgili-gomlek\/","title":{"rendered":"Erkek \u00c7ocuk Pamuklu Uzun Kollu G\u00f6mlek Yaka \u00c7izgili G\u00f6mlek"},"content":{"rendered":"<p>\u00c7izgili g\u00f6mlek, klasik tasar\u0131m\u0131yla minikler i\u00e7in \u015f\u0131kl\u0131\u011f\u0131 ve rahatl\u0131\u011f\u0131 bir araya getiriyor. Yumu\u015fak ve pamuklu kuma\u015f\u0131 ile g\u00fcn boyu konfor sa\u011fl\u0131yor. D\u00fc\u011fmeli yap\u0131s\u0131 ile kolay giyim imkan\u0131 sa\u011flayan g\u00f6mlek, miinklerin en sevdi\u011fi par\u00e7alardan biri olmaya aday.<\/p>\n<p>\u00dcr\u00fcn \u00d6zellikleri<br \/>\nKol Tipi: Uzun Kol<br \/>\nDetay: D\u00fc\u011fmeli<br \/>\nKuma\u015f: %100 Pamuk<br \/>\nKullan\u0131m Alan\u0131: G\u00fcnl\u00fck Giyim, \u00d6zel G\u00fcnler<\/p>\n<p>Koton erkek \u00e7ocuk g\u00f6mlek koleksiyonu, kalite ve rahatl\u0131\u011f\u0131 bir arada sunuyor! \u015e\u0131kl\u0131\u011f\u0131 ve konforu bir arada yakalamak i\u00e7in Koton Kids koleksiyonunu ke\u015ffedin!<\/p>\n<p>\u2014 Technical Details \u2014<br \/>\nKol Boyu: Uzun Kol<br \/>\nKol Tipi: D\u00fc\u015f\u00fck Omuz<br \/>\nYaka Tipi: G\u00f6mlek Yaka<br \/>\nSil\u00fcet: Klasik<br \/>\n\u00dcr\u00fcn Tipi \/ Stil: Klasik<br \/>\n\u00dcr\u00fcn\u00fcn Alt Markas\u0131: Kidswear<\/p>\n","protected":false},"excerpt":{"rendered":"<p>\u00c7izgili g\u00f6mlek, klasik tasar\u0131m\u0131yla minikler i\u00e7in \u015f\u0131kl\u0131\u011f\u0131 ve rahatl\u0131\u011f\u0131 bir araya getiriyor. Yumu\u015fak ve pamuklu kuma\u015f\u0131 ile g\u00fcn boyu konfor sa\u011fl\u0131yor. D\u00fc\u011fmeli yap\u0131s\u0131 ile kolay giyim imkan\u0131 sa\u011flayan g\u00f6mlek, miinklerin en sevdi\u011fi par\u00e7alardan biri olmaya aday. \u00dcr\u00fcn \u00d6zellikleri Kol Tipi: Uzun Kol Detay: D\u00fc\u011fmeli Kuma\u015f: %100 Pamuk Kullan\u0131m Alan\u0131: G\u00fcnl\u00fck Giyim, \u00d6zel G\u00fcnler Koton erkek [&hellip;]<\/p>\n","protected":false},"featured_media":148913,"comment_status":"open","ping_status":"closed","template":"","meta":[],"product_brand":[],"product_cat":[8739,8694,8742],"product_tag":[7912,7801,7354,7488,6768],"class_list":{"0":"post-148917","1":"product","2":"type-product","3":"status-publish","4":"has-post-thumbnail","6":"product_cat-erkek-cocuklar-2-14-yas","7":"product_cat-cocuklar","8":"product_cat-tisortler-gomlekler","9":"product_tag-cizgili","10":"product_tag-dugmeli","11":"product_tag-gunluk-giyim-2","12":"product_tag-pamuk","13":"product_tag-uzun-kol","14":"pa_brand-koton","15":"pa_color-mavi-cizgili-2","16":"pa_size-11-12-yas-2","17":"pa_size-13-14-yas-2","18":"pa_size-5-6-yas-2","19":"pa_size-6-7-yas-2","20":"pa_size-7-8-yas-2","21":"pa_size-9-10-yas-2","23":"first","24":"outofstock","25":"shipping-taxable","26":"product-type-variable"},"_links":{"self":[{"href":"https:\/\/mod.wisdar.net\/tr\/wp-json\/wp\/v2\/product\/148917","targetHints":{"allow":["GET"]}}],"collection":[{"href":"https:\/\/mod.wisdar.net\/tr\/wp-json\/wp\/v2\/product"}],"about":[{"href":"https:\/\/mod.wisdar.net\/tr\/wp-json\/wp\/v2\/types\/product"}],"replies":[{"embeddable":true,"href":"https:\/\/mod.wisdar.net\/tr\/wp-json\/wp\/v2\/comments?post=148917"}],"wp:featuredmedia":[{"embeddable":true,"href":"https:\/\/mod.wisdar.net\/tr\/wp-json\/wp\/v2\/media\/148913"}],"wp:attachment":[{"href":"https:\/\/mod.wisdar.net\/tr\/wp-json\/wp\/v2\/media?parent=148917"}],"wp:term":[{"taxonomy":"product_brand","embeddable":true,"href":"https:\/\/mod.wisdar.net\/tr\/wp-json\/wp\/v2\/product_brand?post=148917"},{"taxonomy":"product_cat","embeddable":true,"href":"https:\/\/mod.wisdar.net\/tr\/wp-json\/wp\/v2\/product_cat?post=148917"},{"taxonomy":"product_tag","embeddable":true,"href":"https:\/\/mod.wisdar.net\/tr\/wp-json\/wp\/v2\/product_tag?post=148917"}],"curies":[{"name":"wp","href":"https:\/\/api.w.org\/{rel}","templated":true}]}}