{"id":148972,"date":"2026-02-22T19:24:09","date_gmt":"2026-02-22T19:24:09","guid":{"rendered":"https:\/\/modesthanim.com\/product\/erkek-cocuk-pamuklu-dugmeli-uzun-kollu-klasik-yaka-cizgili-gomlek\/"},"modified":"2026-03-19T04:02:31","modified_gmt":"2026-03-19T04:02:31","slug":"erkek-cocuk-pamuklu-dugmeli-uzun-kollu-klasik-yaka-cizgili-gomlek","status":"publish","type":"product","link":"https:\/\/mod.wisdar.net\/tr\/urun\/erkek-cocuk-pamuklu-dugmeli-uzun-kollu-klasik-yaka-cizgili-gomlek\/","title":{"rendered":"Erkek \u00c7ocuk Pamuklu D\u00fc\u011fmeli Uzun Kollu Klasik Yaka \u00c7izgili G\u00f6mlek"},"content":{"rendered":"<p>\u00c7izgili g\u00f6mlek, klasik tasar\u0131m\u0131 ve kaliteli pamuklu dokusuyla rahatl\u0131k sunuyor. Uzun kollu yap\u0131s\u0131 ve g\u00f6mlek yakas\u0131, her mevsim kullan\u0131labiliyor. D\u00fc\u011fmeli detaylar\u0131yla \u00f6ne \u00e7\u0131kan g\u00f6mlek, sade tasar\u0131m\u0131yla \u00f6ne \u00e7\u0131k\u0131yor. \u00c7izgili ve pamuklu g\u00f6mlek, \u00e7ocuklar\u0131n\u0131z\u0131n konforunu \u00f6n planda tutuyor.<\/p>\n<p>\u00dcr\u00fcn \u00d6zellikleri<br \/>\nKol Tipi: Uzun Kol<br \/>\nDetay: D\u00fc\u011fmeli<br \/>\nKuma\u015f: %100 Pamuk<br \/>\nKullan\u0131m Alan\u0131: G\u00fcnl\u00fck Giyim<\/p>\n<p>Koton erkek \u00e7ocuk giyim koleksiyonu, rahatl\u0131\u011f\u0131 ve \u015f\u0131kl\u0131\u011f\u0131 bir araya getiriyor! Miniklerin gard\u0131roplar\u0131na ne\u015fe katmak i\u00e7in Koton Kids koleksiyonunu ke\u015ffedin!<\/p>\n","protected":false},"excerpt":{"rendered":"<p>\u00c7izgili g\u00f6mlek, klasik tasar\u0131m\u0131 ve kaliteli pamuklu dokusuyla rahatl\u0131k sunuyor. Uzun kollu yap\u0131s\u0131 ve g\u00f6mlek yakas\u0131, her mevsim kullan\u0131labiliyor. D\u00fc\u011fmeli detaylar\u0131yla \u00f6ne \u00e7\u0131kan g\u00f6mlek, sade tasar\u0131m\u0131yla \u00f6ne \u00e7\u0131k\u0131yor. \u00c7izgili ve pamuklu g\u00f6mlek, \u00e7ocuklar\u0131n\u0131z\u0131n konforunu \u00f6n planda tutuyor. \u00dcr\u00fcn \u00d6zellikleri Kol Tipi: Uzun Kol Detay: D\u00fc\u011fmeli Kuma\u015f: %100 Pamuk Kullan\u0131m Alan\u0131: G\u00fcnl\u00fck Giyim Koton erkek \u00e7ocuk [&hellip;]<\/p>\n","protected":false},"featured_media":148968,"comment_status":"open","ping_status":"closed","template":"","meta":[],"product_brand":[],"product_cat":[8739,8694,8742],"product_tag":[7426,6768],"class_list":{"0":"post-148972","1":"product","2":"type-product","3":"status-publish","4":"has-post-thumbnail","6":"product_cat-erkek-cocuklar-2-14-yas","7":"product_cat-cocuklar","8":"product_cat-tisortler-gomlekler","9":"product_tag-gunluk-giyim-3","10":"product_tag-uzun-kol","11":"pa_brand-koton","12":"pa_color-beyaz-cizgili","13":"pa_size-11-12-yas-2","14":"pa_size-13-14-yas-2","15":"pa_size-5-6-yas-2","16":"pa_size-6-7-yas-2","17":"pa_size-7-8-yas-2","18":"pa_size-9-10-yas-2","20":"first","21":"outofstock","22":"shipping-taxable","23":"product-type-variable"},"_links":{"self":[{"href":"https:\/\/mod.wisdar.net\/tr\/wp-json\/wp\/v2\/product\/148972","targetHints":{"allow":["GET"]}}],"collection":[{"href":"https:\/\/mod.wisdar.net\/tr\/wp-json\/wp\/v2\/product"}],"about":[{"href":"https:\/\/mod.wisdar.net\/tr\/wp-json\/wp\/v2\/types\/product"}],"replies":[{"embeddable":true,"href":"https:\/\/mod.wisdar.net\/tr\/wp-json\/wp\/v2\/comments?post=148972"}],"wp:featuredmedia":[{"embeddable":true,"href":"https:\/\/mod.wisdar.net\/tr\/wp-json\/wp\/v2\/media\/148968"}],"wp:attachment":[{"href":"https:\/\/mod.wisdar.net\/tr\/wp-json\/wp\/v2\/media?parent=148972"}],"wp:term":[{"taxonomy":"product_brand","embeddable":true,"href":"https:\/\/mod.wisdar.net\/tr\/wp-json\/wp\/v2\/product_brand?post=148972"},{"taxonomy":"product_cat","embeddable":true,"href":"https:\/\/mod.wisdar.net\/tr\/wp-json\/wp\/v2\/product_cat?post=148972"},{"taxonomy":"product_tag","embeddable":true,"href":"https:\/\/mod.wisdar.net\/tr\/wp-json\/wp\/v2\/product_tag?post=148972"}],"curies":[{"name":"wp","href":"https:\/\/api.w.org\/{rel}","templated":true}]}}