{"id":148993,"date":"2026-02-22T19:25:33","date_gmt":"2026-02-22T19:25:33","guid":{"rendered":"https:\/\/modesthanim.com\/product\/erkek-cocuk-pamuklu-uzun-kollu-dugmeli-cizgili-gomlek\/"},"modified":"2026-03-19T04:11:50","modified_gmt":"2026-03-19T04:11:50","slug":"erkek-cocuk-pamuklu-uzun-kollu-dugmeli-cizgili-gomlek","status":"publish","type":"product","link":"https:\/\/mod.wisdar.net\/tr\/urun\/erkek-cocuk-pamuklu-uzun-kollu-dugmeli-cizgili-gomlek\/","title":{"rendered":"Erkek \u00c7ocuk Pamuklu Uzun Kollu D\u00fc\u011fmeli \u00c7izgili G\u00f6mlek"},"content":{"rendered":"<p>G\u00f6mlek, klasik \u00e7izgili deseniyle hem g\u00fcnl\u00fck kullan\u0131ma hem de \u00f6zel g\u00fcnlere uygun bir se\u00e7enek sunuyor. Uzun kollu yap\u0131s\u0131 ve d\u00fc\u011fmeli tasar\u0131m\u0131yla pratiklik sa\u011fl\u0131yor. Pamuklu kuma\u015f\u0131 yumu\u015fak dokusuyla \u00e7ocuklar\u0131n rahat etmesini destekliyor. \u00c7ocuklar\u0131n hareket \u00f6zg\u00fcrl\u00fc\u011f\u00fcn\u00fc art\u0131ran bu g\u00f6mlek, dolaplar\u0131n vazge\u00e7ilmez par\u00e7as\u0131 haline gelecek.<\/p>\n<p>\u00dcr\u00fcn \u00d6zellikleri<br \/>\nKol Tipi: Uzun Kol<br \/>\nYaka Tipi: G\u00f6mlek Yaka<br \/>\nDetay: D\u00fc\u011fmeli<br \/>\nFit: Regular Fit<br \/>\nKuma\u015f: %100 Pamuk<br \/>\nKullan\u0131m Alan\u0131: G\u00fcnl\u00fck Giyim, \u00d6zel G\u00fcnler<\/p>\n<p>Koton erkek \u00e7ocuk giyim koleksiyonu, miniklerin enerjisini yans\u0131t\u0131yor. \u015e\u0131kl\u0131\u011f\u0131 ve rahatl\u0131\u011f\u0131 bir arada sunan bu g\u00f6mlek ile \u00e7ocuklar her an konforlu hissedecek!<\/p>\n<p>\u2014 Technical Details \u2014<br \/>\nKuma\u015f: %100 PAMUK<br \/>\nKol Boyu: Uzun Kol<br \/>\nKol Tipi: D\u00fc\u015f\u00fck Omuz<br \/>\nYaka Tipi: G\u00f6mlek Yaka<br \/>\nSil\u00fcet: Klasik<br \/>\n\u00dcr\u00fcn Tipi \/ Stil: Klasik<br \/>\n\u00dcr\u00fcn\u00fcn Alt Markas\u0131: Kidswear<\/p>\n","protected":false},"excerpt":{"rendered":"<p>G\u00f6mlek, klasik \u00e7izgili deseniyle hem g\u00fcnl\u00fck kullan\u0131ma hem de \u00f6zel g\u00fcnlere uygun bir se\u00e7enek sunuyor. Uzun kollu yap\u0131s\u0131 ve d\u00fc\u011fmeli tasar\u0131m\u0131yla pratiklik sa\u011fl\u0131yor. Pamuklu kuma\u015f\u0131 yumu\u015fak dokusuyla \u00e7ocuklar\u0131n rahat etmesini destekliyor. \u00c7ocuklar\u0131n hareket \u00f6zg\u00fcrl\u00fc\u011f\u00fcn\u00fc art\u0131ran bu g\u00f6mlek, dolaplar\u0131n vazge\u00e7ilmez par\u00e7as\u0131 haline gelecek. \u00dcr\u00fcn \u00d6zellikleri Kol Tipi: Uzun Kol Yaka Tipi: G\u00f6mlek Yaka Detay: D\u00fc\u011fmeli Fit: [&hellip;]<\/p>\n","protected":false},"featured_media":148990,"comment_status":"open","ping_status":"closed","template":"","meta":[],"product_brand":[],"product_cat":[8739,8694,8742],"product_tag":[7426,6768],"class_list":{"0":"post-148993","1":"product","2":"type-product","3":"status-publish","4":"has-post-thumbnail","6":"product_cat-erkek-cocuklar-2-14-yas","7":"product_cat-cocuklar","8":"product_cat-tisortler-gomlekler","9":"product_tag-gunluk-giyim-3","10":"product_tag-uzun-kol","11":"pa_brand-koton","12":"pa_color-yesil-cizgili","13":"pa_size-11-12-yas-2","14":"pa_size-13-14-yas-2","15":"pa_size-5-6-yas-2","16":"pa_size-6-7-yas-2","17":"pa_size-7-8-yas-2","18":"pa_size-9-10-yas-2","20":"first","21":"outofstock","22":"shipping-taxable","23":"product-type-variable"},"_links":{"self":[{"href":"https:\/\/mod.wisdar.net\/tr\/wp-json\/wp\/v2\/product\/148993","targetHints":{"allow":["GET"]}}],"collection":[{"href":"https:\/\/mod.wisdar.net\/tr\/wp-json\/wp\/v2\/product"}],"about":[{"href":"https:\/\/mod.wisdar.net\/tr\/wp-json\/wp\/v2\/types\/product"}],"replies":[{"embeddable":true,"href":"https:\/\/mod.wisdar.net\/tr\/wp-json\/wp\/v2\/comments?post=148993"}],"wp:featuredmedia":[{"embeddable":true,"href":"https:\/\/mod.wisdar.net\/tr\/wp-json\/wp\/v2\/media\/148990"}],"wp:attachment":[{"href":"https:\/\/mod.wisdar.net\/tr\/wp-json\/wp\/v2\/media?parent=148993"}],"wp:term":[{"taxonomy":"product_brand","embeddable":true,"href":"https:\/\/mod.wisdar.net\/tr\/wp-json\/wp\/v2\/product_brand?post=148993"},{"taxonomy":"product_cat","embeddable":true,"href":"https:\/\/mod.wisdar.net\/tr\/wp-json\/wp\/v2\/product_cat?post=148993"},{"taxonomy":"product_tag","embeddable":true,"href":"https:\/\/mod.wisdar.net\/tr\/wp-json\/wp\/v2\/product_tag?post=148993"}],"curies":[{"name":"wp","href":"https:\/\/api.w.org\/{rel}","templated":true}]}}