{"id":149031,"date":"2026-02-22T19:30:15","date_gmt":"2026-02-22T19:30:15","guid":{"rendered":"https:\/\/modesthanim.com\/product\/erkek-cocuk-pamuklu-uzun-kollu-klasik-yaka-cep-detayli-ekose-oduncu-gomlegi\/"},"modified":"2026-04-14T00:20:43","modified_gmt":"2026-04-14T00:20:43","slug":"erkek-cocuk-pamuklu-uzun-kollu-klasik-yaka-cep-detayli-ekose-oduncu-gomlegi","status":"publish","type":"product","link":"https:\/\/mod.wisdar.net\/tr\/urun\/erkek-cocuk-pamuklu-uzun-kollu-klasik-yaka-cep-detayli-ekose-oduncu-gomlegi\/","title":{"rendered":"Erkek \u00c7ocuk Pamuklu Uzun Kollu Klasik Yaka Cep Detayl\u0131 Ekose Oduncu G\u00f6mle\u011fi"},"content":{"rendered":"<p>Pamuklu yap\u0131s\u0131yla konforu \u00f6ne \u00e7\u0131karan ekose g\u00f6mlek, g\u00fcnl\u00fck giyimde s\u0131cak tutuyor. Uzun kollu tasar\u0131m\u0131 ve klasik yaka detay\u0131 rahatl\u0131\u011f\u0131 modern bir \u015f\u0131kl\u0131kla birle\u015ftiriyor. Cep detay\u0131 pratiklik sunarken ekose desen g\u00f6mle\u011fe hareket kat\u0131yor. G\u00f6mlek, minikler i\u00e7in oyun alan\u0131nda rahat\u00e7a hareket edebilecekleri esneklikte bir kesim sunuyor.<\/p>\n<p>\u00dcr\u00fcn \u00d6zellikleri<br \/>\nKuma\u015f: %100 Pamuk<br \/>\nKol Tipi: Uzun Kol<br \/>\nYaka Tipi: Klasik Yaka<br \/>\nDetay: Cep Detayl\u0131<br \/>\nFit: Regular<br \/>\nKullan\u0131m Alan\u0131: G\u00fcnl\u00fck Giyim<\/p>\n<p>Koton erkek \u00e7ocuk giyim koleksiyonu rahat ve kullan\u0131\u015fl\u0131 tasar\u0131mlar\u0131yla \u00f6ne \u00e7\u0131k\u0131yor!<\/p>\n<p>\u2014 Technical Details \u2014<br \/>\nKuma\u015f: %100 PAMUK<br \/>\nKol Boyu: Uzun Kol<br \/>\nKol Tipi: D\u00fc\u015f\u00fck Omuz<br \/>\nYaka Tipi: G\u00f6mlek Yaka<br \/>\nSil\u00fcet: Basic<br \/>\n\u00dcr\u00fcn Tipi \/ Stil: Basic<br \/>\n\u00dcr\u00fcn\u00fcn Alt Markas\u0131: Kidswear<br \/>\nSat\u0131c\u0131\/\u0130malat\u00e7\u0131\/\u0130thalat\u00e7\u0131 \u0130smi: Koton Ma\u011fazac\u0131l\u0131k Tekstil Sanayi ve Ticaret A.\u015e.<br \/>\nPosta Adresi: Ayaza\u011fa Mah. Maslak Ayaza\u011fa Cad. No:3 \u0130\u00e7 Kap\u0131 No:5 Sar\u0131yer\/\u0130stanbul<br \/>\nE-Posta Adresi: mim@koton.com<\/p>\n","protected":false},"excerpt":{"rendered":"<p>Pamuklu yap\u0131s\u0131yla konforu \u00f6ne \u00e7\u0131karan ekose g\u00f6mlek, g\u00fcnl\u00fck giyimde s\u0131cak tutuyor. Uzun kollu tasar\u0131m\u0131 ve klasik yaka detay\u0131 rahatl\u0131\u011f\u0131 modern bir \u015f\u0131kl\u0131kla birle\u015ftiriyor. Cep detay\u0131 pratiklik sunarken ekose desen g\u00f6mle\u011fe hareket kat\u0131yor. G\u00f6mlek, minikler i\u00e7in oyun alan\u0131nda rahat\u00e7a hareket edebilecekleri esneklikte bir kesim sunuyor. \u00dcr\u00fcn \u00d6zellikleri Kuma\u015f: %100 Pamuk Kol Tipi: Uzun Kol Yaka Tipi: [&hellip;]<\/p>\n","protected":false},"featured_media":149027,"comment_status":"open","ping_status":"closed","template":"","meta":[],"product_brand":[],"product_cat":[8739,8694,8742],"product_tag":[],"class_list":{"0":"post-149031","1":"product","2":"type-product","3":"status-publish","4":"has-post-thumbnail","6":"product_cat-erkek-cocuklar-2-14-yas","7":"product_cat-cocuklar","8":"product_cat-tisortler-gomlekler","9":"pa_brand-koton","10":"pa_color-haki-ekose","11":"pa_size-11-12-yas-2","12":"pa_size-4-5-yas-2","13":"pa_size-5-6-yas-2","14":"pa_size-6-7-yas-2","15":"pa_size-7-8-yas-2","16":"pa_size-9-10-yas-2","18":"first","19":"outofstock","20":"shipping-taxable","21":"product-type-variable"},"_links":{"self":[{"href":"https:\/\/mod.wisdar.net\/tr\/wp-json\/wp\/v2\/product\/149031","targetHints":{"allow":["GET"]}}],"collection":[{"href":"https:\/\/mod.wisdar.net\/tr\/wp-json\/wp\/v2\/product"}],"about":[{"href":"https:\/\/mod.wisdar.net\/tr\/wp-json\/wp\/v2\/types\/product"}],"replies":[{"embeddable":true,"href":"https:\/\/mod.wisdar.net\/tr\/wp-json\/wp\/v2\/comments?post=149031"}],"wp:featuredmedia":[{"embeddable":true,"href":"https:\/\/mod.wisdar.net\/tr\/wp-json\/wp\/v2\/media\/149027"}],"wp:attachment":[{"href":"https:\/\/mod.wisdar.net\/tr\/wp-json\/wp\/v2\/media?parent=149031"}],"wp:term":[{"taxonomy":"product_brand","embeddable":true,"href":"https:\/\/mod.wisdar.net\/tr\/wp-json\/wp\/v2\/product_brand?post=149031"},{"taxonomy":"product_cat","embeddable":true,"href":"https:\/\/mod.wisdar.net\/tr\/wp-json\/wp\/v2\/product_cat?post=149031"},{"taxonomy":"product_tag","embeddable":true,"href":"https:\/\/mod.wisdar.net\/tr\/wp-json\/wp\/v2\/product_tag?post=149031"}],"curies":[{"name":"wp","href":"https:\/\/api.w.org\/{rel}","templated":true}]}}