{"id":149068,"date":"2026-02-22T19:34:56","date_gmt":"2026-02-22T19:34:56","guid":{"rendered":"https:\/\/modesthanim.com\/product\/erkek-cocuk-pamuklu-uzun-kollu-dugmeli-tek-cepli-cizgili-gomlek\/"},"modified":"2026-04-14T00:22:12","modified_gmt":"2026-04-14T00:22:12","slug":"erkek-cocuk-pamuklu-uzun-kollu-dugmeli-tek-cepli-cizgili-gomlek","status":"publish","type":"product","link":"https:\/\/mod.wisdar.net\/tr\/urun\/erkek-cocuk-pamuklu-uzun-kollu-dugmeli-tek-cepli-cizgili-gomlek\/","title":{"rendered":"Erkek \u00c7ocuk Pamuklu Uzun Kollu D\u00fc\u011fmeli Tek Cepli \u00c7izgili G\u00f6mlek"},"content":{"rendered":"<p>\u00c7izgili g\u00f6mlek, \u00e7ocuklar i\u00e7in rahat ve \u015f\u0131k bir se\u00e7enek sunuyor. D\u00fc\u011fmeli tasar\u0131m\u0131 ile kolay giyilip \u00e7\u0131kar\u0131labilirken, tek cep detay\u0131 ise pratik kullan\u0131m\u0131yla \u00f6ne \u00e7\u0131k\u0131yor. Standart boyu ve yumu\u015fak dokusu ile her t\u00fcrl\u00fc kombine uyum sa\u011fl\u0131yor. Pamuklu yap\u0131s\u0131yla konfor sunarak ideal bir tamamlay\u0131c\u0131 par\u00e7a oluyor. \u00dcr\u00fcn \u00d6zellikleri Kol Tipi: Uzun Kol Detay: Cep Detayl\u0131, D\u00fc\u011fmeli Kuma\u015f: %100 Pamuk Kullan\u0131m Alan\u0131: G\u00fcnl\u00fck Giyim Koton erkek \u00e7ocuk giyim koleksiyonu, rahatl\u0131\u011f\u0131 ve \u015f\u0131kl\u0131\u011f\u0131 bir araya getiriyor! Miniklerin enerjisine e\u015flik eden par\u00e7alarla gard\u0131roplar\u0131n\u0131 renklendirin! D\u0131\u015f : %100 PAMUK<\/p>\n","protected":false},"excerpt":{"rendered":"<p>\u00c7izgili g\u00f6mlek, \u00e7ocuklar i\u00e7in rahat ve \u015f\u0131k bir se\u00e7enek sunuyor. D\u00fc\u011fmeli tasar\u0131m\u0131 ile kolay giyilip \u00e7\u0131kar\u0131labilirken, tek cep detay\u0131 ise pratik kullan\u0131m\u0131yla \u00f6ne \u00e7\u0131k\u0131yor. Standart boyu ve yumu\u015fak dokusu ile her t\u00fcrl\u00fc kombine uyum sa\u011fl\u0131yor. Pamuklu yap\u0131s\u0131yla konfor sunarak ideal bir tamamlay\u0131c\u0131 par\u00e7a oluyor. \u00dcr\u00fcn \u00d6zellikleri Kol Tipi: Uzun Kol Detay: Cep Detayl\u0131, D\u00fc\u011fmeli Kuma\u015f: [&hellip;]<\/p>\n","protected":false},"featured_media":149065,"comment_status":"open","ping_status":"closed","template":"","meta":[],"product_brand":[],"product_cat":[8739,8694,8742],"product_tag":[7426],"class_list":{"0":"post-149068","1":"product","2":"type-product","3":"status-publish","4":"has-post-thumbnail","6":"product_cat-erkek-cocuklar-2-14-yas","7":"product_cat-cocuklar","8":"product_cat-tisortler-gomlekler","9":"product_tag-gunluk-giyim-3","10":"pa_brand-koton","11":"pa_color-beyaz-cizgili","12":"pa_size-11-12-yas-2","13":"pa_size-13-14-yas-2","14":"pa_size-5-6-yas-2","15":"pa_size-6-7-yas-2","16":"pa_size-7-8-yas-2","17":"pa_size-9-10-yas-2","19":"first","20":"instock","21":"sale","22":"shipping-taxable","23":"purchasable","24":"product-type-variable"},"_links":{"self":[{"href":"https:\/\/mod.wisdar.net\/tr\/wp-json\/wp\/v2\/product\/149068","targetHints":{"allow":["GET"]}}],"collection":[{"href":"https:\/\/mod.wisdar.net\/tr\/wp-json\/wp\/v2\/product"}],"about":[{"href":"https:\/\/mod.wisdar.net\/tr\/wp-json\/wp\/v2\/types\/product"}],"replies":[{"embeddable":true,"href":"https:\/\/mod.wisdar.net\/tr\/wp-json\/wp\/v2\/comments?post=149068"}],"wp:featuredmedia":[{"embeddable":true,"href":"https:\/\/mod.wisdar.net\/tr\/wp-json\/wp\/v2\/media\/149065"}],"wp:attachment":[{"href":"https:\/\/mod.wisdar.net\/tr\/wp-json\/wp\/v2\/media?parent=149068"}],"wp:term":[{"taxonomy":"product_brand","embeddable":true,"href":"https:\/\/mod.wisdar.net\/tr\/wp-json\/wp\/v2\/product_brand?post=149068"},{"taxonomy":"product_cat","embeddable":true,"href":"https:\/\/mod.wisdar.net\/tr\/wp-json\/wp\/v2\/product_cat?post=149068"},{"taxonomy":"product_tag","embeddable":true,"href":"https:\/\/mod.wisdar.net\/tr\/wp-json\/wp\/v2\/product_tag?post=149068"}],"curies":[{"name":"wp","href":"https:\/\/api.w.org\/{rel}","templated":true}]}}