{"id":149105,"date":"2026-02-22T19:37:45","date_gmt":"2026-02-22T19:37:45","guid":{"rendered":"https:\/\/modesthanim.com\/product\/erkek-bebek-pamuklu-hayvan-baskili-bisiklet-yaka-uzun-kollu-tisort\/"},"modified":"2026-04-11T01:23:42","modified_gmt":"2026-04-11T01:23:42","slug":"erkek-bebek-pamuklu-hayvan-baskili-bisiklet-yaka-uzun-kollu-tisort","status":"publish","type":"product","link":"https:\/\/mod.wisdar.net\/tr\/urun\/erkek-bebek-pamuklu-hayvan-baskili-bisiklet-yaka-uzun-kollu-tisort\/","title":{"rendered":"Erkek Bebek Pamuklu Hayvan Bask\u0131l\u0131 Bisiklet Yaka Uzun Kollu Ti\u015f\u00f6rt"},"content":{"rendered":"<p>\u00dc\u00e7 hayvan fig\u00fcr\u00fcnden olu\u015fan sevimli bask\u0131s\u0131yla dikkat \u00e7eken uzun kollu ti\u015f\u00f6rt, yumu\u015fak yap\u0131s\u0131yla bebeklerin narin cildine uygun konfor sa\u011fl\u0131yor. Bisiklet yaka ve rahat kal\u0131b\u0131 sayesinde g\u00fcnl\u00fck giyimde pratik bir tercih oluyor. Pamuklu kuma\u015f\u0131 ile her mevsim kullan\u0131ma uygun olan bu par\u00e7a, bebekler i\u00e7in ne\u015feli ve g\u00fcvenli bir stil sunuyor.<\/p>\n<p>\u00dcr\u00fcn \u00d6zellikleri<br \/>\nKol Tipi: Uzun Kol<br \/>\nYaka Tipi: Bisiklet Yaka<br \/>\nDetay: Bask\u0131l\u0131<br \/>\nFit: Regular<br \/>\nKuma\u015f: %100 Pamuk<br \/>\nKullan\u0131m Alan\u0131: G\u00fcnl\u00fck Giyim<\/p>\n<p>Koton erkek bebek giyim koleksiyonu, e\u011flenceli ve kullan\u0131\u015fl\u0131 tasar\u0131mlar\u0131yla k\u00fc\u00e7\u00fcklerin enerjisine e\u015flik ediyor! Miniklerin giyim ihtiya\u00e7lar\u0131na uygun renkli ve rahat se\u00e7enekler i\u00e7in Koton erkek bebek giyim koleksiyonunu hemen ke\u015ffedin!<\/p>\n<p>Bebe\u011finiz bu k\u0131yafet ile g\u00fcvende! \u00dcr\u00fcnlerimiz kimyasallara kar\u015f\u0131 test edilerek, t\u00fcm g\u00fcvenlik kurallar\u0131na uygun olarak \u00fcretilir. \u00dcr\u00fcnlerimizde sa\u011fl\u0131\u011fa zararl\u0131 boyalar ve a\u011f\u0131r metaller, tehlikeli yutulabilecek k\u00fc\u00e7\u00fck ve keskin par\u00e7alar, kordon ve ba\u011fc\u0131klar bulunmamaktad\u0131r.<\/p>\n","protected":false},"excerpt":{"rendered":"<p>\u00dc\u00e7 hayvan fig\u00fcr\u00fcnden olu\u015fan sevimli bask\u0131s\u0131yla dikkat \u00e7eken uzun kollu ti\u015f\u00f6rt, yumu\u015fak yap\u0131s\u0131yla bebeklerin narin cildine uygun konfor sa\u011fl\u0131yor. Bisiklet yaka ve rahat kal\u0131b\u0131 sayesinde g\u00fcnl\u00fck giyimde pratik bir tercih oluyor. Pamuklu kuma\u015f\u0131 ile her mevsim kullan\u0131ma uygun olan bu par\u00e7a, bebekler i\u00e7in ne\u015feli ve g\u00fcvenli bir stil sunuyor. \u00dcr\u00fcn \u00d6zellikleri Kol Tipi: Uzun Kol [&hellip;]<\/p>\n","protected":false},"featured_media":149102,"comment_status":"open","ping_status":"closed","template":"","meta":[],"product_brand":[],"product_cat":[8739,8694,8742,8697,8700],"product_tag":[8110,7426,6768],"class_list":{"0":"post-149105","1":"product","2":"type-product","3":"status-publish","4":"has-post-thumbnail","6":"product_cat-erkek-cocuklar-2-14-yas","7":"product_cat-cocuklar","8":"product_cat-tisortler-gomlekler","9":"product_cat-yenidogan-0-12-ay","10":"product_cat-yenidogan-giyim","11":"product_tag-bisiklet-yaka-2","12":"product_tag-gunluk-giyim-3","13":"product_tag-uzun-kol","14":"pa_brand-koton","15":"pa_color-yesil","16":"pa_size-12-18-ay-2","17":"pa_size-18-24-ay-2","18":"pa_size-24-36-ay-2","19":"pa_size-3-4-yas-2","20":"pa_size-4-5-yas-2","21":"pa_size-9-12-ay-3","23":"first","24":"outofstock","25":"shipping-taxable","26":"product-type-variable"},"_links":{"self":[{"href":"https:\/\/mod.wisdar.net\/tr\/wp-json\/wp\/v2\/product\/149105","targetHints":{"allow":["GET"]}}],"collection":[{"href":"https:\/\/mod.wisdar.net\/tr\/wp-json\/wp\/v2\/product"}],"about":[{"href":"https:\/\/mod.wisdar.net\/tr\/wp-json\/wp\/v2\/types\/product"}],"replies":[{"embeddable":true,"href":"https:\/\/mod.wisdar.net\/tr\/wp-json\/wp\/v2\/comments?post=149105"}],"wp:featuredmedia":[{"embeddable":true,"href":"https:\/\/mod.wisdar.net\/tr\/wp-json\/wp\/v2\/media\/149102"}],"wp:attachment":[{"href":"https:\/\/mod.wisdar.net\/tr\/wp-json\/wp\/v2\/media?parent=149105"}],"wp:term":[{"taxonomy":"product_brand","embeddable":true,"href":"https:\/\/mod.wisdar.net\/tr\/wp-json\/wp\/v2\/product_brand?post=149105"},{"taxonomy":"product_cat","embeddable":true,"href":"https:\/\/mod.wisdar.net\/tr\/wp-json\/wp\/v2\/product_cat?post=149105"},{"taxonomy":"product_tag","embeddable":true,"href":"https:\/\/mod.wisdar.net\/tr\/wp-json\/wp\/v2\/product_tag?post=149105"}],"curies":[{"name":"wp","href":"https:\/\/api.w.org\/{rel}","templated":true}]}}