{"id":149191,"date":"2026-02-22T19:44:39","date_gmt":"2026-02-22T19:44:39","guid":{"rendered":"https:\/\/modesthanim.com\/product\/erkek-bebek-spor-tisort-baski-detayli-renk-bloklu-kisa-kollu-bisiklet-yaka\/"},"modified":"2026-04-11T01:22:54","modified_gmt":"2026-04-11T01:22:54","slug":"erkek-bebek-spor-tisort-baski-detayli-renk-bloklu-kisa-kollu-bisiklet-yaka","status":"publish","type":"product","link":"https:\/\/mod.wisdar.net\/tr\/urun\/erkek-bebek-spor-tisort-baski-detayli-renk-bloklu-kisa-kollu-bisiklet-yaka\/","title":{"rendered":"Erkek Bebek Spor Ti\u015f\u00f6rt Bask\u0131 Detayl\u0131 Renk Bloklu K\u0131sa Kollu Bisiklet Yaka"},"content":{"rendered":"<p>Bask\u0131 detayl\u0131, renk bloklu, k\u0131sa kollu, bisiklet yaka ti\u015f\u00f6rt miniklerin rengarenk d\u00fcnyas\u0131na yak\u0131\u015f\u0131r nitelikte! Koton k\u0131z bebek ti\u015f\u00f6rt modelleri hem g\u00fcnl\u00fck hayatta hem de hareketli aktivitelerde giyilebilen fonksiyonel yap\u0131lar\u0131yla dikkat \u00e7ekiyor. Bebe\u011finiz bu k\u0131yafet ile g\u00fcvende! \u00dcr\u00fcnlerimiz kimyasallara kar\u015f\u0131 test edilerek, t\u00fcm g\u00fcvenlik kurallar\u0131na uygun olarak \u00fcretilir. \u00dcr\u00fcnlerimizde sa\u011fl\u0131\u011fa zararl\u0131; boyalar ve a\u011f\u0131r metaller, tehlikeli yutabilecek k\u00fc\u00e7\u00fck ve keskin par\u00e7alar, kordon ve ba\u011fc\u0131klar bulunmamaktad\u0131r.<\/p>\n<p>\u2014 Technical Details \u2014<br \/>\nKuma\u015f: %100 POL\u0130ESTER<br \/>\nKol Boyu: K\u0131sa Kol<br \/>\nKol Tipi: D\u00fc\u015f\u00fck Omuz<br \/>\nYaka Tipi: Bisiklet Yaka<br \/>\nSil\u00fcet: Boxy<br \/>\n\u00dcr\u00fcn Tipi \/ Stil: Boxy<br \/>\n\u00dcr\u00fcn\u00fcn Alt Markas\u0131: Kidswear<\/p>\n","protected":false},"excerpt":{"rendered":"<p>Bask\u0131 detayl\u0131, renk bloklu, k\u0131sa kollu, bisiklet yaka ti\u015f\u00f6rt miniklerin rengarenk d\u00fcnyas\u0131na yak\u0131\u015f\u0131r nitelikte! Koton k\u0131z bebek ti\u015f\u00f6rt modelleri hem g\u00fcnl\u00fck hayatta hem de hareketli aktivitelerde giyilebilen fonksiyonel yap\u0131lar\u0131yla dikkat \u00e7ekiyor. Bebe\u011finiz bu k\u0131yafet ile g\u00fcvende! \u00dcr\u00fcnlerimiz kimyasallara kar\u015f\u0131 test edilerek, t\u00fcm g\u00fcvenlik kurallar\u0131na uygun olarak \u00fcretilir. \u00dcr\u00fcnlerimizde sa\u011fl\u0131\u011fa zararl\u0131; boyalar ve a\u011f\u0131r metaller, tehlikeli [&hellip;]<\/p>\n","protected":false},"featured_media":149188,"comment_status":"open","ping_status":"closed","template":"","meta":[],"product_brand":[],"product_cat":[8739,8694,8742],"product_tag":[8110,7419,7021],"class_list":{"0":"post-149191","1":"product","2":"type-product","3":"status-publish","4":"has-post-thumbnail","6":"product_cat-erkek-cocuklar-2-14-yas","7":"product_cat-cocuklar","8":"product_cat-tisortler-gomlekler","9":"product_tag-bisiklet-yaka-2","10":"product_tag-gunluk","11":"product_tag-polyester","12":"pa_brand-koton","13":"pa_color-mavi","14":"pa_size-12-18-ay-2","15":"pa_size-18-24-ay-2","16":"pa_size-24-36-ay-2","17":"pa_size-3-4-yas-2","18":"pa_size-4-5-yas-2","19":"pa_size-9-12-ay-3","21":"first","22":"instock","23":"sale","24":"shipping-taxable","25":"purchasable","26":"product-type-variable"},"_links":{"self":[{"href":"https:\/\/mod.wisdar.net\/tr\/wp-json\/wp\/v2\/product\/149191","targetHints":{"allow":["GET"]}}],"collection":[{"href":"https:\/\/mod.wisdar.net\/tr\/wp-json\/wp\/v2\/product"}],"about":[{"href":"https:\/\/mod.wisdar.net\/tr\/wp-json\/wp\/v2\/types\/product"}],"replies":[{"embeddable":true,"href":"https:\/\/mod.wisdar.net\/tr\/wp-json\/wp\/v2\/comments?post=149191"}],"wp:featuredmedia":[{"embeddable":true,"href":"https:\/\/mod.wisdar.net\/tr\/wp-json\/wp\/v2\/media\/149188"}],"wp:attachment":[{"href":"https:\/\/mod.wisdar.net\/tr\/wp-json\/wp\/v2\/media?parent=149191"}],"wp:term":[{"taxonomy":"product_brand","embeddable":true,"href":"https:\/\/mod.wisdar.net\/tr\/wp-json\/wp\/v2\/product_brand?post=149191"},{"taxonomy":"product_cat","embeddable":true,"href":"https:\/\/mod.wisdar.net\/tr\/wp-json\/wp\/v2\/product_cat?post=149191"},{"taxonomy":"product_tag","embeddable":true,"href":"https:\/\/mod.wisdar.net\/tr\/wp-json\/wp\/v2\/product_tag?post=149191"}],"curies":[{"name":"wp","href":"https:\/\/api.w.org\/{rel}","templated":true}]}}