{"id":149203,"date":"2026-02-22T19:44:56","date_gmt":"2026-02-22T19:44:56","guid":{"rendered":"https:\/\/modesthanim.com\/product\/erkek-bebek-kisa-kollu-bisiklet-yaka-pamuklu-cizgili-lisansli-mickey-mouse-tisort\/"},"modified":"2026-04-15T22:51:19","modified_gmt":"2026-04-15T22:51:19","slug":"erkek-bebek-kisa-kollu-bisiklet-yaka-pamuklu-cizgili-lisansli-mickey-mouse-tisort","status":"publish","type":"product","link":"https:\/\/mod.wisdar.net\/tr\/urun\/erkek-bebek-kisa-kollu-bisiklet-yaka-pamuklu-cizgili-lisansli-mickey-mouse-tisort\/","title":{"rendered":"Erkek Bebek K\u0131sa Kollu Bisiklet Yaka Pamuklu \u00c7izgili Lisansl\u0131 Mickey Mouse Ti\u015f\u00f6rt"},"content":{"rendered":"<p>Sevimli Mickey Mouse bask\u0131s\u0131yla dikkat \u00e7eken k\u0131sa kollu bisiklet yaka ti\u015f\u00f6rt, miniklerin favorisi olacak. Pamuklu kuma\u015f\u0131 sayesinde g\u00fcn boyu yumu\u015fak ve rahat bir kullan\u0131m sunuyor. \u00c7izgili deseni ve canl\u0131 tasar\u0131m\u0131yla enerjik bir hava kat\u0131yor. \u00c7ocu\u011funuzun g\u00fcnl\u00fck aktiviteleri i\u00e7in ideal bir se\u00e7enek oluyor. \u00dcr\u00fcn \u00d6zellikleri Kol Tipi: K\u0131sa Kollu Yaka Tipi: Bisiklet Yaka Detay: Bask\u0131l\u0131 Fit: Regular Kuma\u015f: %100 Pamuk Kullan\u0131m Alan\u0131: G\u00fcnl\u00fck Giyim Kapan\u0131\u015f Koton erkek bebek ti\u015f\u00f6rt modelleri, miniklerin enerjisine e\u015flik ediyor! Renkli ve e\u011flenceli detaylar\u0131yla Koton bebek koleksiyonunu ke\u015ffedin! Bebe\u011finiz bu k\u0131yafet ile g\u00fcvende! \u00dcr\u00fcnlerimiz kimyasallara kar\u015f\u0131 test edilerek, t\u00fcm g\u00fcvenlik kurallar\u0131na uygun olarak \u00fcretilir. \u00dcr\u00fcnlerimizde sa\u011fl\u0131\u011fa zararl\u0131 boyalar ve a\u011f\u0131r metaller, tehlikeli yutulabilecek k\u00fc\u00e7\u00fck ve keskin par\u00e7alar, kordon ve ba\u011fc\u0131klar bulunmamaktad\u0131r.<\/p>\n<p>\u2014 Technical Details \u2014<br \/>\nKuma\u015f: %100 PAMUK<br \/>\nKol Boyu: K\u0131sa Kol<br \/>\nKol Tipi: D\u00fc\u015f\u00fck Omuz<br \/>\nYaka Tipi: Bisiklet Yaka<br \/>\nLisans(Firma): LSN_DISNEY<br \/>\nLisans(Karakter): Mickey Mouse<br \/>\n\u00dcr\u00fcn\u00fcn Alt Markas\u0131: Kidswear<br \/>\nSat\u0131c\u0131\/\u0130malat\u00e7\u0131\/\u0130thalat\u00e7\u0131 \u0130smi: Koton Ma\u011fazac\u0131l\u0131k Tekstil Sanayi ve Ticaret A.\u015e.<br \/>\nPosta Adresi: Ayaza\u011fa Mah. Maslak Ayaza\u011fa Cad. No:3 \u0130\u00e7 Kap\u0131 No:5 Sar\u0131yer\/\u0130stanbul<br \/>\nE-Posta Adresi: mim@koton.com<\/p>\n","protected":false},"excerpt":{"rendered":"<p>Sevimli Mickey Mouse bask\u0131s\u0131yla dikkat \u00e7eken k\u0131sa kollu bisiklet yaka ti\u015f\u00f6rt, miniklerin favorisi olacak. Pamuklu kuma\u015f\u0131 sayesinde g\u00fcn boyu yumu\u015fak ve rahat bir kullan\u0131m sunuyor. \u00c7izgili deseni ve canl\u0131 tasar\u0131m\u0131yla enerjik bir hava kat\u0131yor. \u00c7ocu\u011funuzun g\u00fcnl\u00fck aktiviteleri i\u00e7in ideal bir se\u00e7enek oluyor. \u00dcr\u00fcn \u00d6zellikleri Kol Tipi: K\u0131sa Kollu Yaka Tipi: Bisiklet Yaka Detay: Bask\u0131l\u0131 Fit: [&hellip;]<\/p>\n","protected":false},"featured_media":149198,"comment_status":"open","ping_status":"closed","template":"","meta":[],"product_brand":[],"product_cat":[8739,8694,8742,8697,8700],"product_tag":[8110,7912,7426,7488],"class_list":{"0":"post-149203","1":"product","2":"type-product","3":"status-publish","4":"has-post-thumbnail","6":"product_cat-erkek-cocuklar-2-14-yas","7":"product_cat-cocuklar","8":"product_cat-tisortler-gomlekler","9":"product_cat-yenidogan-0-12-ay","10":"product_cat-yenidogan-giyim","11":"product_tag-bisiklet-yaka-2","12":"product_tag-cizgili","13":"product_tag-gunluk-giyim-3","14":"product_tag-pamuk","15":"pa_brand-koton","16":"pa_color-ekru-cizgili","17":"pa_size-12-18-ay-2","18":"pa_size-18-24-ay-2","19":"pa_size-24-36-ay-2","20":"pa_size-3-4-yas-2","21":"pa_size-4-5-yas-2","23":"first","24":"instock","25":"sale","26":"shipping-taxable","27":"purchasable","28":"product-type-variable"},"_links":{"self":[{"href":"https:\/\/mod.wisdar.net\/tr\/wp-json\/wp\/v2\/product\/149203","targetHints":{"allow":["GET"]}}],"collection":[{"href":"https:\/\/mod.wisdar.net\/tr\/wp-json\/wp\/v2\/product"}],"about":[{"href":"https:\/\/mod.wisdar.net\/tr\/wp-json\/wp\/v2\/types\/product"}],"replies":[{"embeddable":true,"href":"https:\/\/mod.wisdar.net\/tr\/wp-json\/wp\/v2\/comments?post=149203"}],"wp:featuredmedia":[{"embeddable":true,"href":"https:\/\/mod.wisdar.net\/tr\/wp-json\/wp\/v2\/media\/149198"}],"wp:attachment":[{"href":"https:\/\/mod.wisdar.net\/tr\/wp-json\/wp\/v2\/media?parent=149203"}],"wp:term":[{"taxonomy":"product_brand","embeddable":true,"href":"https:\/\/mod.wisdar.net\/tr\/wp-json\/wp\/v2\/product_brand?post=149203"},{"taxonomy":"product_cat","embeddable":true,"href":"https:\/\/mod.wisdar.net\/tr\/wp-json\/wp\/v2\/product_cat?post=149203"},{"taxonomy":"product_tag","embeddable":true,"href":"https:\/\/mod.wisdar.net\/tr\/wp-json\/wp\/v2\/product_tag?post=149203"}],"curies":[{"name":"wp","href":"https:\/\/api.w.org\/{rel}","templated":true}]}}