{"id":149275,"date":"2026-02-22T19:50:11","date_gmt":"2026-02-22T19:50:11","guid":{"rendered":"https:\/\/modesthanim.com\/product\/erkek-bebek-kurbaga-nakis-detayli-cizgili-pamuklu-kisa-kollu-tisort\/"},"modified":"2026-03-05T20:55:22","modified_gmt":"2026-03-05T20:55:22","slug":"erkek-bebek-kurbaga-nakis-detayli-cizgili-pamuklu-kisa-kollu-tisort","status":"publish","type":"product","link":"https:\/\/mod.wisdar.net\/tr\/urun\/erkek-bebek-kurbaga-nakis-detayli-cizgili-pamuklu-kisa-kollu-tisort\/","title":{"rendered":"Erkek Bebek Kurba\u011fa Nak\u0131\u015f Detayl\u0131 \u00c7izgili Pamuklu K\u0131sa Kollu Ti\u015f\u00f6rt"},"content":{"rendered":"<p>Kurba\u011fa fig\u00fcrl\u00fc, pamuklu ti\u015f\u00f6rt sevimli nak\u0131\u015f detay\u0131 ile miniklerin favorisi olmaya aday. K\u0131sa kollu tasar\u0131m\u0131yla ti\u015f\u00f6rt s\u0131cak g\u00fcnlerde rahatl\u0131k sa\u011flarken, bisiklet yaka detay\u0131yla da kolay giyilebilir hale getiriyor. Ti\u015f\u00f6rt, her an hareket halinde olan minikler i\u00e7in m\u00fckemmel bir se\u00e7im! Stil \u00d6nerisi Koton bebek giyim modelleri konforlu yap\u0131s\u0131 ve \u015firin tasar\u0131mlar\u0131yla pratik kullan\u0131m imkan\u0131 sunuyor, sevimli kombinler yarat\u0131yor. \u00dcr\u00fcn \u00d6zellikleri Kol Boyu: K\u0131sa Kol Yaka Tipi: Bisiklet Yaka Detay: Nak\u0131\u015fl\u0131 Kuma\u015f: %100 Pamuk Kullan\u0131m Alan\u0131: G\u00fcnl\u00fck Giyim, \u00d6zel G\u00fcnler Bebe\u011finiz bu k\u0131yafet ile g\u00fcvende! \u00dcr\u00fcnlerimiz kimyasallara kar\u015f\u0131 test edilerek, t\u00fcm g\u00fcvenlik kurallar\u0131na uygun olarak \u00fcretilir. \u00dcr\u00fcnlerimizde sa\u011fl\u0131\u011fa zararl\u0131; boyalar ve a\u011f\u0131r metaller, tehlikeli yutabilecek k\u00fc\u00e7\u00fck ve keskin par\u00e7alar, kordon ve ba\u011fc\u0131klar bulunmamaktad\u0131r. Koton erkek bebek ti\u015f\u00f6rt modelleri ebeveynlerin be\u011fenisini kazanmay\u0131 ba\u015far\u0131yor. Hem \u015f\u0131k hem de konforlu bir deneyim sunan ti\u015f\u00f6rt, miniklere e\u011flence kat\u0131yor!<\/p>\n<p>\u2014 Technical Details \u2014<br \/>\nKuma\u015f: %100 PAMUK<br \/>\nKol Boyu: K\u0131sa Kol<br \/>\nYaka Tipi: Bisiklet Yaka<br \/>\nDetay: Nak\u0131\u015fl\u0131<br \/>\nKullan\u0131m Alan\u0131: G\u00fcnl\u00fck Giyim, \u00d6zel G\u00fcnler<\/p>\n","protected":false},"excerpt":{"rendered":"<p>Kurba\u011fa fig\u00fcrl\u00fc, pamuklu ti\u015f\u00f6rt sevimli nak\u0131\u015f detay\u0131 ile miniklerin favorisi olmaya aday. K\u0131sa kollu tasar\u0131m\u0131yla ti\u015f\u00f6rt s\u0131cak g\u00fcnlerde rahatl\u0131k sa\u011flarken, bisiklet yaka detay\u0131yla da kolay giyilebilir hale getiriyor. Ti\u015f\u00f6rt, her an hareket halinde olan minikler i\u00e7in m\u00fckemmel bir se\u00e7im! Stil \u00d6nerisi Koton bebek giyim modelleri konforlu yap\u0131s\u0131 ve \u015firin tasar\u0131mlar\u0131yla pratik kullan\u0131m imkan\u0131 sunuyor, sevimli [&hellip;]<\/p>\n","protected":false},"featured_media":149272,"comment_status":"open","ping_status":"closed","template":"","meta":[],"product_brand":[],"product_cat":[8739,8694,8742],"product_tag":[],"class_list":{"0":"post-149275","1":"product","2":"type-product","3":"status-publish","4":"has-post-thumbnail","6":"product_cat-erkek-cocuklar-2-14-yas","7":"product_cat-cocuklar","8":"product_cat-tisortler-gomlekler","9":"pa_brand-koton","10":"pa_color-yesil-cizgili","11":"pa_size-12-18-ay-2","12":"pa_size-18-24-ay-2","13":"pa_size-24-36-ay-2","14":"pa_size-3-4-yas-2","15":"pa_size-9-12-ay-3","17":"first","18":"outofstock","19":"shipping-taxable","20":"product-type-variable"},"_links":{"self":[{"href":"https:\/\/mod.wisdar.net\/tr\/wp-json\/wp\/v2\/product\/149275","targetHints":{"allow":["GET"]}}],"collection":[{"href":"https:\/\/mod.wisdar.net\/tr\/wp-json\/wp\/v2\/product"}],"about":[{"href":"https:\/\/mod.wisdar.net\/tr\/wp-json\/wp\/v2\/types\/product"}],"replies":[{"embeddable":true,"href":"https:\/\/mod.wisdar.net\/tr\/wp-json\/wp\/v2\/comments?post=149275"}],"wp:featuredmedia":[{"embeddable":true,"href":"https:\/\/mod.wisdar.net\/tr\/wp-json\/wp\/v2\/media\/149272"}],"wp:attachment":[{"href":"https:\/\/mod.wisdar.net\/tr\/wp-json\/wp\/v2\/media?parent=149275"}],"wp:term":[{"taxonomy":"product_brand","embeddable":true,"href":"https:\/\/mod.wisdar.net\/tr\/wp-json\/wp\/v2\/product_brand?post=149275"},{"taxonomy":"product_cat","embeddable":true,"href":"https:\/\/mod.wisdar.net\/tr\/wp-json\/wp\/v2\/product_cat?post=149275"},{"taxonomy":"product_tag","embeddable":true,"href":"https:\/\/mod.wisdar.net\/tr\/wp-json\/wp\/v2\/product_tag?post=149275"}],"curies":[{"name":"wp","href":"https:\/\/api.w.org\/{rel}","templated":true}]}}