{"id":149323,"date":"2026-02-22T19:53:38","date_gmt":"2026-02-22T19:53:38","guid":{"rendered":"https:\/\/modesthanim.com\/product\/erkek-bebek-pamuklu-kisa-kollu-bisiklet-yaka-cizgili-tisort\/"},"modified":"2026-03-03T10:10:40","modified_gmt":"2026-03-03T10:10:40","slug":"erkek-bebek-pamuklu-kisa-kollu-bisiklet-yaka-cizgili-tisort","status":"publish","type":"product","link":"https:\/\/mod.wisdar.net\/tr\/urun\/erkek-bebek-pamuklu-kisa-kollu-bisiklet-yaka-cizgili-tisort\/","title":{"rendered":"Erkek Bebek Pamuklu K\u0131sa Kollu Bisiklet Yaka \u00c7izgili Ti\u015f\u00f6rt"},"content":{"rendered":"<p>Sevimli bir g\u00f6r\u00fcn\u00fcm sunan pamuklu ti\u015f\u00f6rt, miniklerin gard\u0131robuna taze bir soluk kat\u0131yor. Yumu\u015fak dokusu sayesinde g\u00fcn boyu konfor sa\u011flarken, \u00e7izgili yap\u0131s\u0131yla enerjik bir hava yarat\u0131yor. Geni\u015f kesimi ile rahat hareket imkan\u0131 sa\u011flayan ti\u015f\u00f6rt, farkl\u0131 alt giyim par\u00e7alar\u0131yla m\u00fckemmel uyum sa\u011fl\u0131yor.<\/p>\n<p>\u00dcr\u00fcn \u00d6zellikleri<\/p>\n<p>Kol Tipi: K\u0131sa Kol<br \/>\nYaka Tipi: Bisiklet Yaka<br \/>\nKullan\u0131m Alan\u0131: G\u00fcnl\u00fck Giyim<\/p>\n<p>Koton erkek bebek ti\u015f\u00f6rtleri, miniklerin enerjisine ayak uyduruyor! Koton\u2019un bebek koleksiyonundaki rahat ve sevimli tasar\u0131mlar ke\u015ffedilmeyi bekliyor!<\/p>\n<p>\u00dcr\u00fcnlerimiz kimyasallara kar\u015f\u0131 test edilerek, t\u00fcm g\u00fcvenlik kurallar\u0131na uygun olarak \u00fcretilir. \u00dcr\u00fcnlerimizde sa\u011fl\u0131\u011fa zararl\u0131 boyalar ve a\u011f\u0131r metaller, tehlikeli yutulabilecek k\u00fc\u00e7\u00fck ve keskin par\u00e7alar, kordon ve ba\u011fc\u0131klar bulunmamaktad\u0131r.<\/p>\n<p>D\u0131\u015f : %17 POL\u0130ESTER, %6 V\u0130SKOZ, %77 PAMUK<\/p>\n","protected":false},"excerpt":{"rendered":"<p>Sevimli bir g\u00f6r\u00fcn\u00fcm sunan pamuklu ti\u015f\u00f6rt, miniklerin gard\u0131robuna taze bir soluk kat\u0131yor. Yumu\u015fak dokusu sayesinde g\u00fcn boyu konfor sa\u011flarken, \u00e7izgili yap\u0131s\u0131yla enerjik bir hava yarat\u0131yor. Geni\u015f kesimi ile rahat hareket imkan\u0131 sa\u011flayan ti\u015f\u00f6rt, farkl\u0131 alt giyim par\u00e7alar\u0131yla m\u00fckemmel uyum sa\u011fl\u0131yor. \u00dcr\u00fcn \u00d6zellikleri Kol Tipi: K\u0131sa Kol Yaka Tipi: Bisiklet Yaka Kullan\u0131m Alan\u0131: G\u00fcnl\u00fck Giyim Koton [&hellip;]<\/p>\n","protected":false},"featured_media":149318,"comment_status":"open","ping_status":"closed","template":"","meta":[],"product_brand":[],"product_cat":[8739,8694,8742,8697,8700],"product_tag":[7912,7419,7488,6751],"class_list":{"0":"post-149323","1":"product","2":"type-product","3":"status-publish","4":"has-post-thumbnail","6":"product_cat-erkek-cocuklar-2-14-yas","7":"product_cat-cocuklar","8":"product_cat-tisortler-gomlekler","9":"product_cat-yenidogan-0-12-ay","10":"product_cat-yenidogan-giyim","11":"product_tag-cizgili","12":"product_tag-gunluk","13":"product_tag-pamuk","14":"product_tag-rahat","15":"pa_brand-koton","16":"pa_color-ekru-cizgili","17":"pa_size-12-18-ay-2","18":"pa_size-18-24-ay-2","19":"pa_size-24-36-ay-2","20":"pa_size-3-4-yas-2","21":"pa_size-4-5-yas-2","23":"first","24":"instock","25":"sale","26":"shipping-taxable","27":"purchasable","28":"product-type-variable"},"_links":{"self":[{"href":"https:\/\/mod.wisdar.net\/tr\/wp-json\/wp\/v2\/product\/149323","targetHints":{"allow":["GET"]}}],"collection":[{"href":"https:\/\/mod.wisdar.net\/tr\/wp-json\/wp\/v2\/product"}],"about":[{"href":"https:\/\/mod.wisdar.net\/tr\/wp-json\/wp\/v2\/types\/product"}],"replies":[{"embeddable":true,"href":"https:\/\/mod.wisdar.net\/tr\/wp-json\/wp\/v2\/comments?post=149323"}],"wp:featuredmedia":[{"embeddable":true,"href":"https:\/\/mod.wisdar.net\/tr\/wp-json\/wp\/v2\/media\/149318"}],"wp:attachment":[{"href":"https:\/\/mod.wisdar.net\/tr\/wp-json\/wp\/v2\/media?parent=149323"}],"wp:term":[{"taxonomy":"product_brand","embeddable":true,"href":"https:\/\/mod.wisdar.net\/tr\/wp-json\/wp\/v2\/product_brand?post=149323"},{"taxonomy":"product_cat","embeddable":true,"href":"https:\/\/mod.wisdar.net\/tr\/wp-json\/wp\/v2\/product_cat?post=149323"},{"taxonomy":"product_tag","embeddable":true,"href":"https:\/\/mod.wisdar.net\/tr\/wp-json\/wp\/v2\/product_tag?post=149323"}],"curies":[{"name":"wp","href":"https:\/\/api.w.org\/{rel}","templated":true}]}}