{"id":149330,"date":"2026-02-22T19:53:41","date_gmt":"2026-02-22T19:53:41","guid":{"rendered":"https:\/\/modesthanim.com\/product\/baski-detayli-bisiklet-yaka-kisa-kollu-pamuklu-tisort\/"},"modified":"2026-04-15T22:48:50","modified_gmt":"2026-04-15T22:48:50","slug":"baski-detayli-bisiklet-yaka-kisa-kollu-pamuklu-tisort","status":"publish","type":"product","link":"https:\/\/mod.wisdar.net\/tr\/urun\/baski-detayli-bisiklet-yaka-kisa-kollu-pamuklu-tisort\/","title":{"rendered":"Bask\u0131 Detayl\u0131 Bisiklet Yaka K\u0131sa Kollu Pamuklu Ti\u015f\u00f6rt"},"content":{"rendered":"<p>Yaz temal\u0131 bask\u0131 detay\u0131yla dikkat \u00e7eken ti\u015f\u00f6rt, rahat kesimi ve pamuklu kuma\u015f\u0131yla miniklere harika bir se\u00e7enek sunuyor. Bisiklet yaka ve k\u0131sa kol tasar\u0131m\u0131, hareket \u00f6zg\u00fcrl\u00fc\u011f\u00fc sa\u011flarken, canl\u0131 renkleriyle be\u011feni topluyor. Hafif yap\u0131s\u0131 ve kaliteli dokusuyla her mevsim konforlu bir kullan\u0131m sa\u011fl\u0131yor. Stil \u00d6nerisi \u00dcr\u00fcn \u00d6zellikleri Desen: Bask\u0131l\u0131 Kol Boyu: K\u0131sa Kol Yaka Tipi: Bisiklet Yaka Kullan\u0131m Alan\u0131: G\u00fcnl\u00fck Giyim, \u00d6zel G\u00fcnler Kuma\u015f: (%100 Pamuk) Koton erkek bebek ti\u015f\u00f6rt modelleri ebeveynlerin be\u011fenisini kazanmay\u0131 ba\u015far\u0131yor. Renkli ve e\u011flenceli tasar\u0131mlarla gard\u0131robunuzu zenginle\u015ftirin!<\/p>\n","protected":false},"excerpt":{"rendered":"<p>Yaz temal\u0131 bask\u0131 detay\u0131yla dikkat \u00e7eken ti\u015f\u00f6rt, rahat kesimi ve pamuklu kuma\u015f\u0131yla miniklere harika bir se\u00e7enek sunuyor. Bisiklet yaka ve k\u0131sa kol tasar\u0131m\u0131, hareket \u00f6zg\u00fcrl\u00fc\u011f\u00fc sa\u011flarken, canl\u0131 renkleriyle be\u011feni topluyor. Hafif yap\u0131s\u0131 ve kaliteli dokusuyla her mevsim konforlu bir kullan\u0131m sa\u011fl\u0131yor. Stil \u00d6nerisi \u00dcr\u00fcn \u00d6zellikleri Desen: Bask\u0131l\u0131 Kol Boyu: K\u0131sa Kol Yaka Tipi: Bisiklet Yaka [&hellip;]<\/p>\n","protected":false},"featured_media":149319,"comment_status":"open","ping_status":"closed","template":"","meta":[],"product_brand":[],"product_cat":[8739,8694,8742],"product_tag":[8110],"class_list":{"0":"post-149330","1":"product","2":"type-product","3":"status-publish","4":"has-post-thumbnail","6":"product_cat-erkek-cocuklar-2-14-yas","7":"product_cat-cocuklar","8":"product_cat-tisortler-gomlekler","9":"product_tag-bisiklet-yaka-2","10":"pa_brand-koton","11":"pa_color-beyaz","12":"pa_size-12-18-ay-2","13":"pa_size-18-24-ay-2","14":"pa_size-24-36-ay-2","15":"pa_size-3-4-yas-2","16":"pa_size-4-5-yas-2","18":"first","19":"instock","20":"sale","21":"shipping-taxable","22":"purchasable","23":"product-type-variable"},"_links":{"self":[{"href":"https:\/\/mod.wisdar.net\/tr\/wp-json\/wp\/v2\/product\/149330","targetHints":{"allow":["GET"]}}],"collection":[{"href":"https:\/\/mod.wisdar.net\/tr\/wp-json\/wp\/v2\/product"}],"about":[{"href":"https:\/\/mod.wisdar.net\/tr\/wp-json\/wp\/v2\/types\/product"}],"replies":[{"embeddable":true,"href":"https:\/\/mod.wisdar.net\/tr\/wp-json\/wp\/v2\/comments?post=149330"}],"wp:featuredmedia":[{"embeddable":true,"href":"https:\/\/mod.wisdar.net\/tr\/wp-json\/wp\/v2\/media\/149319"}],"wp:attachment":[{"href":"https:\/\/mod.wisdar.net\/tr\/wp-json\/wp\/v2\/media?parent=149330"}],"wp:term":[{"taxonomy":"product_brand","embeddable":true,"href":"https:\/\/mod.wisdar.net\/tr\/wp-json\/wp\/v2\/product_brand?post=149330"},{"taxonomy":"product_cat","embeddable":true,"href":"https:\/\/mod.wisdar.net\/tr\/wp-json\/wp\/v2\/product_cat?post=149330"},{"taxonomy":"product_tag","embeddable":true,"href":"https:\/\/mod.wisdar.net\/tr\/wp-json\/wp\/v2\/product_tag?post=149330"}],"curies":[{"name":"wp","href":"https:\/\/api.w.org\/{rel}","templated":true}]}}