{"id":149371,"date":"2026-02-22T19:55:47","date_gmt":"2026-02-22T19:55:47","guid":{"rendered":"https:\/\/modesthanim.com\/product\/erkek-bebek-kisa-kollu-cepli-oversize-basic-polo-yaka-tisort\/"},"modified":"2026-04-11T01:13:53","modified_gmt":"2026-04-11T01:13:53","slug":"erkek-bebek-kisa-kollu-cepli-oversize-basic-polo-yaka-tisort","status":"publish","type":"product","link":"https:\/\/mod.wisdar.net\/tr\/urun\/erkek-bebek-kisa-kollu-cepli-oversize-basic-polo-yaka-tisort\/","title":{"rendered":"Erkek Bebek K\u0131sa Kollu Cepli Oversize Basic Polo Yaka Ti\u015f\u00f6rt"},"content":{"rendered":"<p>K\u0131sa kollu ve polo yaka tasar\u0131m\u0131yla dikkat \u00e7eken ti\u015f\u00f6rt, \u00e7ocuklar\u0131n gard\u0131robuna sade ve \u015f\u0131k bir dokunu\u015f kat\u0131yor. \u00d6n k\u0131sm\u0131ndaki cep detay\u0131 ile sportif bir hava kazand\u0131r\u0131yor. Geni\u015f kesimiyle rahat hareket imkan\u0131 sa\u011flarken, minikler i\u00e7in konforlu bir giyim deneyimi sunuyor.<\/p>\n<p>\u00dcr\u00fcn \u00d6zellikleri<\/p>\n<p>Kol Boyu: K\u0131sa Kol<br \/>\nYaka Tipi: Polo Yaka<br \/>\nFit: Oversize<br \/>\nCep: Cep Detayl\u0131<br \/>\nKullan\u0131m Alan\u0131: G\u00fcnl\u00fck Giyim<\/p>\n<p>Koton erkek bebek ti\u015f\u00f6rt modelleri, miniklerin enerjisini yans\u0131t\u0131yor! Koton&#8217;un \u015f\u0131kl\u0131\u011f\u0131 ve rahatl\u0131\u011f\u0131 bir arada sunan koleksiyonu ile miniklerin d\u00fcnyas\u0131n\u0131 renklendirin!<\/p>\n<p>\u00dcr\u00fcnlerimiz kimyasallara kar\u015f\u0131 test edilerek, t\u00fcm g\u00fcvenlik kurallar\u0131na uygun olarak \u00fcretilir. \u00dcr\u00fcnlerimizde sa\u011fl\u0131\u011fa zararl\u0131 boyalar ve a\u011f\u0131r metaller, tehlikeli yutulabilecek k\u00fc\u00e7\u00fck ve keskin par\u00e7alar, kordon ve ba\u011fc\u0131klar bulunmamaktad\u0131r.<\/p>\n","protected":false},"excerpt":{"rendered":"<p>K\u0131sa kollu ve polo yaka tasar\u0131m\u0131yla dikkat \u00e7eken ti\u015f\u00f6rt, \u00e7ocuklar\u0131n gard\u0131robuna sade ve \u015f\u0131k bir dokunu\u015f kat\u0131yor. \u00d6n k\u0131sm\u0131ndaki cep detay\u0131 ile sportif bir hava kazand\u0131r\u0131yor. Geni\u015f kesimiyle rahat hareket imkan\u0131 sa\u011flarken, minikler i\u00e7in konforlu bir giyim deneyimi sunuyor. \u00dcr\u00fcn \u00d6zellikleri Kol Boyu: K\u0131sa Kol Yaka Tipi: Polo Yaka Fit: Oversize Cep: Cep Detayl\u0131 Kullan\u0131m [&hellip;]<\/p>\n","protected":false},"featured_media":149368,"comment_status":"open","ping_status":"closed","template":"","meta":[],"product_brand":[],"product_cat":[8739,8694,8742,8697,8700],"product_tag":[],"class_list":{"0":"post-149371","1":"product","2":"type-product","3":"status-publish","4":"has-post-thumbnail","6":"product_cat-erkek-cocuklar-2-14-yas","7":"product_cat-cocuklar","8":"product_cat-tisortler-gomlekler","9":"product_cat-yenidogan-0-12-ay","10":"product_cat-yenidogan-giyim","11":"pa_brand-koton","12":"pa_color-ekru","13":"pa_size-12-18-ay-2","14":"pa_size-18-24-ay-2","15":"pa_size-24-36-ay-2","16":"pa_size-3-4-yas-2","17":"pa_size-4-5-yas-2","19":"first","20":"instock","21":"sale","22":"shipping-taxable","23":"purchasable","24":"product-type-variable"},"_links":{"self":[{"href":"https:\/\/mod.wisdar.net\/tr\/wp-json\/wp\/v2\/product\/149371","targetHints":{"allow":["GET"]}}],"collection":[{"href":"https:\/\/mod.wisdar.net\/tr\/wp-json\/wp\/v2\/product"}],"about":[{"href":"https:\/\/mod.wisdar.net\/tr\/wp-json\/wp\/v2\/types\/product"}],"replies":[{"embeddable":true,"href":"https:\/\/mod.wisdar.net\/tr\/wp-json\/wp\/v2\/comments?post=149371"}],"wp:featuredmedia":[{"embeddable":true,"href":"https:\/\/mod.wisdar.net\/tr\/wp-json\/wp\/v2\/media\/149368"}],"wp:attachment":[{"href":"https:\/\/mod.wisdar.net\/tr\/wp-json\/wp\/v2\/media?parent=149371"}],"wp:term":[{"taxonomy":"product_brand","embeddable":true,"href":"https:\/\/mod.wisdar.net\/tr\/wp-json\/wp\/v2\/product_brand?post=149371"},{"taxonomy":"product_cat","embeddable":true,"href":"https:\/\/mod.wisdar.net\/tr\/wp-json\/wp\/v2\/product_cat?post=149371"},{"taxonomy":"product_tag","embeddable":true,"href":"https:\/\/mod.wisdar.net\/tr\/wp-json\/wp\/v2\/product_tag?post=149371"}],"curies":[{"name":"wp","href":"https:\/\/api.w.org\/{rel}","templated":true}]}}