{"id":149403,"date":"2026-02-22T19:57:21","date_gmt":"2026-02-22T19:57:21","guid":{"rendered":"https:\/\/modesthanim.com\/product\/erkek-bebek-kisa-kollu-bisiklet-yaka-palmiye-baskili-pamuklu-oversize-tisort\/"},"modified":"2026-04-15T22:42:43","modified_gmt":"2026-04-15T22:42:43","slug":"erkek-bebek-kisa-kollu-bisiklet-yaka-palmiye-baskili-pamuklu-oversize-tisort","status":"publish","type":"product","link":"https:\/\/mod.wisdar.net\/tr\/urun\/erkek-bebek-kisa-kollu-bisiklet-yaka-palmiye-baskili-pamuklu-oversize-tisort\/","title":{"rendered":"Erkek Bebek K\u0131sa Kollu Bisiklet Yaka Palmiye Bask\u0131l\u0131 Pamuklu Oversize Ti\u015f\u00f6rt"},"content":{"rendered":"<p>Pamuklu kuma\u015f\u0131 ve oversize kal\u0131b\u0131yla \u00f6ne \u00e7\u0131kan ti\u015f\u00f6rt, miniklere g\u00fcn boyu rahatl\u0131k sunuyor. K\u0131sa kollu ve bisiklet yaka tasar\u0131m\u0131 sayesinde yaz aylar\u0131 i\u00e7in ideal bir se\u00e7enek olan ti\u015f\u00f6rt, miniklerin enerjisini yans\u0131t\u0131yor. G\u00fcnl\u00fck kullan\u0131ma uygun yap\u0131s\u0131yla dikkat \u00e7eken tasar\u0131m, ebeveynlerin de favorisi oluyor.<\/p>\n<p>\u00dcr\u00fcn \u00d6zellikleri<br \/>\nKol Tipi: K\u0131sa Kol<br \/>\nYaka Tipi: Bisiklet Yaka<br \/>\nDetay: Bask\u0131l\u0131<br \/>\nFit: Oversize<br \/>\nKuma\u015f: %100 Pamuk<br \/>\nKullan\u0131m Alan\u0131: G\u00fcnl\u00fck Giyim<\/p>\n<p>Koton erkek bebek giyim koleksiyonu sevimli tasar\u0131mlar\u0131yla miniklerin kalbini \u00e7al\u0131yor! Koton Kids ile e\u011flenceli ve enerjik bebek koleksiyonunu ke\u015ffedin!<\/p>\n<p>\u00dcr\u00fcnlerimiz kimyasallara kar\u015f\u0131 test edilerek, t\u00fcm g\u00fcvenlik kurallar\u0131na uygun olarak \u00fcretilir. \u00dcr\u00fcnlerimizde sa\u011fl\u0131\u011fa zararl\u0131 boyalar ve a\u011f\u0131r metaller, tehlikeli yutulabilecek k\u00fc\u00e7\u00fck ve keskin par\u00e7alar, kordon ve ba\u011fc\u0131klar bulunmamaktad\u0131r.<\/p>\n","protected":false},"excerpt":{"rendered":"<p>Pamuklu kuma\u015f\u0131 ve oversize kal\u0131b\u0131yla \u00f6ne \u00e7\u0131kan ti\u015f\u00f6rt, miniklere g\u00fcn boyu rahatl\u0131k sunuyor. K\u0131sa kollu ve bisiklet yaka tasar\u0131m\u0131 sayesinde yaz aylar\u0131 i\u00e7in ideal bir se\u00e7enek olan ti\u015f\u00f6rt, miniklerin enerjisini yans\u0131t\u0131yor. G\u00fcnl\u00fck kullan\u0131ma uygun yap\u0131s\u0131yla dikkat \u00e7eken tasar\u0131m, ebeveynlerin de favorisi oluyor. \u00dcr\u00fcn \u00d6zellikleri Kol Tipi: K\u0131sa Kol Yaka Tipi: Bisiklet Yaka Detay: Bask\u0131l\u0131 Fit: [&hellip;]<\/p>\n","protected":false},"featured_media":149400,"comment_status":"open","ping_status":"closed","template":"","meta":[],"product_brand":[],"product_cat":[8739,8694,8742,8697,8700],"product_tag":[8110,7354,7930],"class_list":{"0":"post-149403","1":"product","2":"type-product","3":"status-publish","4":"has-post-thumbnail","6":"product_cat-erkek-cocuklar-2-14-yas","7":"product_cat-cocuklar","8":"product_cat-tisortler-gomlekler","9":"product_cat-yenidogan-0-12-ay","10":"product_cat-yenidogan-giyim","11":"product_tag-bisiklet-yaka-2","12":"product_tag-gunluk-giyim-2","13":"product_tag-oversize-kalip","14":"pa_brand-koton","15":"pa_color-kahverengi-desenli","16":"pa_size-12-18-ay-2","17":"pa_size-18-24-ay-2","18":"pa_size-24-36-ay-2","19":"pa_size-3-4-yas-2","20":"pa_size-4-5-yas-2","22":"first","23":"instock","24":"sale","25":"shipping-taxable","26":"purchasable","27":"product-type-variable"},"_links":{"self":[{"href":"https:\/\/mod.wisdar.net\/tr\/wp-json\/wp\/v2\/product\/149403","targetHints":{"allow":["GET"]}}],"collection":[{"href":"https:\/\/mod.wisdar.net\/tr\/wp-json\/wp\/v2\/product"}],"about":[{"href":"https:\/\/mod.wisdar.net\/tr\/wp-json\/wp\/v2\/types\/product"}],"replies":[{"embeddable":true,"href":"https:\/\/mod.wisdar.net\/tr\/wp-json\/wp\/v2\/comments?post=149403"}],"wp:featuredmedia":[{"embeddable":true,"href":"https:\/\/mod.wisdar.net\/tr\/wp-json\/wp\/v2\/media\/149400"}],"wp:attachment":[{"href":"https:\/\/mod.wisdar.net\/tr\/wp-json\/wp\/v2\/media?parent=149403"}],"wp:term":[{"taxonomy":"product_brand","embeddable":true,"href":"https:\/\/mod.wisdar.net\/tr\/wp-json\/wp\/v2\/product_brand?post=149403"},{"taxonomy":"product_cat","embeddable":true,"href":"https:\/\/mod.wisdar.net\/tr\/wp-json\/wp\/v2\/product_cat?post=149403"},{"taxonomy":"product_tag","embeddable":true,"href":"https:\/\/mod.wisdar.net\/tr\/wp-json\/wp\/v2\/product_tag?post=149403"}],"curies":[{"name":"wp","href":"https:\/\/api.w.org\/{rel}","templated":true}]}}